{"id":23987,"date":"2025-10-28T07:46:51","date_gmt":"2025-10-28T07:46:51","guid":{"rendered":"https:\/\/reinosdetaifas.co.uk\/?post_type=product&#038;p=23987"},"modified":"2026-02-01T19:36:40","modified_gmt":"2026-02-01T19:36:40","slug":"ahm-safasir-triple-estuche-regalo-aceite-de-oliva","status":"publish","type":"product","link":"https:\/\/reinosdetaifas.com\/uk\/es\/250ml-es\/ahm-safasir-triple-estuche-regalo-aceite-de-oliva\/","title":{"rendered":"AHM Safasir Triple &#8211; Estuche Regalo Aceite de Oliva"},"content":{"rendered":"<h3><strong>AHM Safasir Triple \u2013 Aceite de Oliva Virgen Extra Estuche de Regalo 3x250ml (Arbequina, Hojiblanca &amp; <\/strong><strong>Picual)<\/strong><\/h3>\n<p data-start=\"105\" data-end=\"235\">Disfrute de <strong>una experiencia de degustaci\u00f3n de aceite de oliva de primera calidad con estuche regalo aceite de oliva<\/strong>, que contiene <strong>tres botellas de cristales, 250 ml<\/strong> de aceite de oliva virgen extra monovarietal espa\u00f1ol: <strong>Arbequina, Hojiblanca y Picual<\/strong>. Presentado en una elegante <strong>caja reciclable<\/strong>, es perfecto para regalar o compartir un viaje de degustaci\u00f3n con <strong>amigos y familiares<\/strong>.<\/p>\n<p data-start=\"105\" data-end=\"235\">\u2714 <strong>Fresco Nueva Cosecha (2024\/2025)<\/strong> \u2013 Disfruta de los sabores m\u00e1s puros con el aceite de oliva virgen extra <strong>reci\u00e9n extra\u00eddo en fr\u00edo<\/strong> de esta temporada.<\/p>\n<p data-start=\"237\" data-end=\"377\">\u2714 <strong>Sin filtrar para obtener el m\u00e1ximo sabor y nutrientes<\/strong> \u2013 Conserva m\u00e1s antioxidantes naturales, polifenoles y ricos aromas para una experiencia de degustaci\u00f3n aut\u00e9ntica.<\/p>\n<p data-start=\"379\" data-end=\"553\">\u2714 <strong>Tres aceites monovarietales<\/strong> \u2013 Incluye botellas de 250 ml de Arbequina (suave y afrutado), Hojiblanca (suave y hierba) y Picual (atrevido y picante), perfecto para l<strong>a degustaci\u00f3n de aceite de oliva<\/strong>.<\/p>\n<p data-start=\"555\" data-end=\"678\">\u2714 <strong>Vers\u00e1til para cocinar y maridar<\/strong> \u2013 Ideal para rociar sobre ensaladas, mojar con pan o realzar platos gourmet.<\/p>\n<p data-start=\"680\" data-end=\"807\">\u2714 <strong>Envasado listo para regalar<\/strong> \u2013 Se presenta en una bonita caja reciclable que <strong>no requiere envoltorio<\/strong>, perfecta para regalar sin esfuerzo.<\/p>\n","protected":false},"excerpt":{"rendered":"<p>Descubra el arte de la cata de aceite de oliva con este estuche regalo aceite de oliva premium, que contiene tres botellas de 250 ml de aceite de oliva virgen extra monovarietal espa\u00f1ol -Arbequina, Hojiblanca y Picual &#8211; cada una con su propio perfil de sabor. Perfecto para la cocina gourmet, para regalar o para realzar cualquier plato.<\/p>\n<ul>\n<li>\ud83d\ude9a Env\u00edo Gratuito<\/li>\n<li>\ud83d\udd12 Pago Seguro<\/li>\n<li>\u21a9\ufe0f Devoluci\u00f3nes Gratuitas<\/li>\n<\/ul>\n","protected":false},"featured_media":23967,"comment_status":"open","ping_status":"closed","template":"","meta":[],"product_brand":[239],"product_cat":[246,235,102,233],"product_tag":[],"class_list":{"0":"post-23987","1":"product","2":"type-product","3":"status-publish","4":"has-post-thumbnail","6":"product_brand-reinos-de-taifas-es","7":"product_cat-250ml-es","8":"product_cat-regalo","9":"product_cat-monovarietal-es","10":"product_cat-surtido","12":"first","13":"instock","14":"taxable","15":"shipping-taxable","16":"purchasable","17":"product-type-variable"},"_links":{"self":[{"href":"https:\/\/reinosdetaifas.com\/uk\/es\/wp-json\/wp\/v2\/product\/23987","targetHints":{"allow":["GET"]}}],"collection":[{"href":"https:\/\/reinosdetaifas.com\/uk\/es\/wp-json\/wp\/v2\/product"}],"about":[{"href":"https:\/\/reinosdetaifas.com\/uk\/es\/wp-json\/wp\/v2\/types\/product"}],"replies":[{"embeddable":true,"href":"https:\/\/reinosdetaifas.com\/uk\/es\/wp-json\/wp\/v2\/comments?post=23987"}],"wp:featuredmedia":[{"embeddable":true,"href":"https:\/\/reinosdetaifas.com\/uk\/es\/wp-json\/wp\/v2\/media\/23967"}],"wp:attachment":[{"href":"https:\/\/reinosdetaifas.com\/uk\/es\/wp-json\/wp\/v2\/media?parent=23987"}],"wp:term":[{"taxonomy":"product_brand","embeddable":true,"href":"https:\/\/reinosdetaifas.com\/uk\/es\/wp-json\/wp\/v2\/product_brand?post=23987"},{"taxonomy":"product_cat","embeddable":true,"href":"https:\/\/reinosdetaifas.com\/uk\/es\/wp-json\/wp\/v2\/product_cat?post=23987"},{"taxonomy":"product_tag","embeddable":true,"href":"https:\/\/reinosdetaifas.com\/uk\/es\/wp-json\/wp\/v2\/product_tag?post=23987"}],"curies":[{"name":"wp","href":"https:\/\/api.w.org\/{rel}","templated":true}]}}