{"id":23968,"date":"2025-04-07T10:53:45","date_gmt":"2025-04-07T09:53:45","guid":{"rendered":"https:\/\/reinosdetaifas.co.uk\/?post_type=product&#038;p=23968"},"modified":"2026-01-13T20:45:04","modified_gmt":"2026-01-13T20:45:04","slug":"hhh-alfanje-triple","status":"publish","type":"product","link":"https:\/\/reinosdetaifas.com\/uk\/es\/monovarietal-es\/hojiblanca-es\/hhh-alfanje-triple\/","title":{"rendered":"HHH Alfanje Triple Aceite de Oliva Virgen Extra 5L 3 Garrafas"},"content":{"rendered":"<h3><strong>HHH Alfanje Triple &#8211; 3x5L Aceite de Oliva Virgen Extra (Hojiblanca)<\/strong><\/h3>\n<p>Descubra la excelencia de <strong>HHH Alfanje Triple<\/strong>, una selecci\u00f3n premium de <strong>aceite de oliva a granel<\/strong> con t<strong>res botellas Hojiblanca de 5L<\/strong>. Cultivado, cosechado y embotellado en <strong>nuestra finca y almazara familiar de Castro del R\u00edo, Espa\u00f1a, desde 1700<\/strong>, este <strong>aceite de oliva virgen extra<\/strong> prensado en fr\u00edo <strong>garantiza aut\u00e9ntica calidad y frescura<\/strong>.<\/p>\n<h4><strong>\u00bfQu\u00e9 incluye?<\/strong><\/h4>\n<ul>\n<li><strong>TRES<\/strong> botellas de Aceite de Oliva Virgen Extra 5L &#8211; Equilibrado y arom\u00e1tico, ligeramente amargo y fresco, sabor herbal.<\/li>\n<\/ul>\n<h4><strong>\u00bfPor qu\u00e9 elegir HHH Alfanje Triple?<\/strong><\/h4>\n<p>\u2714 <strong>Propiedad familiar desde 1700<\/strong> &#8211; Supervisamos cada paso, desde el cuidado del olivo hasta el embotellado, garantizando la m\u00e1xima calidad.<\/p>\n<p>\u2714 <strong>100% Cultivado y Molturado en Casa<\/strong> &#8211; Nuestras aceitunas son cultivadas y procesadas en nuestra propia tierra y almazara en <strong>Castro del R\u00edo, Espa\u00f1a.<\/strong><\/p>\n<p>\u2714 <strong>Aceite de oliva de primera calidad prensado en fr\u00edo<\/strong> &#8211; Extra\u00eddo mediante m\u00e9todos tradicionales para conservar los nutrientes y el sabor.<\/p>\n<p>\u2714 <strong>Vers\u00e1til y sabroso<\/strong> &#8211; <strong>Hojiblanca<\/strong> ofrece un <strong>equilibrio armonioso de suavidad y complejidad<\/strong>, con notas herb\u00e1ceas y un final ligeramente picante que complementa tanto platos crudos como cocinados.<\/p>\n<p>\u2714 <strong>Tama\u00f1o a granel para mayor comodidad<\/strong> &#8211; <strong>Tres botellas de 5 litros<\/strong> proporcionan un suministro econ\u00f3mico, <strong>ayudando a reducir los residuos de envases y las emisiones de CO\u2082<\/strong> al tiempo que ofrece un gran valor para el aceite de oliva de alta calidad.<\/p>\n<p>\u2714 <strong>Envasado sostenible<\/strong> &#8211; Se presenta en <strong>botellas de PET reciclables<\/strong>, que conservan la frescura al tiempo que reducen los residuos.<\/p>\n<p>\u2714 <strong>100% Natural y Puro<\/strong> &#8211; Sin aditivos, solo puro <strong>aceite de oliva virgen extra espa\u00f1ol<\/strong> con los m\u00e1ximos nutrientes.<\/p>\n<p>\u2714 <strong>Perfecto para cualquier cocina<\/strong> &#8211; Ideal para cocineros caseros, chefs profesionales y amantes de la cocina mediterr\u00e1nea.<\/p>\n<p>\u2714 <strong>Env\u00edo gratuito<\/strong> &#8211; Env\u00edo sin complicaciones, directamente a la puerta de tu casa.<\/p>\n<p><strong>Sabor y Aroma<\/strong><\/p>\n<ul>\n<li><strong>Hojiblanca<\/strong>: Suave y arom\u00e1tico con notas de hierba reci\u00e9n cortada, manzana verde y hierbas. Ligeramente amargo con un agradable final picante y un frescor persistente que realza tanto los platos crudos como los cocinados.<\/li>\n<\/ul>\n<p><strong>Mejor uso<\/strong><\/p>\n<ul>\n<li><strong>Rociar<\/strong>: Realza ensaladas, pan y platos de pasta.<\/li>\n<li><strong>Cocinar<\/strong>: A\u00f1ade profundidad a carnes, verduras y mariscos a la parrilla.<\/li>\n<li><strong>Fre\u00edr<\/strong>: Su alto punto de humo hace que sea excelente para fre\u00edr en sart\u00e9n o a fuego lento.<\/li>\n<li>La Hojiblanca es excelente para salteados, ali\u00f1os y gazpachos.<\/li>\n<\/ul>\n<p><strong>Consejos de conservaci\u00f3n<\/strong><\/p>\n<ul>\n<li>Conservar en <strong>un lugar fresco y oscuro<\/strong> para mantener la calidad.<\/li>\n<li>Cerrar bien la botella despu\u00e9s de cada uso para evitar la oxidaci\u00f3n.<\/li>\n<li>Una vez abierto, consumir antes de 18 meses para obtener el mejor sabor y beneficios para la salud.<\/li>\n<\/ul>\n<p>Con <strong>HHH Alfanje Triple<\/strong>, no s\u00f3lo est\u00e1 comprando <strong>aceite de oliva de 5 litros<\/strong>, sino que est\u00e1 experimentando siglos de tradici\u00f3n, pasi\u00f3n y el mejor aceite de oliva virgen extra espa\u00f1ol, elaborado por nuestra familia desde el \u00e1rbol hasta la botella.<\/p>\n","protected":false},"excerpt":{"rendered":"<p><span style=\"color: #333333;\">HHH Alfanje triple incluye<\/span> tres garrafas<span style=\"color: #333333;\">\u00a0de <\/span>5L de aceite de oliva virgen extra espa\u00f1ol monovarietal Hojiblanca<span style=\"color: #333333;\">\u00a0elaborado en nuestra <\/span>finca y almazara familiar de Castro del R\u00edo, Espa\u00f1a, desde 1700<span style=\"color: #333333;\">. Envasado en <\/span>botellas PET reciclables<span style=\"color: #333333;\"> con <\/span>env\u00edo GRATIS<span style=\"color: #333333;\">.<\/span><\/p>\n<div><\/div>\n<ul>\n<li>\ud83d\ude9a Env\u00edo Gratuito<\/li>\n<li>\ud83d\udd12 Pago Seguro<\/li>\n<li>\u21a9\ufe0f Devoluci\u00f3nes Gratuitas<\/li>\n<\/ul>\n","protected":false},"featured_media":23965,"comment_status":"open","ping_status":"closed","template":"","meta":[],"product_brand":[],"product_cat":[244,237,102],"product_tag":[],"class_list":{"0":"post-23968","1":"product","2":"type-product","3":"status-publish","4":"has-post-thumbnail","6":"product_cat-15l-es","7":"product_cat-hojiblanca-es","8":"product_cat-monovarietal-es","10":"first","11":"outofstock","12":"taxable","13":"shipping-taxable","14":"purchasable","15":"product-type-simple"},"_links":{"self":[{"href":"https:\/\/reinosdetaifas.com\/uk\/es\/wp-json\/wp\/v2\/product\/23968","targetHints":{"allow":["GET"]}}],"collection":[{"href":"https:\/\/reinosdetaifas.com\/uk\/es\/wp-json\/wp\/v2\/product"}],"about":[{"href":"https:\/\/reinosdetaifas.com\/uk\/es\/wp-json\/wp\/v2\/types\/product"}],"replies":[{"embeddable":true,"href":"https:\/\/reinosdetaifas.com\/uk\/es\/wp-json\/wp\/v2\/comments?post=23968"}],"wp:featuredmedia":[{"embeddable":true,"href":"https:\/\/reinosdetaifas.com\/uk\/es\/wp-json\/wp\/v2\/media\/23965"}],"wp:attachment":[{"href":"https:\/\/reinosdetaifas.com\/uk\/es\/wp-json\/wp\/v2\/media?parent=23968"}],"wp:term":[{"taxonomy":"product_brand","embeddable":true,"href":"https:\/\/reinosdetaifas.com\/uk\/es\/wp-json\/wp\/v2\/product_brand?post=23968"},{"taxonomy":"product_cat","embeddable":true,"href":"https:\/\/reinosdetaifas.com\/uk\/es\/wp-json\/wp\/v2\/product_cat?post=23968"},{"taxonomy":"product_tag","embeddable":true,"href":"https:\/\/reinosdetaifas.com\/uk\/es\/wp-json\/wp\/v2\/product_tag?post=23968"}],"curies":[{"name":"wp","href":"https:\/\/api.w.org\/{rel}","templated":true}]}}