{"id":23256,"date":"2023-10-25T17:44:03","date_gmt":"2023-10-25T16:44:03","guid":{"rendered":"https:\/\/reinosdetaifas.co.uk\/?post_type=product&#038;p=23256"},"modified":"2026-03-01T18:47:42","modified_gmt":"2026-03-01T18:47:42","slug":"ahm-alfanje-triple","status":"publish","type":"product","link":"https:\/\/reinosdetaifas.com\/uk\/es\/monovarietal-es\/arbequina-es\/ahm-alfanje-triple\/","title":{"rendered":"AHM Alfanje Triple Aceite de Oliva Virgen Extra 5L 3 Garrafas"},"content":{"rendered":"<h3><strong>AHM Alfanje Triple &#8211; Aceite de Oliva Virgen Extra 3x5L (Arbequina, Hojiblanca &amp; Picual)<\/strong><\/h3>\n<div>Descubra la excelencia de <strong>AHM Alfanje Triple<\/strong>, una selecci\u00f3n premium de <strong>aceite de oliva a granel<\/strong> con <strong>una botella Arbequina de 5L, una botella Hojiblanca de 5L<\/strong> y <strong>una botella Picual de 5L<\/strong>. Cultivado, cosechado y embotellado en <strong>nuestra finca y almazara familiar de Castro del R\u00edo, Espa\u00f1a, desde 1700<\/strong>, este <strong>aceite de oliva virgen extra prensado en fr\u00edo<\/strong> garantiza <strong>aut\u00e9ntica calidad y frescura<\/strong>.<\/div>\n<div><\/div>\n<div><strong>\u00bfQu\u00e9 incluye?<\/strong><\/div>\n<div>\n<ul>\n<li><strong>UNA botella de Aceite de Oliva Virgen Extra Arbequina 5L <\/strong>&#8211; Suave y afrutado, perfecto para ensaladas y platos delicados.<\/li>\n<li><strong>UNA botella de Aceite de Oliva Virgen Extra Hojiblanca 5L<\/strong> &#8211; Equilibrado y arom\u00e1tico, con un ligero amargor y un sabor fresco y herb\u00e1ceo.<\/li>\n<li><strong>UNA botella de Aceite de Oliva Virgen Extra Picual 5L<\/strong> &#8211; Audaz, robusto y picante, ideal para cocinar, fre\u00edr y realzar sabores ricos.<\/li>\n<\/ul>\n<h4><strong>\u00bfPor qu\u00e9 elegir AHM Alfanje Triple?<\/strong><\/h4>\n<div>\u2714 <strong>Propiedad familiar desde 1700<\/strong> &#8211; Supervisamos cada paso, desde el cuidado del olivo hasta el embotellado, garantizando la m\u00e1xima calidad.<\/div>\n<\/div>\n<div><\/div>\n<div>\n<div>\u2714 <strong>Cultivado y molturado en casa<\/strong> &#8211; Producido en nuestras propias tierras en <strong>Castro del R\u00edo, Espa\u00f1a<\/strong>, garantizando una trazabilidad completa.<\/div>\n<\/div>\n<div><\/div>\n<div>\n<div>\u2714 <strong>Aceite de oliva virgen extra prensado en fr\u00edo<\/strong> &#8211; Extra\u00eddo utilizando m\u00e9todos tradicionales de prensado en fr\u00edo para retener los nutrientes y el sabor.<\/div>\n<\/div>\n<div><\/div>\n<div>\n<div>\u2714 <strong>Vers\u00e1til y sabrosa<\/strong> \u2013 Una mezcla perfecta <strong>del delicado sabor de la Arbequina<\/strong>, <strong>el equilibrado aroma de la Hojiblanca<\/strong> y <strong>el intenso car\u00e1cter de la Picual.<\/strong><\/div>\n<\/div>\n<div><\/div>\n<div>\n<div>\u2714 <strong>Tama\u00f1o a granel para mayor comodidad<\/strong> \u2013 Tres<strong> botellas de 5 litros<\/strong> proporcionan un suministro econ\u00f3mico, <strong>ayudando a reducir los residuos de envases<\/strong> <strong>y las emisiones de CO\u2082<\/strong> al tiempo que ofrece un gran valor para el aceite de oliva de alta calidad.<\/div>\n<\/div>\n<div><\/div>\n<div>\n<div>\u2714 <strong>Envasado sostenible<\/strong> &#8211; Se presenta en<strong> botellas de PET reciclable<\/strong>, que conserva la frescura y reduce los residuos.<\/div>\n<\/div>\n<div><\/div>\n<div>\n<div>\u2714 <strong>100% Natural y Puro<\/strong> &#8211; Sin aditivos, solo puro <strong>aceite de oliva virgen extra espa\u00f1ol<\/strong> con los m\u00e1ximos nutrientes.<\/div>\n<\/div>\n<div><\/div>\n<div>\n<div>\u2714 <strong>Perfecto para uso dom\u00e9stico y profesional<\/strong> &#8211; Ideal para cocineros caseros, chefs y amantes de la cocina mediterr\u00e1nea.<\/div>\n<\/div>\n<div><\/div>\n<div>\n<div>\u2714 <strong>Env\u00edo gratuito<\/strong> &#8211; Env\u00edo sin complicaciones, directamente a la puerta de tu casa.<\/div>\n<h4><\/h4>\n<h4><strong>Sabor y Aroma<\/strong><\/h4>\n<ul>\n<li><strong>Arbequina<\/strong>: Suave, mantecoso, con toques de almendra y manzana.<\/li>\n<li><strong>Hojiblanca<\/strong>: Suave y herbal, con un final fresco y ligeramente picante.<\/li>\n<li><strong>Picual<\/strong>: Fuerte, picante, ligeramente amargo, con un rico aroma a aceituna verde.<\/li>\n<\/ul>\n<h4><strong>Mejores usos<\/strong><\/h4>\n<ul>\n<li><strong>Rociar<\/strong>: Realza ensaladas, pan y platos de pasta.<\/li>\n<li><strong>Cocinar<\/strong>: A\u00f1ade profundidad a las carnes, verduras y mariscos a la parrilla.<\/li>\n<li><strong>Fre\u00edr<\/strong>: Su alto punto de humo lo hace excelente para fre\u00edr en sart\u00e9n o a fuego lento.<\/li>\n<li>La arbequina se utiliza mejor para hacer mayonesa y la picual para fre\u00edr.<\/li>\n<\/ul>\n<h4><strong>Consejos de conservaci\u00f3n<\/strong><\/h4>\n<ul>\n<li>Conservar en <strong>un lugar fresco y oscuro<\/strong> para mantener la calidad.<\/li>\n<li>Cerrar bien la botella despu\u00e9s de cada uso para evitar la oxidaci\u00f3n.<\/li>\n<li>Una vez abierto, consumir antes de 18 meses para obtener el mejor sabor y beneficios para la salud.<\/li>\n<\/ul>\n<div>Con <strong>AHM Alfanje Triple<\/strong>, no s\u00f3lo est\u00e1 comprando <strong>aceite de oliva 5 litros<\/strong> &#8211; est\u00e1 experimentando siglos de tradici\u00f3n, pasi\u00f3n y el mejor aceite de oliva virgen extra espa\u00f1ol, elaborado del \u00e1rbol a la botella por nuestra familia.<\/div>\n<\/div>\n","protected":false},"excerpt":{"rendered":"<p><span style=\"color: #333333;\">AHM Alfanje triple incluye<\/span> tres garrafas<span style=\"color: #333333;\">\u00a0de <\/span>5L de aceite de oliva virgen extra espa\u00f1ol monovarietal Arbequina, Hojiblanca y Picual<span style=\"color: #333333;\">, elaborado en nuestra <\/span>finca y almazara familiar de Castro del R\u00edo, Espa\u00f1a, desde 1700<span style=\"color: #333333;\">. Envasado en <\/span>botellas PET reciclables<span style=\"color: #333333;\"> con <\/span>env\u00edo GRATIS<span style=\"color: #333333;\">.<\/span><\/p>\n<div><\/div>\n<ul>\n<li>\ud83d\ude9a Env\u00edo Gratuito<\/li>\n<li>\ud83d\udd12 Pago Seguro<\/li>\n<li>\u21a9\ufe0f Devoluci\u00f3nes Gratuitas<\/li>\n<\/ul>\n","protected":false},"featured_media":23945,"comment_status":"open","ping_status":"closed","template":"","meta":[],"product_brand":[239],"product_cat":[244,228,237,102,229,233],"product_tag":[],"class_list":{"0":"post-23256","1":"product","2":"type-product","3":"status-publish","4":"has-post-thumbnail","6":"product_brand-reinos-de-taifas-es","7":"product_cat-15l-es","8":"product_cat-arbequina-es","9":"product_cat-hojiblanca-es","10":"product_cat-monovarietal-es","11":"product_cat-picual-es","12":"product_cat-surtido","14":"first","15":"instock","16":"taxable","17":"shipping-taxable","18":"purchasable","19":"product-type-simple"},"_links":{"self":[{"href":"https:\/\/reinosdetaifas.com\/uk\/es\/wp-json\/wp\/v2\/product\/23256","targetHints":{"allow":["GET"]}}],"collection":[{"href":"https:\/\/reinosdetaifas.com\/uk\/es\/wp-json\/wp\/v2\/product"}],"about":[{"href":"https:\/\/reinosdetaifas.com\/uk\/es\/wp-json\/wp\/v2\/types\/product"}],"replies":[{"embeddable":true,"href":"https:\/\/reinosdetaifas.com\/uk\/es\/wp-json\/wp\/v2\/comments?post=23256"}],"wp:featuredmedia":[{"embeddable":true,"href":"https:\/\/reinosdetaifas.com\/uk\/es\/wp-json\/wp\/v2\/media\/23945"}],"wp:attachment":[{"href":"https:\/\/reinosdetaifas.com\/uk\/es\/wp-json\/wp\/v2\/media?parent=23256"}],"wp:term":[{"taxonomy":"product_brand","embeddable":true,"href":"https:\/\/reinosdetaifas.com\/uk\/es\/wp-json\/wp\/v2\/product_brand?post=23256"},{"taxonomy":"product_cat","embeddable":true,"href":"https:\/\/reinosdetaifas.com\/uk\/es\/wp-json\/wp\/v2\/product_cat?post=23256"},{"taxonomy":"product_tag","embeddable":true,"href":"https:\/\/reinosdetaifas.com\/uk\/es\/wp-json\/wp\/v2\/product_tag?post=23256"}],"curies":[{"name":"wp","href":"https:\/\/api.w.org\/{rel}","templated":true}]}}