{"id":24903,"date":"2026-03-24T16:48:03","date_gmt":"2026-03-24T16:48:03","guid":{"rendered":"https:\/\/reinosdetaifas.com\/uk\/?page_id=24903"},"modified":"2026-03-30T21:18:32","modified_gmt":"2026-03-30T20:18:32","slug":"aviso-legal-uk","status":"publish","type":"page","link":"https:\/\/reinosdetaifas.com\/uk\/es\/aviso-legal-uk\/","title":{"rendered":"Aviso legal (Reino Unido)"},"content":{"rendered":"\n<!DOCTYPE html>\n<html>\n<head>\n<style>\n  .legal-document { font-family: Arial, sans-serif; font-size: 15px; line-height: 1.7; color: #333; max-width: 860px; margin: 0 auto; padding: 20px; }\n  .legal-document h1 { font-size: 28px; color: #2E4057; border-bottom: 2px solid #2E4057; padding-bottom: 10px; margin-bottom: 6px; }\n  .legal-document h2 { font-size: 18px; color: #2E4057; margin-top: 36px; margin-bottom: 10px; }\n  .legal-document p { margin-bottom: 14px; }\n  .legal-document ul { margin: 10px 0 16px 20px; padding: 0; }\n  .legal-document ul li { margin-bottom: 6px; }\n  .legal-document .meta { font-size: 13px; color: #888; font-style: italic; margin-bottom: 30px; }\n  .legal-document .data-block { background: #f7f7f7; border-left: 3px solid #2E4057; padding: 14px 18px; margin: 16px 0; border-radius: 2px; }\n  .legal-document .data-block p { margin-bottom: 6px; }\n  .legal-document .divider { border: none; border-top: 1px solid #ddd; margin: 30px 0; }\n  .legal-document strong { color: #222; }\n<\/style>\n<\/head>\n<body>\n<div class=\"legal-document\">\n\n  <h1>Aviso Legal<\/h1>\n  <p class=\"meta\">\u00daltima actualizaci\u00f3n: marzo de 2026<\/p>\n\n  <h2>1. Informaci\u00f3n de la Empresa<\/h2>\n  <p>Esta tienda online (<strong>reinosdetaifas.com\/uk<\/strong>) est\u00e1 operada por Reinos de Taifas Ltd, una empresa registrada en Inglaterra y Gales.<\/p>\n  <div class=\"data-block\">\n    <p><strong>Denominaci\u00f3n social:<\/strong> Reinos de Taifas Ltd<\/p>\n    <p><strong>N\u00famero de registro:<\/strong> 13446546<\/p>\n    <p><strong>Domicilio social:<\/strong><br>\n    Reinos de Taifas Ltd<br>\n    124 City Road<br>\n    London, EC1V 2NX<br>\n    Reino Unido<\/p>\n    <p><strong>Email:<\/strong> <a href=\"mailto:info@reinosdetaifas.com\">info@reinosdetaifas.com<\/a><\/p>\n    <p><strong>Sitio web:<\/strong> <a href=\"https:\/\/reinosdetaifas.com\/uk\">https:\/\/reinosdetaifas.com\/uk<\/a><\/p>\n  <\/div>\n  <p>Reinos de Taifas Ltd forma parte del grupo Reinos de Taifas, que opera tambi\u00e9n el sitio web principal (<a href=\"https:\/\/reinosdetaifas.com\">reinosdetaifas.com<\/a>) y la tienda para la Uni\u00f3n Europea (<a href=\"https:\/\/reinosdetaifas.com\/eu\">reinosdetaifas.com\/eu<\/a>) a trav\u00e9s de su empresa hermana Reinos de Taifas Europa SLU, registrada en Espa\u00f1a (CIF: ESB67704676).<\/p>\n\n  <hr class=\"divider\">\n\n  <h2>2. Propiedad Intelectual<\/h2>\n  <p>Todos los contenidos de este sitio web \u2014 incluyendo, entre otros, textos, im\u00e1genes, logotipos, gr\u00e1ficos, v\u00eddeos y software \u2014 son propiedad de Reinos de Taifas Ltd o de sus licenciantes, y est\u00e1n protegidos por la legislaci\u00f3n aplicable en materia de propiedad intelectual en el Reino Unido e internacionalmente.<\/p>\n  <p>Queda expresamente prohibida su reproducci\u00f3n, distribuci\u00f3n, comunicaci\u00f3n p\u00fablica o transformaci\u00f3n sin autorizaci\u00f3n previa y por escrito.<\/p>\n  <p>La marca y el logotipo \u00abReinos de Taifas\u00bb son marcas registradas. Su uso no autorizado est\u00e1 prohibido.<\/p>\n\n  <hr class=\"divider\">\n\n  <h2>3. Limitaci\u00f3n de Responsabilidad<\/h2>\n  <p>Reinos de Taifas Ltd realiza todos los esfuerzos razonables para garantizar la exactitud y actualidad de la informaci\u00f3n publicada en este sitio web, pero no garantiza la ausencia de errores ni la exhaustividad de los contenidos.<\/p>\n  <p>Reinos de Taifas Ltd no se hace responsable de los da\u00f1os que pudieran derivarse del uso de este sitio web o de la informaci\u00f3n contenida en el mismo, en la medida permitida por la legislaci\u00f3n del Reino Unido.<\/p>\n  <p>Los enlaces a sitios web de terceros se facilitan \u00fanicamente a efectos informativos. Reinos de Taifas Ltd no se responsabiliza del contenido de los sitios web externos.<\/p>\n\n  <hr class=\"divider\">\n\n  <h2>4. Legislaci\u00f3n Aplicable<\/h2>\n  <p>Este sitio web y cualquier disputa o reclamaci\u00f3n derivada del mismo se regir\u00e1n por las leyes de Inglaterra y Gales.<\/p>\n  <p>Cualquier controversia derivada del uso de este sitio web o de las compras realizadas a trav\u00e9s del mismo estar\u00e1 sujeta a la jurisdicci\u00f3n exclusiva de los tribunales de Inglaterra y Gales, salvo que la normativa de protecci\u00f3n de consumidores aplicable establezca otra cosa.<\/p>\n  <p>Como consumidor residente en el Reino Unido, usted se beneficia de las protecciones previstas en la legislaci\u00f3n de protecci\u00f3n al consumidor del Reino Unido, incluyendo la Consumer Rights Act 2015 y las Consumer Contracts (Information, Cancellation and Additional Charges) Regulations 2013.<\/p>\n\n  <hr class=\"divider\">\n\n  <h2>5. Contacto<\/h2>\n  <p>Para cualquier consulta relacionada con este Aviso Legal, puede contactar con nosotros en:<\/p>\n  <div class=\"data-block\">\n    <p><strong>Email:<\/strong> <a href=\"mailto:info@reinosdetaifas.com\">info@reinosdetaifas.com<\/a><\/p>\n    <p><strong>Direcci\u00f3n postal:<\/strong><br>\n    Reinos de Taifas Ltd<br>\n    124 City Road<br>\n    London, EC1V 2NX<br>\n    Reino Unido<\/p>\n  <\/div>\n\n<\/div>\n<\/body>\n<\/html>\n","protected":false},"excerpt":{"rendered":"<div class=\"uxb-post-excerpt\">\n<div class=\"uxb-post-excerpt\">\n<div class=\"uxb-post-excerpt\">\n<div class=\"uxb-post-excerpt\">\n<div class=\"uxb-post-excerpt\">\n<div class=\"uxb-post-excerpt\">\n<div class=\"uxb-post-excerpt\">\n<div class=\"uxb-post-excerpt\">\n<div class=\"uxb-post-excerpt\">\n<div class=\"uxb-post-excerpt\">\n<div class=\"uxb-post-excerpt\">\n<div class=\"uxb-post-excerpt\">\n<div class=\"uxb-post-excerpt\">\n<div class=\"uxb-post-excerpt\">\n<div class=\"uxb-post-excerpt\">\n<div class=\"uxb-post-excerpt\">\n<div class=\"uxb-post-excerpt\">\n<div class=\"uxb-post-excerpt\">\n<div class=\"uxb-post-excerpt\">\n<div class=\"uxb-post-excerpt\">\n<div class=\"uxb-post-excerpt\">\n<div class=\"uxb-post-excerpt\">\n<div class=\"uxb-post-excerpt\">\n<div class=\"uxb-post-excerpt\">\n<div class=\"uxb-post-excerpt\">\n<div class=\"uxb-post-excerpt\">\n<div class=\"uxb-post-excerpt\">\n<div class=\"uxb-post-excerpt\">\n<div class=\"uxb-post-excerpt\">\n<div class=\"uxb-post-excerpt\">\n<div class=\"uxb-post-excerpt\">\n<div class=\"uxb-post-excerpt\">\n<div class=\"uxb-post-excerpt\">\n<div class=\"uxb-post-excerpt\">\n<div class=\"uxb-post-excerpt\">\n<div class=\"uxb-post-excerpt\">\n<div class=\"uxb-post-excerpt\">\n<div class=\"uxb-post-excerpt\">\n<div class=\"uxb-post-excerpt\">\n<div class=\"uxb-post-excerpt\">\n<div class=\"uxb-post-excerpt\">\n<div class=\"uxb-post-excerpt\">\n<div class=\"uxb-post-excerpt\">\n<div class=\"uxb-post-excerpt\">\n<div class=\"uxb-post-excerpt\">\n<div class=\"uxb-post-excerpt\">\n<div class=\"uxb-post-excerpt\">\n<div class=\"uxb-post-excerpt\">\n<div class=\"uxb-post-excerpt\">\n<div class=\"uxb-post-excerpt\">\n<div class=\"uxb-post-excerpt\">\n<div class=\"uxb-post-excerpt\">\n<div class=\"uxb-post-excerpt\">\n<div class=\"uxb-post-excerpt\">\n<div class=\"uxb-post-excerpt\">\n<div class=\"uxb-post-excerpt\">\n<div class=\"uxb-post-excerpt\">\n<div class=\"uxb-post-excerpt\">\n<div class=\"uxb-post-excerpt\">\n<div class=\"uxb-post-excerpt\">\n<div class=\"uxb-post-excerpt\">\n<div class=\"uxb-post-excerpt\">\n<div class=\"uxb-post-excerpt\">\n<div class=\"uxb-post-excerpt\">\n<div class=\"uxb-post-excerpt\">\n<div class=\"uxb-post-excerpt\">\n<div class=\"uxb-post-excerpt\">\n<div class=\"uxb-post-excerpt\">\n<div class=\"uxb-post-excerpt\">\n<div class=\"uxb-post-excerpt\">\n<div class=\"uxb-post-excerpt\">\n<div class=\"uxb-post-excerpt\">\n<div class=\"uxb-post-excerpt\">\n<div class=\"uxb-post-excerpt\">\n<div class=\"uxb-post-excerpt\">\n<div class=\"uxb-post-excerpt\">\n<div class=\"uxb-post-excerpt\">\n<div class=\"uxb-post-excerpt\">\n<div class=\"uxb-post-excerpt\">\n<div class=\"uxb-post-excerpt\">\n<div class=\"uxb-post-excerpt\">\n<div class=\"uxb-post-excerpt\">\n<div class=\"uxb-post-excerpt\">\n<div class=\"uxb-post-excerpt\">\n<div class=\"uxb-post-excerpt\">\n<div class=\"uxb-post-excerpt\">\n<div class=\"uxb-post-excerpt\">\n<div class=\"uxb-post-excerpt\">\n<div class=\"uxb-post-excerpt\">\n<div class=\"uxb-post-excerpt\">\n<div class=\"uxb-post-excerpt\">\n<div class=\"uxb-post-excerpt\">\n<div class=\"uxb-post-excerpt\">\n<div class=\"uxb-post-excerpt\">\n<div class=\"uxb-post-excerpt\">\n<div class=\"uxb-post-excerpt\">\n<div class=\"uxb-post-excerpt\">\n<div class=\"uxb-post-excerpt\">\n<div class=\"uxb-post-excerpt\">\n<div class=\"uxb-post-excerpt\">\n<div class=\"uxb-post-excerpt\">\n<div class=\"uxb-post-excerpt\">\n<div class=\"uxb-post-excerpt\">\n<div class=\"uxb-post-excerpt\">\n<div class=\"uxb-post-excerpt\">\n<div class=\"uxb-post-excerpt\">\n<div class=\"uxb-post-excerpt\">\n<div class=\"uxb-post-excerpt\">\n<div class=\"uxb-post-excerpt\">\n<div class=\"uxb-post-excerpt\">\n<div class=\"uxb-post-excerpt\">\n<div class=\"uxb-post-excerpt\">\n<div class=\"uxb-post-excerpt\">\n<div class=\"uxb-post-excerpt\">\n<div class=\"uxb-post-excerpt\">\n<div class=\"uxb-post-excerpt\">\n<div class=\"uxb-post-excerpt\">\n<div class=\"uxb-post-excerpt\">\n<div class=\"uxb-post-excerpt\">\n<div class=\"uxb-post-excerpt\">\n<div class=\"uxb-post-excerpt\">\n<div class=\"uxb-post-excerpt\">\n<div class=\"uxb-post-excerpt\">\n<div class=\"uxb-post-excerpt\">\n<div class=\"uxb-post-excerpt\">\n<div class=\"uxb-post-excerpt\">\n<div class=\"uxb-post-excerpt\">\n<div class=\"uxb-post-excerpt\">\n<div class=\"uxb-post-excerpt\">\n<div class=\"uxb-post-excerpt\">\n<div class=\"uxb-post-excerpt\">\n<div class=\"uxb-post-excerpt\">\n<div class=\"uxb-post-excerpt\">\n<div class=\"uxb-post-excerpt\">\n<div class=\"uxb-post-excerpt\">\n<div class=\"uxb-post-excerpt\">\n<div class=\"uxb-post-excerpt\">\n<div class=\"uxb-post-excerpt\">\n<div class=\"uxb-post-excerpt\">\n<div class=\"uxb-post-excerpt\">\n<div class=\"uxb-post-excerpt\">\n<div class=\"uxb-post-excerpt\">\n<div class=\"uxb-post-excerpt\">\n<div class=\"uxb-post-excerpt\">\n<div class=\"uxb-post-excerpt\">\n<div class=\"uxb-post-excerpt\">\n<div class=\"uxb-post-excerpt\">\n<div class=\"uxb-post-excerpt\">\n<div class=\"uxb-post-excerpt\">\n<div class=\"uxb-post-excerpt\">\n<div class=\"uxb-post-excerpt\">\n<div class=\"uxb-post-excerpt\">\n<div class=\"uxb-post-excerpt\">\n<div class=\"uxb-post-excerpt\">\n<div class=\"uxb-post-excerpt\">\n<div class=\"uxb-post-excerpt\">\n<div class=\"uxb-post-excerpt\">\n<div class=\"uxb-post-excerpt\">\n<div class=\"uxb-post-excerpt\">\n<div class=\"uxb-post-excerpt\">\n<div class=\"uxb-post-excerpt\">\n<div class=\"uxb-post-excerpt\">\n<div class=\"uxb-post-excerpt\">\n<div class=\"uxb-post-excerpt\">\n<div class=\"uxb-post-excerpt\">\n<div class=\"uxb-post-excerpt\">\n<div class=\"uxb-post-excerpt\">\n<div class=\"uxb-post-excerpt\">\n<div class=\"uxb-post-excerpt\">\n<div class=\"uxb-post-excerpt\">\n<div class=\"uxb-post-excerpt\">\n<div class=\"uxb-post-excerpt\">\n<div class=\"uxb-post-excerpt\">\n<div class=\"uxb-post-excerpt\">\n<div class=\"uxb-post-excerpt\">\n<div class=\"uxb-post-excerpt\">\n<div class=\"uxb-post-excerpt\">\n<div class=\"uxb-post-excerpt\">\n<div class=\"uxb-post-excerpt\">\n<div class=\"uxb-post-excerpt\">\n<div class=\"uxb-post-excerpt\">\n<div class=\"uxb-post-excerpt\">\n<div class=\"uxb-post-excerpt\">\n<div class=\"uxb-post-excerpt\">\n<div class=\"uxb-post-excerpt\"><\/div>\n<\/div>\n<\/div>\n<\/div>\n<\/div>\n<\/div>\n<\/div>\n<\/div>\n<\/div>\n<\/div>\n<\/div>\n<\/div>\n<\/div>\n<\/div>\n<\/div>\n<\/div>\n<\/div>\n<\/div>\n<\/div>\n<\/div>\n<\/div>\n<\/div>\n<\/div>\n<\/div>\n<\/div>\n<\/div>\n<\/div>\n<\/div>\n<\/div>\n<\/div>\n<\/div>\n<\/div>\n<\/div>\n<\/div>\n<\/div>\n<\/div>\n<\/div>\n<\/div>\n<\/div>\n<\/div>\n<\/div>\n<\/div>\n<\/div>\n<\/div>\n<\/div>\n<\/div>\n<\/div>\n<\/div>\n<\/div>\n<\/div>\n<\/div>\n<\/div>\n<\/div>\n<\/div>\n<\/div>\n<\/div>\n<\/div>\n<\/div>\n<\/div>\n<\/div>\n<\/div>\n<\/div>\n<\/div>\n<\/div>\n<\/div>\n<\/div>\n<\/div>\n<\/div>\n<\/div>\n<\/div>\n<\/div>\n<\/div>\n<\/div>\n<\/div>\n<\/div>\n<\/div>\n<\/div>\n<\/div>\n<\/div>\n<\/div>\n<\/div>\n<\/div>\n<\/div>\n<\/div>\n<\/div>\n<\/div>\n<\/div>\n<\/div>\n<\/div>\n<\/div>\n<\/div>\n<\/div>\n<\/div>\n<\/div>\n<\/div>\n<\/div>\n<\/div>\n<\/div>\n<\/div>\n<\/div>\n<\/div>\n<\/div>\n<\/div>\n<\/div>\n<\/div>\n<\/div>\n<\/div>\n<\/div>\n<\/div>\n<\/div>\n<\/div>\n<\/div>\n<\/div>\n<\/div>\n<\/div>\n<\/div>\n<\/div>\n<\/div>\n<\/div>\n<\/div>\n<\/div>\n<\/div>\n<\/div>\n<\/div>\n<\/div>\n<\/div>\n<\/div>\n<\/div>\n<\/div>\n<\/div>\n<\/div>\n<\/div>\n<\/div>\n<\/div>\n<\/div>\n<\/div>\n<\/div>\n<\/div>\n<\/div>\n<\/div>\n<\/div>\n<\/div>\n<\/div>\n<\/div>\n<\/div>\n<\/div>\n<\/div>\n<\/div>\n<\/div>\n<\/div>\n<\/div>\n<\/div>\n<\/div>\n<\/div>\n<\/div>\n<\/div>\n<\/div>\n<\/div>\n<\/div>\n<\/div>\n<\/div>\n<\/div>\n<\/div>\n<\/div>\n<\/div>\n<\/div>\n<\/div>\n<\/div>\n<\/div>\n<\/div>\n<\/div>\n<\/div>\n<\/div>\n<\/div>\n<\/div>\n<\/div>\n<\/div>\n<\/div>\n<\/div>\n<\/div>\n<\/div>\n<\/div>\n<\/div>\n<\/div>\n<\/div>\n","protected":false},"author":14,"featured_media":0,"parent":0,"menu_order":0,"comment_status":"closed","ping_status":"closed","template":"page-blank-title-center.php","meta":{"footnotes":""},"class_list":["post-24903","page","type-page","status-publish","hentry"],"_links":{"self":[{"href":"https:\/\/reinosdetaifas.com\/uk\/es\/wp-json\/wp\/v2\/pages\/24903","targetHints":{"allow":["GET"]}}],"collection":[{"href":"https:\/\/reinosdetaifas.com\/uk\/es\/wp-json\/wp\/v2\/pages"}],"about":[{"href":"https:\/\/reinosdetaifas.com\/uk\/es\/wp-json\/wp\/v2\/types\/page"}],"author":[{"embeddable":true,"href":"https:\/\/reinosdetaifas.com\/uk\/es\/wp-json\/wp\/v2\/users\/14"}],"replies":[{"embeddable":true,"href":"https:\/\/reinosdetaifas.com\/uk\/es\/wp-json\/wp\/v2\/comments?post=24903"}],"version-history":[{"count":6,"href":"https:\/\/reinosdetaifas.com\/uk\/es\/wp-json\/wp\/v2\/pages\/24903\/revisions"}],"predecessor-version":[{"id":25020,"href":"https:\/\/reinosdetaifas.com\/uk\/es\/wp-json\/wp\/v2\/pages\/24903\/revisions\/25020"}],"wp:attachment":[{"href":"https:\/\/reinosdetaifas.com\/uk\/es\/wp-json\/wp\/v2\/media?parent=24903"}],"curies":[{"name":"wp","href":"https:\/\/api.w.org\/{rel}","templated":true}]}}