{"id":24399,"date":"2025-11-07T09:11:08","date_gmt":"2025-11-07T09:11:08","guid":{"rendered":"https:\/\/reinosdetaifas.com\/uk\/?page_id=24399"},"modified":"2026-05-04T18:59:22","modified_gmt":"2026-05-04T17:59:22","slug":"black-friday-reino-unido","status":"publish","type":"page","link":"https:\/\/reinosdetaifas.com\/uk\/es\/black-friday-reino-unido\/","title":{"rendered":"Black Friday Reino Unido"},"content":{"rendered":"\n\n\n\t<section class=\"section\" id=\"section_1630476288\">\n\t\t<div class=\"section-bg fill\" >\n\t\t\t\t\t\t\t\t\t\n\t\t\t\n\n\t\t<\/div>\n\n\t\t\n\n\t\t<div class=\"section-content relative\">\n\t\t\t\n\n\n  <div class=\"banner has-hover\" id=\"banner-1195911647\">\n          <div class=\"banner-inner fill\">\n        <div class=\"banner-bg fill\" >\n                                                \n                    <\/div>\n\t\t\n        <div class=\"banner-layers container\">\n            <div class=\"fill banner-link\"><\/div>            \n\n   <div id=\"text-box-521927079\" class=\"text-box banner-layer x50 md-x50 lg-x50 y100 md-y90 lg-y90 res-text\">\n                                <div class=\"text-box-content text \">\n              \n              <div class=\"text-inner text-center\">\n                  \n\n<div class=\"container section-title-container hidden\" ><h1 class=\"section-title section-title-center\"><b aria-hidden=\"true\"><\/b><span class=\"section-title-main\" style=\"font-size:90%;\">Black Friday Europe<\/span><b aria-hidden=\"true\"><\/b><\/h1><\/div>\n\n<h2><strong>Black Friday al estilo mediterr\u00e1neo<\/strong><\/h2>\n<p>Ap\u00fantate a la lista de <strong>Black Friday en mayo<\/strong> y te avisaremos a tiempo de nuestra oferta en aceite de oliva virgen extra andaluz, monovarietal, con ese sabor que notas desde el primer d\u00eda en tostadas con tomate, ensaladas, guisos o un domingo de arroz en casa, aunque ahora vivas en Reino Unido.<\/p>\n\n              <\/div>\n           <\/div>\n                            \n<style>\n#text-box-521927079 {\n  width: 100%;\n}\n#text-box-521927079 .text-box-content {\n  font-size: 100%;\n}\n<\/style>\n    <\/div>\n \n\n        <\/div>\n      <\/div>\n\n            \n<style>\n#banner-1195911647 {\n  padding-top: 180px;\n  background-color: rgb(255,255,255);\n}\n@media (min-width:550px) {\n  #banner-1195911647 {\n    padding-top: 180px;\n  }\n}\n<\/style>\n  <\/div>\n\n\n<div class=\"row align-center\"  id=\"row-1260372704\">\n\n\n\t<div id=\"col-1514780636\" class=\"col hide-for-medium medium-4 small-12 large-4\"  >\n\t\t\t\t<div class=\"col-inner\"  >\n\t\t\t\n\t\t\t\n\n\t<div class=\"img has-hover x md-x lg-x y md-y lg-y\" id=\"image_768485324\">\n\t\t\t\t\t\t\t\t<div class=\"img-inner dark\" >\n\t\t\t<img decoding=\"async\" width=\"768\" height=\"1024\" src=\"https:\/\/reinosdetaifas.com\/uk\/wp-content\/uploads\/2025\/04\/burratasalad.1200x1600-768x1024.webp\" class=\"attachment-medium_large size-medium_large\" alt=\"burrata salad with olive oil, ensalada burrata con aceite de oliva\" srcset=\"https:\/\/reinosdetaifas.com\/uk\/wp-content\/uploads\/2025\/04\/burratasalad.1200x1600-768x1024.webp 768w, https:\/\/reinosdetaifas.com\/uk\/wp-content\/uploads\/2025\/04\/burratasalad.1200x1600-225x300.webp 225w, https:\/\/reinosdetaifas.com\/uk\/wp-content\/uploads\/2025\/04\/burratasalad.1200x1600-247x329.webp 247w, https:\/\/reinosdetaifas.com\/uk\/wp-content\/uploads\/2025\/04\/burratasalad.1200x1600-520x693.webp 520w, https:\/\/reinosdetaifas.com\/uk\/wp-content\/uploads\/2025\/04\/burratasalad.1200x1600.webp 810w\" sizes=\"(max-width: 768px) 100vw, 768px\" title=\"\">\t\t\t\t\t\t\n\t\t\t\t\t<\/div>\n\t\t\t\t\t\t\t\t\n<style>\n#image_768485324 {\n  width: 80%;\n}\n<\/style>\n\t<\/div>\n\t\n\n\n\t\t<\/div>\n\t\t\t\t\t<\/div>\n\n\t\n\n\t<div id=\"col-554679879\" class=\"col medium-4 small-12 large-4\"  >\n\t\t\t\t<div class=\"col-inner\"  >\n\t\t\t\n\t\t\t\n\n<div class=\"klaviyo-form-TTeBum\"><\/div>\n\n\t\t<\/div>\n\t\t\t\t\t<\/div>\n\n\t\n\n\t<div id=\"col-648455206\" class=\"col show-for-medium medium-4 small-12 large-4\"  >\n\t\t\t\t<div class=\"col-inner text-center\"  >\n\t\t\t\n\t\t\t\n\n\t<div class=\"img has-hover x md-x lg-x y md-y lg-y\" id=\"image_362916931\">\n\t\t\t\t\t\t\t\t<div class=\"img-inner dark\" >\n\t\t\t\t\t\t\t\t\t\n\t\t\t\t\t<\/div>\n\t\t\t\t\t\t\t\t\n<style>\n#image_362916931 {\n  width: 70%;\n}\n@media (min-width:550px) {\n  #image_362916931 {\n    width: 100%;\n  }\n}\n<\/style>\n\t<\/div>\n\t\n\n\n\t\t<\/div>\n\t\t\t\t\t<\/div>\n\n\t\n\n\t<div id=\"col-511209098\" class=\"col medium-4 small-12 large-4\"  >\n\t\t\t\t<div class=\"col-inner\"  >\n\t\t\t\n\t\t\t\n\n<p class=\"my-2 &#091;&amp;+p&#093;:mt-4 &#091;&amp;_strong:has(+br)&#093;:inline-block &#091;&amp;_strong:has(+br)&#093;:pb-2\"><strong>\u00bfPor qu\u00e9 apuntarte a la lista de Black Friday?<\/strong><\/p>\n<ul class=\"marker:text-quiet list-disc pl-8\">\n<li class=\"py-0 my-0 prose-p:pt-0 prose-p:mb-2 prose-p:my-0 &#091;&amp;&gt;p&#093;:pt-0 &#091;&amp;&gt;p&#093;:mb-2 &#091;&amp;&gt;p&#093;:my-0\">\n<p>Te avisaremos a tiempo de la oferta de Black Friday en mayo.<\/p>\n<\/li>\n<li class=\"py-0 my-0 prose-p:pt-0 prose-p:mb-2 prose-p:my-0 &#091;&amp;&gt;p&#093;:pt-0 &#091;&amp;&gt;p&#093;:mb-2 &#091;&amp;&gt;p&#093;:my-0\">\n<p>Aceite de oliva virgen extra andaluz, monovarietal y con origen claro<\/p>\n<\/li>\n<li class=\"py-0 my-0 prose-p:pt-0 prose-p:mb-2 prose-p:my-0 &#091;&amp;&gt;p&#093;:pt-0 &#091;&amp;&gt;p&#093;:mb-2 &#091;&amp;&gt;p&#093;:my-0\">\n<p>Para seguir comiendo como en Espa\u00f1a, aunque lleves a\u00f1os viviendo en Reino Unido<\/p>\n<\/li>\n<li class=\"py-0 my-0 prose-p:pt-0 prose-p:mb-2 prose-p:my-0 &#091;&amp;&gt;p&#093;:pt-0 &#091;&amp;&gt;p&#093;:mb-2 &#091;&amp;&gt;p&#093;:my-0\">\n<p>Env\u00edo r\u00e1pido desde nuestro almac\u00e9n en UK, sin aduanas ni sorpresas<\/p>\n<\/li>\n<\/ul>\n\n\t\t<\/div>\n\t\t\t\t\n<style>\n#col-511209098 > .col-inner {\n  padding: 0px 20px 0px 20px;\n}\n<\/style>\n\t<\/div>\n\n\t\n\n\t<div id=\"col-956627365\" class=\"col small-12 large-12\"  >\n\t\t\t\t<div class=\"col-inner\"  >\n\t\t\t\n\t\t\t\n\n<p class=\"my-2 &#091;&amp;+p&#093;:mt-4 &#091;&amp;_strong:has(+br)&#093;:inline-block &#091;&amp;_strong:has(+br)&#093;:pb-2\" style=\"text-align: center;\"><strong>Un buen aceite cambia platos sencillos<\/strong><\/p>\n<p class=\"my-2 &#091;&amp;+p&#093;:mt-4 &#091;&amp;_strong:has(+br)&#093;:inline-block &#091;&amp;_strong:has(+br)&#093;:pb-2\" style=\"text-align: center;\">Un chorrito sobre unas tostadas con tomate, una ensalada, unas verduras al horno o ese plato sencillo que repites entre semana puede hacer que la cocina en Reino Unido se sienta un poco m\u00e1s como la de casa. Ese es el tipo de aceite que queremos en tu mesa este Black Friday en mayo.<\/p>\n\n\t\t<\/div>\n\t\t\t\t\t<\/div>\n\n\t\n\n<\/div>\n<div class=\"row align-center\"  id=\"row-913699424\">\n\n\n\t<div id=\"col-1034517762\" class=\"col medium-10 small-11 large-12\"  >\n\t\t\t\t<div class=\"col-inner\"  >\n\t\t\t\n\t\t\t\n\n\t<div id=\"text-4262372482\" class=\"text\">\n\t\t\n\n<div class=\"cr-trustbadgef\"><div class=\"cr-badge badge_size_small cr-trustbadge-border\" style=\"background-color:#ffffff;\">\n\n\t<div class=\"badge__store\">Reinos de Taifas UK - Monovarietal Spanish extra virgin olive oil specialist online shop<\/div>\n\n\t<div class=\"badge__nowrap\">\n\t\t<div class=\"badge__stars\">\n\t\t\t\t\t\t\t<div class=\"badge__star\">\n\t\t\t\t\t<div class=\"badge__star-icon badge__star-icon_type_empty\"><\/div>\n\t\t\t\t\t<div class=\"badge__star-icon badge__star-icon_type_fill\" style=\"width: 100%\"><\/div>\n\t\t\t\t<\/div>\n\t\t\t\t\t\t\t<div class=\"badge__star\">\n\t\t\t\t\t<div class=\"badge__star-icon badge__star-icon_type_empty\"><\/div>\n\t\t\t\t\t<div class=\"badge__star-icon badge__star-icon_type_fill\" style=\"width: 100%\"><\/div>\n\t\t\t\t<\/div>\n\t\t\t\t\t\t\t<div class=\"badge__star\">\n\t\t\t\t\t<div class=\"badge__star-icon badge__star-icon_type_empty\"><\/div>\n\t\t\t\t\t<div class=\"badge__star-icon badge__star-icon_type_fill\" style=\"width: 100%\"><\/div>\n\t\t\t\t<\/div>\n\t\t\t\t\t\t\t<div class=\"badge__star\">\n\t\t\t\t\t<div class=\"badge__star-icon badge__star-icon_type_empty\"><\/div>\n\t\t\t\t\t<div class=\"badge__star-icon badge__star-icon_type_fill\" style=\"width: 100%\"><\/div>\n\t\t\t\t<\/div>\n\t\t\t\t\t\t\t<div class=\"badge__star\">\n\t\t\t\t\t<div class=\"badge__star-icon badge__star-icon_type_empty\"><\/div>\n\t\t\t\t\t<div class=\"badge__star-icon badge__star-icon_type_fill\" style=\"width: 94%\"><\/div>\n\t\t\t\t<\/div>\n\t\t\t\t\t<\/div>\n\n\t\t<div class=\"badge__verified verified\">\n\t\t\t<div class=\"verified__logo\"><\/div>\n\t\t\t<div class=\"verified__text\">Lo que dicen nuestros clientes<\/div>\n\t\t<\/div>\n\t<\/div>\n\n\t<div class=\"badge__rating rating\">\n\t\t\t\t\t<span class=\"rating__store\">4.94 valoraci\u00f3n<\/span> <span class=\"rating__reviews\">(127 rese\u00f1as)<\/span>\n\t\t\t<\/div>\n\n\t\t\t<span class=\"badge__link\"><\/span>\n\t\n<\/div>\n<\/div>\n\t\t\n<style>\n#text-4262372482 {\n  text-align: center;\n}\n<\/style>\n\t<\/div>\n\t\n\t<div id=\"gap-1239870281\" class=\"gap-element clearfix\" style=\"display:block; height:auto;\">\n\t\t\n<style>\n#gap-1239870281 {\n  padding-top: 30px;\n}\n<\/style>\n\t<\/div>\n\t\n\n<h4><strong>Preguntas frecuentes<\/strong><\/h4>\n<div class=\"accordion\">\n\n\t<div id=\"accordion-71911102\" class=\"accordion-item\">\n\t\t<a id=\"accordion-71911102-label\" class=\"accordion-title plain\" href=\"#accordion-item-\u00bfqu\u00e9-recibir\u00e9-si-me-apunto-a-la-lista?\" aria-expanded=\"false\" aria-controls=\"accordion-71911102-content\">\n\t\t\t<button class=\"toggle\" aria-label=\"Toggle\"><i class=\"icon-angle-down\" aria-hidden=\"true\"><\/i><\/button>\n\t\t\t<span>\u00bfQu\u00e9 recibir\u00e9 si me apunto a la lista?<\/span>\n\t\t<\/a>\n\t\t<div id=\"accordion-71911102-content\" class=\"accordion-inner\" aria-labelledby=\"accordion-71911102-label\">\n\t\t\t\n\n<p>Te avisaremos a tiempo de la oferta de Black Friday de Reinos de Taifas, para que no tengas que estar pendiente ni llegar tarde.<\/p>\n\n\t\t<\/div>\n\t<\/div>\n\t\n\t<div id=\"accordion-3739160621\" class=\"accordion-item\">\n\t\t<a id=\"accordion-3739160621-label\" class=\"accordion-title plain\" href=\"#accordion-item-\u00bfhac\u00e9is-env\u00edos-dentro-de-reino-unido?\" aria-expanded=\"false\" aria-controls=\"accordion-3739160621-content\">\n\t\t\t<button class=\"toggle\" aria-label=\"Toggle\"><i class=\"icon-angle-down\" aria-hidden=\"true\"><\/i><\/button>\n\t\t\t<span>\u00bfHac\u00e9is env\u00edos dentro de Reino Unido?<\/span>\n\t\t<\/a>\n\t\t<div id=\"accordion-3739160621-content\" class=\"accordion-inner\" aria-labelledby=\"accordion-3739160621-label\">\n\t\t\t\n\n<p>S\u00ed. Enviamos a todo Reino Unido desde nuestro almac\u00e9n en UK, para que puedas tener aceite de oliva virgen extra andaluz en casa sin complicarte.<\/p>\n\n\t\t<\/div>\n\t<\/div>\n\t\n\t<div id=\"accordion-4058504632\" class=\"accordion-item\">\n\t\t<a id=\"accordion-4058504632-label\" class=\"accordion-title plain\" href=\"#accordion-item-\u00bfhay-aduanas-o-sorpresas-con-el-env\u00edo-en-uk?\" aria-expanded=\"false\" aria-controls=\"accordion-4058504632-content\">\n\t\t\t<button class=\"toggle\" aria-label=\"Toggle\"><i class=\"icon-angle-down\" aria-hidden=\"true\"><\/i><\/button>\n\t\t\t<span>\u00bfHay aduanas o sorpresas con el env\u00edo en UK?<\/span>\n\t\t<\/a>\n\t\t<div id=\"accordion-4058504632-content\" class=\"accordion-inner\" aria-labelledby=\"accordion-4058504632-label\">\n\t\t\t\n\n<p class=\"my-2 &#091;&amp;+p&#093;:mt-4 &#091;&amp;_strong:has(+br)&#093;:inline-block &#091;&amp;_strong:has(+br)&#093;:pb-2\">No. Los pedidos de clientes en Reino Unido se gestionan desde nuestro almac\u00e9n local, as\u00ed que el env\u00edo es claro y sin aduanas ni cargos raros.<\/p>\n\n\t\t<\/div>\n\t<\/div>\n\t\n\t<div id=\"accordion-1825836406\" class=\"accordion-item\">\n\t\t<a id=\"accordion-1825836406-label\" class=\"accordion-title plain\" href=\"#accordion-item-\u00bfde-d\u00f3nde-viene-vuestro-aceite?\" aria-expanded=\"false\" aria-controls=\"accordion-1825836406-content\">\n\t\t\t<button class=\"toggle\" aria-label=\"Toggle\"><i class=\"icon-angle-down\" aria-hidden=\"true\"><\/i><\/button>\n\t\t\t<span>\u00bfDe d\u00f3nde viene vuestro aceite?<\/span>\n\t\t<\/a>\n\t\t<div id=\"accordion-1825836406-content\" class=\"accordion-inner\" aria-labelledby=\"accordion-1825836406-label\">\n\t\t\t\n\n<p class=\"my-2 &#091;&amp;+p&#093;:mt-4 &#091;&amp;_strong:has(+br)&#093;:inline-block &#091;&amp;_strong:has(+br)&#093;:pb-2\">Es aceite de oliva virgen extra andaluz, con origen claro y variedades monovarietales para que elijas el que mejor encaja contigo.<\/p>\n\n\t\t<\/div>\n\t<\/div>\n\t\n\t<div id=\"accordion-985577440\" class=\"accordion-item\">\n\t\t<a id=\"accordion-985577440-label\" class=\"accordion-title plain\" href=\"#accordion-item-\u00bfqu\u00e9-aceite-me-puede-encajar-mejor?\" aria-expanded=\"false\" aria-controls=\"accordion-985577440-content\">\n\t\t\t<button class=\"toggle\" aria-label=\"Toggle\"><i class=\"icon-angle-down\" aria-hidden=\"true\"><\/i><\/button>\n\t\t\t<span>\u00bfQu\u00e9 aceite me puede encajar mejor?<\/span>\n\t\t<\/a>\n\t\t<div id=\"accordion-985577440-content\" class=\"accordion-inner\" aria-labelledby=\"accordion-985577440-label\">\n\t\t\t\n\n<p>Si te gusta un aceite m\u00e1s suave y vers\u00e1til, Arbequina suele ser una opci\u00f3n muy c\u00f3moda para el d\u00eda a d\u00eda. Si prefieres un sabor m\u00e1s intenso y con m\u00e1s car\u00e1cter, Picual funciona muy bien en tostadas, ensaladas y platos con m\u00e1s fuerza.<\/p>\n\n\t\t<\/div>\n\t<\/div>\n\t\n\t<div id=\"accordion-3484825499\" class=\"accordion-item\">\n\t\t<a id=\"accordion-3484825499-label\" class=\"accordion-title plain\" href=\"#accordion-item-\u00bfpor-qu\u00e9-apuntarme-si-todav\u00eda-no-voy-a-comprar-hoy?\" aria-expanded=\"false\" aria-controls=\"accordion-3484825499-content\">\n\t\t\t<button class=\"toggle\" aria-label=\"Toggle\"><i class=\"icon-angle-down\" aria-hidden=\"true\"><\/i><\/button>\n\t\t\t<span>\u00bfPor qu\u00e9 apuntarme si todav\u00eda no voy a comprar hoy?<\/span>\n\t\t<\/a>\n\t\t<div id=\"accordion-3484825499-content\" class=\"accordion-inner\" aria-labelledby=\"accordion-3484825499-label\">\n\t\t\t\n\n<p>Porque as\u00ed te enteras de la oferta a tiempo y, si cuando llegue el momento te apetece volver a llenar la despensa \u201ccomo en Espa\u00f1a\u201d, lo tendr\u00e1s muy f\u00e1cil.<\/p>\n\n\t\t<\/div>\n\t<\/div>\n\t\n\n<\/div>\n\n\t\t<\/div>\n\t\t\t\t\t<\/div>\n\n\t\n\n<\/div>\n<div class=\"row\"  id=\"row-1728842171\">\n\n\n\t<div id=\"col-1994713846\" class=\"col small-12 large-12\"  >\n\t\t\t\t<div class=\"col-inner text-center\"  >\n\t\t\t\n\t<div class=\"is-border\"\n\t\tstyle=\"border-width:5px 5px 5px 5px;\">\n\t<\/div>\n\t\t\t\n\n<h5 style=\"text-align: center;\"><strong>Si te queda alguna duda, escr\u00edbenos por WhatsApp. Estaremos encantados de ayudarte <\/strong><img decoding=\"async\" class=\"alignnone wp-image-35928\" src=\"https:\/\/reinosdetaifas.com\/wp-content\/uploads\/2024\/12\/smiley-smile-2-copia.svg\" alt=\"\" height=\"20\" title=\"\"><\/h5>\n\n\t\t<\/div>\n\t\t\t\t\n<style>\n#col-1994713846 > .col-inner {\n  padding: 30px 30px 30px 30px;\n}\n<\/style>\n\t<\/div>\n\n\t\n\n<\/div>\n\n\t\t<\/div>\n\n\t\t\n<style>\n#section_1630476288 {\n  padding-top: 30px;\n  padding-bottom: 30px;\n}\n<\/style>\n\t<\/section>\n\t\n\n","protected":false},"excerpt":{"rendered":"","protected":false},"author":14,"featured_media":0,"parent":0,"menu_order":0,"comment_status":"closed","ping_status":"closed","template":"page-blank-landingpage.php","meta":{"footnotes":""},"class_list":["post-24399","page","type-page","status-publish","hentry"],"_links":{"self":[{"href":"https:\/\/reinosdetaifas.com\/uk\/es\/wp-json\/wp\/v2\/pages\/24399","targetHints":{"allow":["GET"]}}],"collection":[{"href":"https:\/\/reinosdetaifas.com\/uk\/es\/wp-json\/wp\/v2\/pages"}],"about":[{"href":"https:\/\/reinosdetaifas.com\/uk\/es\/wp-json\/wp\/v2\/types\/page"}],"author":[{"embeddable":true,"href":"https:\/\/reinosdetaifas.com\/uk\/es\/wp-json\/wp\/v2\/users\/14"}],"replies":[{"embeddable":true,"href":"https:\/\/reinosdetaifas.com\/uk\/es\/wp-json\/wp\/v2\/comments?post=24399"}],"version-history":[{"count":30,"href":"https:\/\/reinosdetaifas.com\/uk\/es\/wp-json\/wp\/v2\/pages\/24399\/revisions"}],"predecessor-version":[{"id":25460,"href":"https:\/\/reinosdetaifas.com\/uk\/es\/wp-json\/wp\/v2\/pages\/24399\/revisions\/25460"}],"wp:attachment":[{"href":"https:\/\/reinosdetaifas.com\/uk\/es\/wp-json\/wp\/v2\/media?parent=24399"}],"curies":[{"name":"wp","href":"https:\/\/api.w.org\/{rel}","templated":true}]}}