{"id":5563,"date":"2016-12-21T17:49:57","date_gmt":"2016-12-21T16:49:57","guid":{"rendered":"https:\/\/reinosdetaifas.es\/buy-spanish-olive-oil-online-shop\/uncategorized\/aceite-de-oliva-picual-alfanje-caja-3-x-5000ml-garrafas\/"},"modified":"2026-01-31T11:05:16","modified_gmt":"2026-01-31T10:05:16","slug":"picual-alfanje-triple","status":"publish","type":"product","link":"https:\/\/reinosdetaifas.com\/eu\/es\/monovarietal-es\/picual-es\/picual-alfanje-triple\/","title":{"rendered":"Picual Alfanje Triple Aceite de Oliva Virgen Extra 5L 3 Garrafas"},"content":{"rendered":"<h3><strong>Picual Alfanje Triple &#8211; Aceite de oliva virgen extra 3x5L (Picual)<\/strong><\/h3>\n<div><strong>Picual Alfanje Triple<\/strong> es una selecci\u00f3n premium de <strong>tres botellas de 5 litros de aceite de oliva virgen extra Picual<\/strong>, producido en nuestra <strong>finca y almazara familiar de Castro del R\u00edo, Espa\u00f1a, desde 1700<\/strong>. Cuidadosamente <strong>prensado en fr\u00edo<\/strong> para obtener la m\u00e1xima calidad,<strong> este aceite de oliva espa\u00f1ol, fuerte y robusto<\/strong>, es perfecto para cocinar, fre\u00edr y realzar los platos mediterr\u00e1neos.<\/div>\n<div><\/div>\n<div><strong>\u00bfQu\u00e9 incluye?<\/strong><\/div>\n<div>\n<ul>\n<li><strong>TRES botellas de 5L de Aceite de Oliva Virgen Extra Picual<\/strong> &#8211; Fuerte y picante, con profundas notas de <strong>aceitunas verdes, hojas de tomate y hierbas frescas.<\/strong><\/li>\n<\/ul>\n<h4><strong>\u00bfPor qu\u00e9 elegir Picual Alfanje Triple?<\/strong><\/h4>\n<div>\u2714 <strong>100% Picual Monovarietal<\/strong> &#8211; Elaborado exclusivamente con <strong>aceitunas Picual<\/strong>, conocidas por su sabor fuerte y picante.<\/div>\n<\/div>\n<div><\/div>\n<div>\n<div>\u2714 <strong>Propiedad familiar desde 1700<\/strong> &#8211; Supervisamos todo, desde el cultivo de las aceitunas hasta el embotellado del aceite.<\/div>\n<\/div>\n<div><\/div>\n<div>\n<div>\u2714 <strong>Cultivado y molturado en casa<\/strong> &#8211; Producido en nuestras propias tierras en <strong>Castro del R\u00edo, Espa\u00f1a<\/strong>, garantizando una trazabilidad completa.<\/div>\n<\/div>\n<div><\/div>\n<div>\n<div>\u2714 <strong>Aceite de oliva virgen extra prensado en fr\u00edo<\/strong> &#8211; Extra\u00eddo de forma natural para conservar los nutrientes y el sabor.<\/div>\n<\/div>\n<div><\/div>\n<div>\n<div>\u2714 <strong>Atrevido y sabroso<\/strong> &#8211; Alto contenido en antioxidantes, con <strong>un sabor robusto, ligeramente amargo y picante<\/strong>.<\/div>\n<\/div>\n<div><\/div>\n<div>\n<div>\u2714 <strong>Tama\u00f1o a granel para mayor comodidad<\/strong> &#8211; <strong>Tres botellas de 5 litros<\/strong> ayudan a reducir los residuos de envases y las emisiones de CO\u2082 al tiempo que ofrece un gran valor.<\/div>\n<\/div>\n<div><\/div>\n<div>\n<div>\u2714 <strong>Envasado sostenible<\/strong> &#8211; Se presenta en<strong> botellas de PET reciclable<\/strong>, que conserva la frescura y reduce los residuos.<\/div>\n<\/div>\n<div><\/div>\n<div>\n<div>\u2714 <strong>100% Natural y Puro<\/strong> &#8211; Sin aditivos, s\u00f3lo puro <strong>aceite de oliva virgen extra Picual<\/strong>.<\/div>\n<\/div>\n<div><\/div>\n<div>\n<div>\u2714 <strong>Perfecto para uso dom\u00e9stico y profesional<\/strong> &#8211; Ideal para cocineros caseros, chefs y amantes de la cocina mediterr\u00e1nea.<\/div>\n<\/div>\n<div><\/div>\n<div>\n<div>\u2714 <strong>Env\u00edo gratuito<\/strong> &#8211; Env\u00edo sin complicaciones, directamente a la puerta de tu casa.<\/div>\n<h4><\/h4>\n<h4><strong>Sabor y aroma<\/strong><\/h4>\n<ul>\n<li>Fuerte y picante, con notas profundas de <strong>aceitunas verdes, hojas de tomate y hierbas frescas<\/strong>.<\/li>\n<li><strong>Amargor equilibrado y un toque picante<\/strong> que da profundidad a cualquier plato.<\/li>\n<\/ul>\n<h4><strong>Mejores usos<\/strong><\/h4>\n<ul>\n<li><strong>Para cocinar<\/strong>: A\u00f1ade un rico sabor a las carnes, verduras y guisos a la parrilla.<\/li>\n<li><strong>Fre\u00edr<\/strong>: Su alto punto de humo lo hace perfecto para fre\u00edr y fre\u00edr en sart\u00e9n.<\/li>\n<li><strong>Rociar<\/strong>: Ideal para mojar pan, ensaladas y platos contundentes.<\/li>\n<\/ul>\n<h4><strong>Consejos de conservaci\u00f3n<\/strong><\/h4>\n<ul>\n<li>Conservar en <strong>un lugar fresco y oscuro<\/strong> para mantener su frescura.<\/li>\n<li>Cerrar bien la botella despu\u00e9s de cada uso para evitar la oxidaci\u00f3n.<\/li>\n<li>Una vez abierto, consumir antes de 18 meses para obtener el mejor sabor y beneficios para la salud.<\/li>\n<\/ul>\n<div><\/div>\n<div>Con <strong>Picual Alfanje Triple<\/strong>, est\u00e1 obteniendo <strong>un aceite de oliva virgen extra espa\u00f1ol fuerte, de alta calidad y rico en antioxidantes<\/strong>, elaborado con esmero por nuestra familia durante generaciones.<\/div>\n<\/div>\n","protected":false},"excerpt":{"rendered":"<p><span style=\"color: #333333;\">Picual Alfanje triple incluye<\/span> tres garrafas<span style=\"color: #333333;\">\u00a0de <\/span>5L de aceite de oliva virgen extra espa\u00f1ol monovarietal Picual<span style=\"color: #333333;\">, elaborado en nuestra <\/span>finca y almazara familiar de Castro del R\u00edo, Espa\u00f1a, desde 1700<span style=\"color: #333333;\">. Envasado en <\/span>botellas PET reciclables<span style=\"color: #333333;\"> con <\/span>env\u00edo GRATIS<span style=\"color: #333333;\">.<\/span><\/p>\n<div><\/div>\n<ul>\n<li>\ud83d\ude9a Env\u00edo Gratuito<\/li>\n<li>\ud83d\udd12 Pago Seguro<\/li>\n<li>\u21a9\ufe0f Devoluci\u00f3nes Gratuitas<\/li>\n<\/ul>\n","protected":false},"featured_media":22405,"comment_status":"open","ping_status":"closed","template":"","meta":[],"product_brand":[237],"product_cat":[243,102,229],"product_tag":[],"class_list":{"0":"post-5563","1":"product","2":"type-product","3":"status-publish","4":"has-post-thumbnail","6":"product_brand-reinos-de-taifas-es","7":"product_cat-15l-es","8":"product_cat-monovarietal-es","9":"product_cat-picual-es","11":"first","12":"instock","13":"taxable","14":"shipping-taxable","15":"product-type-simple"},"_links":{"self":[{"href":"https:\/\/reinosdetaifas.com\/eu\/es\/wp-json\/wp\/v2\/product\/5563","targetHints":{"allow":["GET"]}}],"collection":[{"href":"https:\/\/reinosdetaifas.com\/eu\/es\/wp-json\/wp\/v2\/product"}],"about":[{"href":"https:\/\/reinosdetaifas.com\/eu\/es\/wp-json\/wp\/v2\/types\/product"}],"replies":[{"embeddable":true,"href":"https:\/\/reinosdetaifas.com\/eu\/es\/wp-json\/wp\/v2\/comments?post=5563"}],"wp:featuredmedia":[{"embeddable":true,"href":"https:\/\/reinosdetaifas.com\/eu\/es\/wp-json\/wp\/v2\/media\/22405"}],"wp:attachment":[{"href":"https:\/\/reinosdetaifas.com\/eu\/es\/wp-json\/wp\/v2\/media?parent=5563"}],"wp:term":[{"taxonomy":"product_brand","embeddable":true,"href":"https:\/\/reinosdetaifas.com\/eu\/es\/wp-json\/wp\/v2\/product_brand?post=5563"},{"taxonomy":"product_cat","embeddable":true,"href":"https:\/\/reinosdetaifas.com\/eu\/es\/wp-json\/wp\/v2\/product_cat?post=5563"},{"taxonomy":"product_tag","embeddable":true,"href":"https:\/\/reinosdetaifas.com\/eu\/es\/wp-json\/wp\/v2\/product_tag?post=5563"}],"curies":[{"name":"wp","href":"https:\/\/api.w.org\/{rel}","templated":true}]}}