{"id":22757,"date":"2025-11-07T10:44:58","date_gmt":"2025-11-07T09:44:58","guid":{"rendered":"https:\/\/reinosdetaifas.com\/eu\/?page_id=22757"},"modified":"2026-05-04T19:56:24","modified_gmt":"2026-05-04T17:56:24","slug":"black-friday-europa","status":"publish","type":"page","link":"https:\/\/reinosdetaifas.com\/eu\/es\/black-friday-europa\/","title":{"rendered":"Black Friday Europa"},"content":{"rendered":"\n\n\n\t<section class=\"section\" id=\"section_696131172\">\n\t\t<div class=\"section-bg fill\" >\n\t\t\t\t\t\t\t\t\t\n\t\t\t\n\n\t\t<\/div>\n\n\t\t\n\n\t\t<div class=\"section-content relative\">\n\t\t\t\n\n\n  <div class=\"banner has-hover\" id=\"banner-319638234\">\n          <div class=\"banner-inner fill\">\n        <div class=\"banner-bg fill\" >\n                                                \n                    <\/div>\n\t\t\n        <div class=\"banner-layers container\">\n            <div class=\"fill banner-link\"><\/div>            \n\n   <div id=\"text-box-4045697\" class=\"text-box banner-layer x50 md-x50 lg-x50 y100 md-y90 lg-y90 res-text\">\n                                <div class=\"text-box-content text \">\n              \n              <div class=\"text-inner text-center\">\n                  \n\n<div class=\"container section-title-container hidden\" ><h1 class=\"section-title section-title-center\"><b aria-hidden=\"true\"><\/b><span class=\"section-title-main\" style=\"font-size:90%;\">Black Friday Europe<\/span><b aria-hidden=\"true\"><\/b><\/h1><\/div>\n\n<h2><strong>Black Friday al estilo mediterr\u00e1neo<\/strong><\/h2>\n<p>Ap\u00fantate a la lista de <strong>Black Friday en mayo<\/strong> y te avisaremos a tiempo de nuestra oferta en aceite de oliva virgen extra andaluz, monovarietal, con ese sabor que notas desde el primer d\u00eda en tostadas, ensaladas, hummus, verduras al horno o un domingo de arroz en casa.<\/p>\n\n              <\/div>\n           <\/div>\n                            \n<style>\n#text-box-4045697 {\n  width: 100%;\n}\n#text-box-4045697 .text-box-content {\n  font-size: 100%;\n}\n<\/style>\n    <\/div>\n \n\n        <\/div>\n      <\/div>\n\n            \n<style>\n#banner-319638234 {\n  padding-top: 180px;\n  background-color: rgb(255,255,255);\n}\n@media (min-width:550px) {\n  #banner-319638234 {\n    padding-top: 180px;\n  }\n}\n<\/style>\n  <\/div>\n\n\n<div class=\"row align-center\"  id=\"row-865922504\">\n\n\n\t<div id=\"col-1474139328\" class=\"col hide-for-medium medium-4 small-12 large-4\"  >\n\t\t\t\t<div class=\"col-inner\"  >\n\t\t\t\n\t\t\t\n\n\t<div class=\"img has-hover x md-x lg-x y md-y lg-y\" id=\"image_1123009835\">\n\t\t\t\t\t\t\t\t<div class=\"img-inner dark\" >\n\t\t\t<img decoding=\"async\" width=\"768\" height=\"1024\" src=\"https:\/\/reinosdetaifas.com\/eu\/wp-content\/uploads\/2025\/04\/burratasalad.1200x1600-768x1024.webp\" class=\"attachment-medium_large size-medium_large\" alt=\"burrata salad with olive oil, ensalada burrata con aceite de oliva\" srcset=\"https:\/\/reinosdetaifas.com\/eu\/wp-content\/uploads\/2025\/04\/burratasalad.1200x1600-768x1024.webp 768w, https:\/\/reinosdetaifas.com\/eu\/wp-content\/uploads\/2025\/04\/burratasalad.1200x1600-225x300.webp 225w, https:\/\/reinosdetaifas.com\/eu\/wp-content\/uploads\/2025\/04\/burratasalad.1200x1600-247x329.webp 247w, https:\/\/reinosdetaifas.com\/eu\/wp-content\/uploads\/2025\/04\/burratasalad.1200x1600-510x680.webp 510w, https:\/\/reinosdetaifas.com\/eu\/wp-content\/uploads\/2025\/04\/burratasalad.1200x1600.webp 810w\" sizes=\"(max-width: 768px) 100vw, 768px\" title=\"\">\t\t\t\t\t\t\n\t\t\t\t\t<\/div>\n\t\t\t\t\t\t\t\t\n<style>\n#image_1123009835 {\n  width: 80%;\n}\n<\/style>\n\t<\/div>\n\t\n\n\n\t\t<\/div>\n\t\t\t\t\t<\/div>\n\n\t\n\n\t<div id=\"col-1728721126\" class=\"col medium-4 small-12 large-4\"  >\n\t\t\t\t<div class=\"col-inner\"  >\n\t\t\t\n\t\t\t\n\n<div class=\"klaviyo-form-RWULnS\"><\/div>\n\n\t\t<\/div>\n\t\t\t\t\t<\/div>\n\n\t\n\n\t<div id=\"col-1931442699\" class=\"col show-for-medium medium-4 small-12 large-4\"  >\n\t\t\t\t<div class=\"col-inner text-center\"  >\n\t\t\t\n\t\t\t\n\n\t<div class=\"img has-hover x md-x lg-x y md-y lg-y\" id=\"image_1038360689\">\n\t\t\t\t\t\t\t\t<div class=\"img-inner dark\" >\n\t\t\t<img decoding=\"async\" width=\"768\" height=\"1024\" src=\"https:\/\/reinosdetaifas.com\/eu\/wp-content\/uploads\/2025\/04\/burratasalad.1200x1600-768x1024.webp\" class=\"attachment-medium_large size-medium_large\" alt=\"burrata salad with olive oil, ensalada burrata con aceite de oliva\" srcset=\"https:\/\/reinosdetaifas.com\/eu\/wp-content\/uploads\/2025\/04\/burratasalad.1200x1600-768x1024.webp 768w, https:\/\/reinosdetaifas.com\/eu\/wp-content\/uploads\/2025\/04\/burratasalad.1200x1600-225x300.webp 225w, https:\/\/reinosdetaifas.com\/eu\/wp-content\/uploads\/2025\/04\/burratasalad.1200x1600-247x329.webp 247w, https:\/\/reinosdetaifas.com\/eu\/wp-content\/uploads\/2025\/04\/burratasalad.1200x1600-510x680.webp 510w, https:\/\/reinosdetaifas.com\/eu\/wp-content\/uploads\/2025\/04\/burratasalad.1200x1600.webp 810w\" sizes=\"(max-width: 768px) 100vw, 768px\" title=\"\">\t\t\t\t\t\t\n\t\t\t\t\t<\/div>\n\t\t\t\t\t\t\t\t\n<style>\n#image_1038360689 {\n  width: 70%;\n}\n@media (min-width:550px) {\n  #image_1038360689 {\n    width: 100%;\n  }\n}\n<\/style>\n\t<\/div>\n\t\n\n\n\t\t<\/div>\n\t\t\t\t\t<\/div>\n\n\t\n\n\t<div id=\"col-536576717\" class=\"col medium-4 small-12 large-4\"  >\n\t\t\t\t<div class=\"col-inner\"  >\n\t\t\t\n\t\t\t\n\n<p class=\"my-2 &#091;&amp;+p&#093;:mt-4 &#091;&amp;_strong:has(+br)&#093;:inline-block &#091;&amp;_strong:has(+br)&#093;:pb-2\"><strong>\u00bfPor qu\u00e9 apuntarte a la lista de Black Friday?<\/strong><\/p>\n<ul class=\"marker:text-quiet list-disc pl-8\">\n<li class=\"py-0 my-0 prose-p:pt-0 prose-p:mb-2 prose-p:my-0 &#091;&amp;&gt;p&#093;:pt-0 &#091;&amp;&gt;p&#093;:mb-2 &#091;&amp;&gt;p&#093;:my-0\">\n<p class=\"my-2 &#091;&amp;+p&#093;:mt-4 &#091;&amp;_strong:has(+br)&#093;:inline-block &#091;&amp;_strong:has(+br)&#093;:pb-2\">Te avisaremos a tiempo de la oferta de Black Friday en mayo.<\/p>\n<\/li>\n<li class=\"py-0 my-0 prose-p:pt-0 prose-p:mb-2 prose-p:my-0 &#091;&amp;&gt;p&#093;:pt-0 &#091;&amp;&gt;p&#093;:mb-2 &#091;&amp;&gt;p&#093;:my-0\">\n<p class=\"my-2 &#091;&amp;+p&#093;:mt-4 &#091;&amp;_strong:has(+br)&#093;:inline-block &#091;&amp;_strong:has(+br)&#093;:pb-2\">Aceite de oliva virgen extra andaluz, monovarietal y con origen claro<\/p>\n<\/li>\n<li class=\"py-0 my-0 prose-p:pt-0 prose-p:mb-2 prose-p:my-0 &#091;&amp;&gt;p&#093;:pt-0 &#091;&amp;&gt;p&#093;:mb-2 &#091;&amp;&gt;p&#093;:my-0\">\n<p class=\"my-2 &#091;&amp;+p&#093;:mt-4 &#091;&amp;_strong:has(+br)&#093;:inline-block &#091;&amp;_strong:has(+br)&#093;:pb-2\">Para seguir comiendo como en Espa\u00f1a, aunque vivas fuera<\/p>\n<\/li>\n<li class=\"py-0 my-0 prose-p:pt-0 prose-p:mb-2 prose-p:my-0 &#091;&amp;&gt;p&#093;:pt-0 &#091;&amp;&gt;p&#093;:mb-2 &#091;&amp;&gt;p&#093;:my-0\">\n<p class=\"my-2 &#091;&amp;+p&#093;:mt-4 &#091;&amp;_strong:has(+br)&#093;:inline-block &#091;&amp;_strong:has(+br)&#093;:pb-2\">Env\u00edo f\u00e1cil dentro de la UE, sin aduanas ni complicaciones<\/p>\n<\/li>\n<\/ul>\n\n\t\t<\/div>\n\t\t\t\t\n<style>\n#col-536576717 > .col-inner {\n  padding: 0px 20px 0px 20px;\n}\n<\/style>\n\t<\/div>\n\n\t\n\n\t<div id=\"col-1111117259\" class=\"col small-12 large-12\"  >\n\t\t\t\t<div class=\"col-inner\"  >\n\t\t\t\n\t\t\t\n\n<p class=\"my-2 &#091;&amp;+p&#093;:mt-4 &#091;&amp;_strong:has(+br)&#093;:inline-block &#091;&amp;_strong:has(+br)&#093;:pb-2\" style=\"text-align: center;\"><strong>Un buen aceite cambia platos sencillos.<\/strong><\/p>\n<p class=\"my-2 &#091;&amp;+p&#093;:mt-4 &#091;&amp;_strong:has(+br)&#093;:inline-block &#091;&amp;_strong:has(+br)&#093;:pb-2\">Un chorrito sobre una ensalada, un hummus, unas verduras al horno o una rebanada de pan puede hacer que una comida cualquiera se convierta en ese peque\u00f1o momento que te recuerda a casa. Ese es el tipo de aceite que queremos en tu mesa este Black Friday en mayo.<\/p>\n\n\t\t<\/div>\n\t\t\t\t\t<\/div>\n\n\t\n\n<\/div>\n<div class=\"row align-center\"  id=\"row-398617126\">\n\n\n\t<div id=\"col-464647924\" class=\"col medium-10 small-11 large-12\"  >\n\t\t\t\t<div class=\"col-inner\"  >\n\t\t\t\n\t\t\t\n\n\t<div id=\"text-2080708475\" class=\"text\">\n\t\t\n\n<div class=\"cr-trustbadgef\"><div class=\"cr-badge badge_size_small cr-trustbadge-border\" style=\"background-color:#ffffff;\">\n\n\t<div class=\"badge__store\">Reinos de Taifas EU - Monovarietal extra virgin olive oil specialist online shop<\/div>\n\n\t<div class=\"badge__nowrap\">\n\t\t<div class=\"badge__stars\">\n\t\t\t\t\t\t\t<div class=\"badge__star\">\n\t\t\t\t\t<div class=\"badge__star-icon badge__star-icon_type_empty\"><\/div>\n\t\t\t\t\t<div class=\"badge__star-icon badge__star-icon_type_fill\" style=\"width: 100%\"><\/div>\n\t\t\t\t<\/div>\n\t\t\t\t\t\t\t<div class=\"badge__star\">\n\t\t\t\t\t<div class=\"badge__star-icon badge__star-icon_type_empty\"><\/div>\n\t\t\t\t\t<div class=\"badge__star-icon badge__star-icon_type_fill\" style=\"width: 100%\"><\/div>\n\t\t\t\t<\/div>\n\t\t\t\t\t\t\t<div class=\"badge__star\">\n\t\t\t\t\t<div class=\"badge__star-icon badge__star-icon_type_empty\"><\/div>\n\t\t\t\t\t<div class=\"badge__star-icon badge__star-icon_type_fill\" style=\"width: 100%\"><\/div>\n\t\t\t\t<\/div>\n\t\t\t\t\t\t\t<div class=\"badge__star\">\n\t\t\t\t\t<div class=\"badge__star-icon badge__star-icon_type_empty\"><\/div>\n\t\t\t\t\t<div class=\"badge__star-icon badge__star-icon_type_fill\" style=\"width: 100%\"><\/div>\n\t\t\t\t<\/div>\n\t\t\t\t\t\t\t<div class=\"badge__star\">\n\t\t\t\t\t<div class=\"badge__star-icon badge__star-icon_type_empty\"><\/div>\n\t\t\t\t\t<div class=\"badge__star-icon badge__star-icon_type_fill\" style=\"width: 93%\"><\/div>\n\t\t\t\t<\/div>\n\t\t\t\t\t<\/div>\n\n\t\t<div class=\"badge__verified verified\">\n\t\t\t<div class=\"verified__logo\"><\/div>\n\t\t\t<div class=\"verified__text\">Lo que dicen nuestros clientes<\/div>\n\t\t<\/div>\n\t<\/div>\n\n\t<div class=\"badge__rating rating\">\n\t\t\t\t\t<span class=\"rating__store\">4.93 valoraci\u00f3n<\/span> <span class=\"rating__reviews\">(104 rese\u00f1as)<\/span>\n\t\t\t<\/div>\n\n\t\t\t<span class=\"badge__link\"><\/span>\n\t\n<\/div>\n<\/div>\n\t\t\n<style>\n#text-2080708475 {\n  text-align: center;\n}\n<\/style>\n\t<\/div>\n\t\n\t<div id=\"gap-703320381\" class=\"gap-element clearfix\" style=\"display:block; height:auto;\">\n\t\t\n<style>\n#gap-703320381 {\n  padding-top: 30px;\n}\n<\/style>\n\t<\/div>\n\t\n\n<h4><strong>Preguntas frecuentes<\/strong><\/h4>\n<div class=\"accordion\">\n\n\t<div id=\"accordion-703532134\" class=\"accordion-item\">\n\t\t<a id=\"accordion-703532134-label\" class=\"accordion-title plain\" href=\"#accordion-item-\u00bfqu\u00e9-recibir\u00e9-si-me-apunto-a-la-lista?\" aria-expanded=\"false\" aria-controls=\"accordion-703532134-content\">\n\t\t\t<button class=\"toggle\" aria-label=\"Toggle\"><i class=\"icon-angle-down\" aria-hidden=\"true\"><\/i><\/button>\n\t\t\t<span>\u00bfQu\u00e9 recibir\u00e9 si me apunto a la lista?<\/span>\n\t\t<\/a>\n\t\t<div id=\"accordion-703532134-content\" class=\"accordion-inner\" aria-labelledby=\"accordion-703532134-label\">\n\t\t\t\n\n<p>Te avisaremos a tiempo de la oferta de Black Friday de Reinos de Taifas, para que no tengas que estar pendiente ni llegar tarde.<\/p>\n\n\t\t<\/div>\n\t<\/div>\n\t\n\t<div id=\"accordion-741052277\" class=\"accordion-item\">\n\t\t<a id=\"accordion-741052277-label\" class=\"accordion-title plain\" href=\"#accordion-item-\u00bfhac\u00e9is-env\u00edos-dentro-de-la-uni\u00f3n-europea?\" aria-expanded=\"false\" aria-controls=\"accordion-741052277-content\">\n\t\t\t<button class=\"toggle\" aria-label=\"Toggle\"><i class=\"icon-angle-down\" aria-hidden=\"true\"><\/i><\/button>\n\t\t\t<span>\u00bfHac\u00e9is env\u00edos dentro de la Uni\u00f3n Europea?<\/span>\n\t\t<\/a>\n\t\t<div id=\"accordion-741052277-content\" class=\"accordion-inner\" aria-labelledby=\"accordion-741052277-label\">\n\t\t\t\n\n<p>S\u00ed. Enviamos a varios pa\u00edses de la Uni\u00f3n Europea, para que puedas pedir tu aceite con normalidad desde donde vivas.<\/p>\n\n\t\t<\/div>\n\t<\/div>\n\t\n\t<div id=\"accordion-3829040888\" class=\"accordion-item\">\n\t\t<a id=\"accordion-3829040888-label\" class=\"accordion-title plain\" href=\"#accordion-item-\u00bfhay-aduanas-o-sorpresas-con-el-env\u00edo-dentro-de-la-ue?\" aria-expanded=\"false\" aria-controls=\"accordion-3829040888-content\">\n\t\t\t<button class=\"toggle\" aria-label=\"Toggle\"><i class=\"icon-angle-down\" aria-hidden=\"true\"><\/i><\/button>\n\t\t\t<span>\u00bfHay aduanas o sorpresas con el env\u00edo dentro de la UE?<\/span>\n\t\t<\/a>\n\t\t<div id=\"accordion-3829040888-content\" class=\"accordion-inner\" aria-labelledby=\"accordion-3829040888-label\">\n\t\t\t\n\n<p class=\"my-2 &#091;&amp;+p&#093;:mt-4 &#091;&amp;_strong:has(+br)&#093;:inline-block &#091;&amp;_strong:has(+br)&#093;:pb-2\">No. Queremos que pedir tu aceite sea f\u00e1cil, claro y sin complicaciones.<\/p>\n\n\t\t<\/div>\n\t<\/div>\n\t\n\t<div id=\"accordion-2795808513\" class=\"accordion-item\">\n\t\t<a id=\"accordion-2795808513-label\" class=\"accordion-title plain\" href=\"#accordion-item-\u00bfde-d\u00f3nde-viene-vuestro-aceite?\" aria-expanded=\"false\" aria-controls=\"accordion-2795808513-content\">\n\t\t\t<button class=\"toggle\" aria-label=\"Toggle\"><i class=\"icon-angle-down\" aria-hidden=\"true\"><\/i><\/button>\n\t\t\t<span>\u00bfDe d\u00f3nde viene vuestro aceite?<\/span>\n\t\t<\/a>\n\t\t<div id=\"accordion-2795808513-content\" class=\"accordion-inner\" aria-labelledby=\"accordion-2795808513-label\">\n\t\t\t\n\n<p class=\"my-2 &#091;&amp;+p&#093;:mt-4 &#091;&amp;_strong:has(+br)&#093;:inline-block &#091;&amp;_strong:has(+br)&#093;:pb-2\">Es aceite de oliva virgen extra andaluz, con origen claro y variedades monovarietales para que elijas el que mejor encaja contigo.<\/p>\n\n\t\t<\/div>\n\t<\/div>\n\t\n\t<div id=\"accordion-3410987009\" class=\"accordion-item\">\n\t\t<a id=\"accordion-3410987009-label\" class=\"accordion-title plain\" href=\"#accordion-item-\u00bfqu\u00e9-aceite-me-puede-encajar-mejor?\" aria-expanded=\"false\" aria-controls=\"accordion-3410987009-content\">\n\t\t\t<button class=\"toggle\" aria-label=\"Toggle\"><i class=\"icon-angle-down\" aria-hidden=\"true\"><\/i><\/button>\n\t\t\t<span>\u00bfQu\u00e9 aceite me puede encajar mejor?<\/span>\n\t\t<\/a>\n\t\t<div id=\"accordion-3410987009-content\" class=\"accordion-inner\" aria-labelledby=\"accordion-3410987009-label\">\n\t\t\t\n\n<p>Si te gusta un aceite m\u00e1s suave y vers\u00e1til, Arbequina suele ser una opci\u00f3n muy c\u00f3moda para el d\u00eda a d\u00eda. Si prefieres un sabor m\u00e1s intenso y con m\u00e1s car\u00e1cter, Picual funciona muy bien en tostadas, ensaladas y platos con m\u00e1s fuerza.<\/p>\n\n\t\t<\/div>\n\t<\/div>\n\t\n\t<div id=\"accordion-1130988149\" class=\"accordion-item\">\n\t\t<a id=\"accordion-1130988149-label\" class=\"accordion-title plain\" href=\"#accordion-item-\u00bfpor-qu\u00e9-apuntarme-si-todav\u00eda-no-voy-a-comprar-hoy?\" aria-expanded=\"false\" aria-controls=\"accordion-1130988149-content\">\n\t\t\t<button class=\"toggle\" aria-label=\"Toggle\"><i class=\"icon-angle-down\" aria-hidden=\"true\"><\/i><\/button>\n\t\t\t<span>\u00bfPor qu\u00e9 apuntarme si todav\u00eda no voy a comprar hoy?<\/span>\n\t\t<\/a>\n\t\t<div id=\"accordion-1130988149-content\" class=\"accordion-inner\" aria-labelledby=\"accordion-1130988149-label\">\n\t\t\t\n\n<p>Porque as\u00ed te enteras de la oferta a tiempo y puedes hacer tu pedido con calma, cuando de verdad te venga bien.<\/p>\n\n\t\t<\/div>\n\t<\/div>\n\t\n\n<\/div>\n\n\t\t<\/div>\n\t\t\t\t\t<\/div>\n\n\t\n\n<\/div>\n<div class=\"row\"  id=\"row-704400899\">\n\n\n\t<div id=\"col-867483884\" class=\"col small-12 large-12\"  >\n\t\t\t\t<div class=\"col-inner text-center\"  >\n\t\t\t\n\t<div class=\"is-border\"\n\t\tstyle=\"border-width:5px 5px 5px 5px;\">\n\t<\/div>\n\t\t\t\n\n<h5 style=\"text-align: center;\"><strong>Si te queda alguna duda, escr\u00edbenos por WhatsApp. Estaremos encantados de ayudarte <\/strong><img decoding=\"async\" class=\"alignnone wp-image-35928\" src=\"https:\/\/reinosdetaifas.com\/wp-content\/uploads\/2024\/12\/smiley-smile-2-copia.svg\" alt=\"\" height=\"20\" title=\"\"><\/h5>\n\n\t\t<\/div>\n\t\t\t\t\n<style>\n#col-867483884 > .col-inner {\n  padding: 30px 30px 30px 30px;\n}\n<\/style>\n\t<\/div>\n\n\t\n\n<\/div>\n\n\t\t<\/div>\n\n\t\t\n<style>\n#section_696131172 {\n  padding-top: 30px;\n  padding-bottom: 30px;\n}\n<\/style>\n\t<\/section>\n\t\n\n","protected":false},"excerpt":{"rendered":"","protected":false},"author":14,"featured_media":0,"parent":0,"menu_order":0,"comment_status":"closed","ping_status":"closed","template":"page-blank-landingpage.php","meta":{"footnotes":""},"class_list":["post-22757","page","type-page","status-publish","hentry"],"_links":{"self":[{"href":"https:\/\/reinosdetaifas.com\/eu\/es\/wp-json\/wp\/v2\/pages\/22757","targetHints":{"allow":["GET"]}}],"collection":[{"href":"https:\/\/reinosdetaifas.com\/eu\/es\/wp-json\/wp\/v2\/pages"}],"about":[{"href":"https:\/\/reinosdetaifas.com\/eu\/es\/wp-json\/wp\/v2\/types\/page"}],"author":[{"embeddable":true,"href":"https:\/\/reinosdetaifas.com\/eu\/es\/wp-json\/wp\/v2\/users\/14"}],"replies":[{"embeddable":true,"href":"https:\/\/reinosdetaifas.com\/eu\/es\/wp-json\/wp\/v2\/comments?post=22757"}],"version-history":[{"count":35,"href":"https:\/\/reinosdetaifas.com\/eu\/es\/wp-json\/wp\/v2\/pages\/22757\/revisions"}],"predecessor-version":[{"id":24058,"href":"https:\/\/reinosdetaifas.com\/eu\/es\/wp-json\/wp\/v2\/pages\/22757\/revisions\/24058"}],"wp:attachment":[{"href":"https:\/\/reinosdetaifas.com\/eu\/es\/wp-json\/wp\/v2\/media?parent=22757"}],"curies":[{"name":"wp","href":"https:\/\/api.w.org\/{rel}","templated":true}]}}