{"id":807,"date":"2016-11-06T17:02:29","date_gmt":"2016-11-06T17:02:29","guid":{"rendered":"http:\/\/wp.reinosdetaifas.com\/es\/?page_id=807"},"modified":"2025-05-06T08:52:38","modified_gmt":"2025-05-06T07:52:38","slug":"historia-reinos-de-taifas","status":"publish","type":"page","link":"https:\/\/reinosdetaifas.com\/es\/historia-reinos-de-taifas\/","title":{"rendered":"Historia Reinos de Taifas"},"content":{"rendered":"\n\n  <div class=\"banner has-hover\" id=\"banner-199120345\">\n          <div class=\"banner-inner fill\">\n        <div class=\"banner-bg fill\" >\n                                                \n                    <\/div>\n\t\t\n        <div class=\"banner-layers container\">\n            <div class=\"fill banner-link\"><\/div>            \n\n   <div id=\"text-box-295576829\" class=\"text-box banner-layer x50 md-x50 lg-x50 y100 md-y75 lg-y85 res-text\">\n                                <div class=\"text-box-content text dark\">\n              \n              <div class=\"text-inner text-center\">\n                  \n\n\t<div id=\"text-2011355142\" class=\"text\">\n\t\t\n\n<h1 class=\"uppercase\">Historia de Reinos de Taifas<\/h1>\n\t\t\n<style>\n#text-2011355142 {\n  font-size: 0.75rem;\n  color: rgb(0,0,0);\n}\n#text-2011355142 > * {\n  color: rgb(0,0,0);\n}\n@media (min-width:550px) {\n  #text-2011355142 {\n    font-size: 0.75rem;\n  }\n}\n<\/style>\n\t<\/div>\n\t\n\n              <\/div>\n           <\/div>\n                            \n<style>\n#text-box-295576829 {\n  width: 100%;\n}\n#text-box-295576829 .text-box-content {\n  font-size: 100%;\n}\n@media (min-width:550px) {\n  #text-box-295576829 {\n    width: 81%;\n  }\n}\n<\/style>\n    <\/div>\n \n\n        <\/div>\n      <\/div>\n\n            \n<style>\n#banner-199120345 {\n  padding-top: 219px;\n  background-color: #ffffff;\n}\n@media (min-width:550px) {\n  #banner-199120345 {\n    padding-top: 50%;\n  }\n}\n@media (min-width:850px) {\n  #banner-199120345 {\n    padding-top: 14.63%;\n  }\n}\n<\/style>\n  <\/div>\n\n\n\n  <div class=\"banner has-hover\" id=\"banner-1786335753\">\n          <div class=\"banner-inner fill\">\n        <div class=\"banner-bg fill\" >\n                                                \n                    <\/div>\n\t\t\n        <div class=\"banner-layers container\">\n            <div class=\"fill banner-link\"><\/div>            \n\n   <div id=\"text-box-1769771112\" class=\"text-box banner-layer x50 md-x50 lg-x50 y50 md-y50 lg-y50 res-text\">\n                                <div class=\"text-box-content text box-shadow-3\">\n              \n              <div class=\"text-inner text-center\">\n                  \n\n<h3 style=\"text-align: center;\"><span style=\"color: #918617;\">\u00bfQu\u00e9 significa la expresi\u00f3n popular \u00abReinos de Taifas\u00bb?<\/span><\/h3>\n<p style=\"text-align: justify;\"><span style=\"font-size: 100%;\">La expresi\u00f3n popular \u201cReinos de Taifas\u201d hace referencia a una estructura excesiva para las necesidades de una organizaci\u00f3n, lo que la convierte en ineficiente o inviable.<\/span><\/p>\n\n              <\/div>\n           <\/div>\n                            \n<style>\n#text-box-1769771112 .text-box-content {\n  background-color: rgba(255, 255, 255, 0.9);\n  font-size: 120%;\n}\n#text-box-1769771112 .text-inner {\n  padding: 20px 20px 20px 20px;\n}\n#text-box-1769771112 {\n  width: 95%;\n}\n@media (min-width:550px) {\n  #text-box-1769771112 {\n    width: 85%;\n  }\n  #text-box-1769771112 .text-box-content {\n    font-size: 100%;\n  }\n}\n<\/style>\n    <\/div>\n \n\n        <\/div>\n      <\/div>\n\n            \n<style>\n#banner-1786335753 {\n  padding-top: 350px;\n  background-color: rgb(255,255,255);\n}\n@media (min-width:550px) {\n  #banner-1786335753 {\n    padding-top: 700px;\n  }\n}\n@media (min-width:850px) {\n  #banner-1786335753 {\n    padding-top: 250px;\n  }\n}\n<\/style>\n  <\/div>\n\n\n<div class=\"container section-title-container\" ><h3 class=\"section-title section-title-center\"><b aria-hidden=\"true\"><\/b><span class=\"section-title-main\" ><i class=\"icon-menu\" aria-hidden=\"true\"><\/i>Historia de los Reinos de Taifas<\/span><b aria-hidden=\"true\"><\/b><\/h3><\/div>\n\n\n\t<section class=\"section Era de los Reinos de Taifas\" id=\"section_607374907\">\n\t\t<div class=\"section-bg fill\" >\n\t\t\t\t\t\t\t\t\t<div class=\"section-bg-overlay absolute fill\"><\/div>\n\t\t\t\n\n\t\t<\/div>\n\n\t\t\n\n\t\t<div class=\"section-content relative\">\n\t\t\t\n\n<div class=\"row row-large align-middle align-center\"  id=\"row-1525185938\">\n\n\n\t<div id=\"col-600230880\" class=\"col medium-5 small-10 large-5\"  >\n\t\t\t\t<div class=\"col-inner text-left\"  >\n\t\t\t\n\t\t\t\n\n<p style=\"text-align: justify;\">El califato omeya de C\u00f3rdoba fue abolido en 1031, dividi\u00e9ndose el territorio en peque\u00f1os reinos llamados \u00abtaifas\u00bb. Taifa se traduce del \u00e1rabe como \u00abcampamento\u00bb o \u00abfacci\u00f3n\u00bb.<\/p>\n<p style=\"text-align: justify;\">Los soberanos de estos reinos buscaban poder y prestigio, compitiendo entre s\u00ed militarmente y promocionando sus productos, cultura y arte locales. El periodo de los Reinos de Taifas fue uno de los m\u00e1s esplendorosos y fruct\u00edferos de la historia de la Pen\u00ednsula Ib\u00e9rica en cuanto a cultura, literatura y arte.<\/p>\n\n\t\t<\/div>\n\t\t\t\t\t<\/div>\n\n\t\n\n\t<div id=\"col-985551795\" class=\"col medium-6 small-11 large-6\"  >\n\t\t\t\t<div class=\"col-inner\"  >\n\t\t\t\n\t\t\t\n\n\t<div class=\"img has-hover x md-x lg-x y md-y lg-y\" id=\"image_782356831\">\n\t\t\t\t\t\t\t\t<div class=\"img-inner dark\" >\n\t\t\t<img loading=\"lazy\" decoding=\"async\" width=\"950\" height=\"682\" src=\"https:\/\/reinosdetaifas.com\/wp-content\/uploads\/2017\/04\/Mezquita-Cordoba.jpg\" class=\"attachment-large size-large\" alt=\"Mezquita Cordoba. Historia de los Reinos de Taifas\" srcset=\"https:\/\/reinosdetaifas.com\/wp-content\/uploads\/2017\/04\/Mezquita-Cordoba.jpg 950w, https:\/\/reinosdetaifas.com\/wp-content\/uploads\/2017\/04\/Mezquita-Cordoba-510x366.jpg 510w\" sizes=\"auto, (max-width: 950px) 100vw, 950px\" title=\"\">\t\t\t\t\t\t\n\t\t\t\t\t<\/div>\n\t\t\t\t\t\t\t\t\n<style>\n#image_782356831 {\n  width: 100%;\n}\n<\/style>\n\t<\/div>\n\t\n\n\n\t\t<\/div>\n\t\t\t\t\t<\/div>\n\n\t\n\n<\/div>\n\n\t\t<\/div>\n\n\t\t\n<style>\n#section_607374907 {\n  padding-top: 0px;\n  padding-bottom: 0px;\n  background-color: rgb(255,255,255);\n}\n#section_607374907 .section-bg-overlay {\n  background-color: rgba(255, 255, 255, 0.85);\n}\n@media (min-width:550px) {\n  #section_607374907 {\n    padding-top: 0px;\n    padding-bottom: 0px;\n  }\n}\n<\/style>\n\t<\/section>\n\t\n\n\t<section class=\"section\" id=\"section_1484007540\">\n\t\t<div class=\"section-bg fill\" >\n\t\t\t\t\t\t\t\t\t\n\t\t\t\n\n\t\t<\/div>\n\n\t\t\n\n\t\t<div class=\"section-content relative\">\n\t\t\t\n\n<div class=\"row align-center\"  id=\"row-1631042501\">\n\n\n\t<div id=\"col-1720326852\" class=\"col medium-11 small-10 large-11\"  >\n\t\t\t\t<div class=\"col-inner\"  >\n\t\t\t\n\t\t\t\n\n<h3 style=\"text-align: justify;\">Primeros Reinos de Taifas<\/h3>\n<p style=\"text-align: justify;\">Cuando se aboli\u00f3 el califato omeya de C\u00f3rdoba en 1031, \u00e9ste se dividi\u00f3 en 39 peque\u00f1os reinos \u2013llamados taifas (del \u00e1rabe \u201cbando\u201d o \u201cfacci\u00f3n\u201d)- cuyos soberanos compet\u00edan entre s\u00ed militarmente buscando poder y prestigio.<\/p>\n<p style=\"text-align: justify;\">Para destacar sobre las dem\u00e1s taifas, los distintos reyezuelos impulsaron el comercio de sus productos locales, la cultura y el arte.<\/p>\n<p style=\"text-align: justify;\"><strong>El Arte<\/strong><\/p>\n<p style=\"text-align: justify;\">El arte fue muy cultivado por los musulmanes, con destacados poetas como Ibn Zaydun y su amada Wallada, fallecida el d\u00eda que los almor\u00e1vides entraron en C\u00f3rdoba, en 1091. Ese a\u00f1o sucumbieron ante el poder de estos musulmanes del Norte de \u00c1frica las taifas de C\u00f3rdoba, Sevilla, Ja\u00e9n, Badajoz, Zaragoza y Murcia, entre otras.<\/p>\n<p style=\"text-align: justify;\"><strong>La Guerra<\/strong><\/p>\n<p style=\"text-align: justify;\"><strong>En esta coyuntura de inestabilidad, los reyes de taifas contrataron mercenarios para luchar contra otros gobernantes musulmanes, contra los almor\u00e1vides llegados de \u00c1frica<\/strong> y tambi\u00e9n contra los reyes cristianos del norte, siendo el m\u00e1s famoso entre aquellos mercenarios El Cid Campeador.<\/p>\n<p style=\"text-align: justify;\">La fragmentaci\u00f3n musulmana en tantos reinos y sus luchas internas fueron aprovechadas por los soberanos cristianos, que sometieron a las taifas econ\u00f3micamente, y deb\u00edan pagar un tributo anual (parias).<\/p>\n<p class=\"p1\" style=\"text-align: justify;\">\u00a0<\/p>\n\n\t\t<\/div>\n\t\t\t\t\t<\/div>\n\n\t\n\n<\/div>\n\n\t\t<\/div>\n\n\t\t\n<style>\n#section_1484007540 {\n  padding-top: 0px;\n  padding-bottom: 0px;\n}\n<\/style>\n\t<\/section>\n\t\n\n\t<section class=\"section\" id=\"section_1887186802\">\n\t\t<div class=\"section-bg fill\" >\n\t\t\t\t\t\t\t\t\t\n\t\t\t\n\n\t\t<\/div>\n\n\t\t\n\n\t\t<div class=\"section-content relative\">\n\t\t\t\n\n<div class=\"row align-center\"  id=\"row-491855833\">\n\n\n\t<div id=\"col-694949550\" class=\"col medium-11 small-10 large-11\"  >\n\t\t\t\t<div class=\"col-inner\"  >\n\t\t\t\n\t\t\t\n\n<h3 style=\"text-align: justify;\"><strong>Segundo periodo de los Reinos de Taifas<\/strong><\/h3>\n<p class=\"p1\" style=\"text-align: justify;\"><span class=\"s1\" style=\"font-size: 100%;\">Tras la ca\u00edda del Imperio almor\u00e1vide (1085-1144) aparecieron los Segundos reinos de taifas (hasta 1172), que volvieron a fragmentar pol\u00edticamente a al-Andalus, como ocurri\u00f3 cuando se aboli\u00f3 el Califato.<\/span><\/p>\n<p style=\"text-align: justify;\">\n<h3 style=\"text-align: justify;\"><strong>Tercer periodo de los Reinos de Taifas<\/strong><\/h3>\n<p class=\"p1\" style=\"text-align: justify;\"><span class=\"s1\" style=\"font-size: 100%;\">Los almohades, tambi\u00e9n llegados del norte africano, quisieron recuperar la unidad musulmana en la Pen\u00ednsula Ib\u00e9rica y, al parecer, l<strong>o lograron hasta la Batalla de Las Navas de Tolosa (1212), cuando los cristianos derrotaron a los islamitas, que de nuevo se dividieron dando lugar a un territorio nuevamente fragmentado.<\/strong> Sin embargo, esto no impidi\u00f3 que los Reinos de Taifas brillasen a nivel econ\u00f3mico, art\u00edstico y cultural.<\/span><\/p>\n<p style=\"text-align: ljustify;\">\n<h3 style=\"text-align: justify;\"><strong>Reinos de Taifas y aceite de oliva<\/strong><\/h3>\n<p class=\"p1\" style=\"text-align: justify;\"><span class=\"s1\" style=\"font-size: 100%;\">El rey Almutamid de Sevilla (1069-1090) encontr\u00f3 la forma de pagar esas parias a los soberanos cristianos y asegurarse la no intervenci\u00f3n y una convivencia m\u00e1s o menos pac\u00edfica. Algunos reyes musulmanes enviaban dinero o mujeres en pago, pero <strong>Almutamid decidi\u00f3 ofrecer su bien m\u00e1s preciado: el aceite, obtenido de los mejores olivos de Andaluc\u00eda, ubicados en las actuales provincias de C\u00f3rdoba y Ja\u00e9n.<\/strong> Su aceite fue considerado un oro l\u00edquido y gracias a \u00e9l mantuvo intercambios comerciales con los reinos cristianos y con otras taifas, como la de Zaragoza, muy importante en la \u00e9poca, para cuyos reyes sirvi\u00f3 El Cid entre 1081 y 1086.<\/span><\/p>\n<p style=\"text-align: justify;\">\n<h3 style=\"text-align: justify;\"><strong>Comprar aceite de oliva monovarietal como regalo<\/strong><\/h3>\n<div style=\"text-align: justify;\">Si crees que el aceite de oliva es un regalo perfecto para tus seres queridos y est\u00e1s buscando uno, no dudes en pasarte por <a href=\"https:\/\/reinosdetaifas.com\/es\/aceite-de-oliva-virgen-extra-tienda\/\">nuestra tienda online<\/a>. Somos especialistas en aceite de oliva virgen extra monovarietal.\u00a0<\/div>\n<div style=\"text-align: justify;\">\u00a0<\/div>\n<h3 style=\"text-align: justify;\"><strong>Autora<\/strong><\/h3>\n<p class=\"p1\" style=\"text-align: justify;\"><span class=\"s1\">Blanca Navarro Gavil\u00e1n, Doctora en Historia Medieval por la Universidad de C\u00f3rdoba<\/span><\/p>\n\n\t\t<\/div>\n\t\t\t\t\t<\/div>\n\n\t\n\n<\/div>\n\n\t\t<\/div>\n\n\t\t\n<style>\n#section_1887186802 {\n  padding-top: 0px;\n  padding-bottom: 0px;\n  min-height: 300px;\n  background-color: rgb(255,255,255);\n}\n<\/style>\n\t<\/section>\n\t\n<div class=\"container section-title-container\" ><h3 class=\"section-title section-title-center\"><b aria-hidden=\"true\"><\/b><span class=\"section-title-main\" ><i class=\"icon-youtube\" aria-hidden=\"true\"><\/i>Medina Azahara<\/span><b aria-hidden=\"true\"><\/b><\/h3><\/div>\n\n<div class=\"row align-middle align-center\"  id=\"row-623268946\">\n\n\n\t<div id=\"col-708438656\" class=\"col medium-7 small-11 large-7\"  >\n\t\t\t\t<div class=\"col-inner text-right\"  >\n\t\t\t\n\t\t\t\n\n<p><iframe loading=\"lazy\" width=\"560\" height=\"315\" src=\"https:\/\/www.youtube.com\/embed\/iPICS2pQ720?start=133\" frameborder=\"0\" allow=\"autoplay; encrypted-media\" allowfullscreen=\"\"><\/iframe><\/p>\n\n\t\t<\/div>\n\t\t\t\t\t<\/div>\n\n\t\n\n\t<div id=\"col-604795645\" class=\"col medium-4 small-10 large-4\"  >\n\t\t\t\t<div class=\"col-inner\"  >\n\t\t\t\n\t\t\t\n\n<p style=\"text-align: justify;\">El yacimiento de <a href=\"https:\/\/es.wikipedia.org\/wiki\/Medina_Azahara\" rel=\"nofollow noopener\" target=\"_blank\">Medina Azahara<\/a> es desde el d\u00eda 1 de Julio de 2018 Patrimonio Mundial de la UNESCO.<\/p>\n<p style=\"text-align: justify;\">Esto convierte a C\u00f3rdoba en la primera ciudad con cuatro declaraciones de patr<span class=\"text_exposed_show\">imonio mundial. Aqu\u00ed pod\u00e9is el video con el que se concurs\u00f3 para conseguir este reconocimiento.<\/span><\/p>\n\n\t\t<\/div>\n\t\t\t\t\t<\/div>\n\n\t\n\n<\/div>\n\n","protected":false},"excerpt":{"rendered":"","protected":false},"author":14,"featured_media":0,"parent":0,"menu_order":0,"comment_status":"closed","ping_status":"closed","template":"","meta":{"footnotes":""},"class_list":["post-807","page","type-page","status-publish","hentry"],"_links":{"self":[{"href":"https:\/\/reinosdetaifas.com\/es\/wp-json\/wp\/v2\/pages\/807","targetHints":{"allow":["GET"]}}],"collection":[{"href":"https:\/\/reinosdetaifas.com\/es\/wp-json\/wp\/v2\/pages"}],"about":[{"href":"https:\/\/reinosdetaifas.com\/es\/wp-json\/wp\/v2\/types\/page"}],"author":[{"embeddable":true,"href":"https:\/\/reinosdetaifas.com\/es\/wp-json\/wp\/v2\/users\/14"}],"replies":[{"embeddable":true,"href":"https:\/\/reinosdetaifas.com\/es\/wp-json\/wp\/v2\/comments?post=807"}],"version-history":[{"count":27,"href":"https:\/\/reinosdetaifas.com\/es\/wp-json\/wp\/v2\/pages\/807\/revisions"}],"predecessor-version":[{"id":38065,"href":"https:\/\/reinosdetaifas.com\/es\/wp-json\/wp\/v2\/pages\/807\/revisions\/38065"}],"wp:attachment":[{"href":"https:\/\/reinosdetaifas.com\/es\/wp-json\/wp\/v2\/media?parent=807"}],"curies":[{"name":"wp","href":"https:\/\/api.w.org\/{rel}","templated":true}]}}