{"id":7197,"date":"2018-10-10T10:03:55","date_gmt":"2018-10-10T10:03:55","guid":{"rendered":"https:\/\/reinosdetaifas.com\/?page_id=7197"},"modified":"2026-03-26T17:55:14","modified_gmt":"2026-03-26T17:55:14","slug":"salud-aceite-oliva-virgen-extra","status":"publish","type":"page","link":"https:\/\/reinosdetaifas.com\/es\/salud-aceite-oliva-virgen-extra\/","title":{"rendered":"Salud y Aceite de Oliva Virgen Extra"},"content":{"rendered":"\n\n  <div class=\"banner has-hover hide-for-medium\" id=\"banner-916610789\">\n          <div class=\"banner-inner fill\">\n        <div class=\"banner-bg fill\" >\n                                    <div class=\"overlay\"><\/div>            \n                    <\/div>\n\t\t\n        <div class=\"banner-layers container\">\n            <div class=\"fill banner-link\"><\/div>            \n\n   <div id=\"text-box-1663488389\" class=\"text-box banner-layer x50 md-x50 lg-x50 y80 md-y80 lg-y80 res-text\">\n                                <div class=\"text-box-content text dark\">\n              \n              <div class=\"text-inner text-center\">\n                  \n\n<h1 style=\"text-align: center;\">Aceite de oliva virgen extra y Salud<\/h1>\n\n              <\/div>\n           <\/div>\n                            \n<style>\n#text-box-1663488389 {\n  width: 80%;\n}\n#text-box-1663488389 .text-box-content {\n  font-size: 100%;\n}\n<\/style>\n    <\/div>\n \n\n        <\/div>\n      <\/div>\n\n            \n<style>\n#banner-916610789 {\n  padding-top: 30%;\n  background-color: rgb(0,0,0);\n}\n#banner-916610789 .overlay {\n  background-color: rgba(0,0,0,.5);\n}\n#banner-916610789 .banner-bg img {\n  object-position: 0% 31%;\n}\n@media (min-width:550px) {\n  #banner-916610789 {\n    padding-top: 30%;\n  }\n}\n<\/style>\n  <\/div>\n\n\n\n  <div class=\"banner has-hover show-for-medium\" id=\"banner-688250992\">\n          <div class=\"banner-inner fill\">\n        <div class=\"banner-bg fill\" >\n                                    <div class=\"overlay\"><\/div>            \n                    <\/div>\n\t\t\n        <div class=\"banner-layers container\">\n            <div class=\"fill banner-link\"><\/div>            \n\n   <div id=\"text-box-496294322\" class=\"text-box banner-layer x50 md-x5 lg-x5 y50 md-y50 lg-y50 res-text\">\n                                <div class=\"text-box-content text dark\">\n              \n              <div class=\"text-inner text-center\">\n                  \n\n<h2 style=\"text-align: center;\">Aceite de oliva virgen extra y Salud<\/h2>\n\n              <\/div>\n           <\/div>\n                            \n<style>\n#text-box-496294322 {\n  width: 80%;\n}\n#text-box-496294322 .text-box-content {\n  font-size: 100%;\n}\n@media (min-width:550px) {\n  #text-box-496294322 {\n    width: 25%;\n  }\n}\n<\/style>\n    <\/div>\n \n\n        <\/div>\n      <\/div>\n\n            \n<style>\n#banner-688250992 {\n  padding-top: 95%;\n  background-color: rgb(0,0,0);\n}\n#banner-688250992 .overlay {\n  background-color: rgba(0,0,0,.5);\n}\n#banner-688250992 .banner-bg img {\n  object-position: 0% 31%;\n}\n@media (min-width:550px) {\n  #banner-688250992 {\n    padding-top: 30%;\n  }\n}\n<\/style>\n  <\/div>\n\n\n\n  <div class=\"banner has-hover\" id=\"banner-1488844473\">\n          <div class=\"banner-inner fill\">\n        <div class=\"banner-bg fill\" >\n                                                \n                    <\/div>\n\t\t\n        <div class=\"banner-layers container\">\n            <div class=\"fill banner-link\"><\/div>            \n\n   <div id=\"text-box-1725510197\" class=\"text-box banner-layer x50 md-x50 lg-x50 y50 md-y50 lg-y50 res-text\">\n                                <div class=\"text-box-content text \">\n              \n              <div class=\"text-inner text-center\">\n                  \n\n<p style=\"text-align: justify;\">When we select&nbsp;food ingredients&nbsp;to include in our diet we have to be aware that it&nbsp;will have&nbsp;a&nbsp;direct <strong>impact&nbsp;on our health<\/strong>. From&nbsp;Reinos de Taifas we know it and we proclaim&nbsp;the incredible health benefits of including&nbsp;<strong>Extra Virgin&nbsp;Olive Oil <\/strong>as part of a&nbsp;balanced diet for you and your family:&nbsp;<\/p>\n<ol>\n<li style=\"text-align: justify;\"><strong>Prevents cardiovascular diseases<\/strong>, improving blood circulation and <strong>reducing blood pressure.<\/strong><\/li>\n<li style=\"text-align: justify;\">Reduce the risk of <strong>gastrointestinal diseases<\/strong> as well as promotes the functioning of the <strong>digestive system<\/strong>.<\/li>\n<li style=\"text-align: justify;\">Contains <strong>anticoagulant<\/strong>&nbsp;elements that help to take care of your heart and has <strong>antioxidant properties<\/strong>.<\/li>\n<li style=\"text-align: justify;\"><strong>Strengthens the immune system<\/strong> because is rich in antioxidants and other essential nutrients that can help strengthen the immune system and provide <strong>protection against diseases<\/strong>.<\/li>\n<li style=\"text-align: justify;\">Is a great ally against <strong>diabetes <\/strong>by reducing insulin resistance.<\/li>\n<li style=\"text-align: justify;\">Olive oil has <strong>anti-inflammatory properties<\/strong> that could help reduce the pain associated with joints and muscles.<\/li>\n<\/ol>\n<p style=\"text-align: justify;\">While most importantly to report oil consumption benefits our health is to <strong>consume the quantities needed per day without exceeding<\/strong>. Nutritionists recommend taking olive oil every day. The recommended amount is <strong>three tablespoons a day<\/strong>. They also say it is good to bear&nbsp;in mind that consuming it raw the benefits for&nbsp;your <strong>health<\/strong>&nbsp;care more than if it\u00b4s cooked.<\/p>\n\n              <\/div>\n           <\/div>\n                            \n<style>\n#text-box-1725510197 {\n  width: 80%;\n}\n#text-box-1725510197 .text-box-content {\n  font-size: 100%;\n}\n@media (min-width:550px) {\n  #text-box-1725510197 {\n    width: 87%;\n  }\n}\n<\/style>\n    <\/div>\n \n\n        <\/div>\n      <\/div>\n\n            \n<style>\n#banner-1488844473 {\n  padding-top: 500px;\n  background-color: rgb(255,255,255);\n}\n<\/style>\n  <\/div>\n\n\n\t<div id=\"gap-1535757174\" class=\"gap-element clearfix\" style=\"display:block; height:auto;\">\n\t\t\n<style>\n#gap-1535757174 {\n  padding-top: 30px;\n}\n<\/style>\n\t<\/div>\n\t\n\n<div class=\"row row-small\"  id=\"row-129142973\">\n\n\n\t<div id=\"col-2018538586\" class=\"col medium-2 small-12 large-2\"  >\n\t\t\t\t<div class=\"col-inner\"  >\n\t\t\t\n\t\t\t\n\n\n\t\t<div class=\"icon-box featured-box icon-box-center text-center\"  >\n\t\t\t\t\t<div class=\"icon-box-img\" style=\"width: 60px\">\n\t\t\t\t<div class=\"icon\">\n\t\t\t\t\t<div class=\"icon-inner\" style=\"color:rgb(145, 134, 23);\">\n\t\t\t\t\t\t\t\t\t\t\t<\/div>\n\t\t\t\t<\/div>\n\t\t\t<\/div>\n\t\t\t\t<div class=\"icon-box-text last-reset\">\n\t\t\t<h5 class=\"uppercase\">Cuida tu coraz\u00f3n<\/h5>\t\t\t\t\t\t\n\n\n\t\t<\/div>\n\t<\/div>\n\t\n\t\n\n\t\t<\/div>\n\t\t\t\t\t<\/div>\n\n\t\n\n\t<div id=\"col-1309373880\" class=\"col medium-2 small-12 large-2\"  >\n\t\t\t\t<div class=\"col-inner\"  >\n\t\t\t\n\t\t\t\n\n\n\t\t<div class=\"icon-box featured-box icon-box-center text-center\"  >\n\t\t\t\t\t<div class=\"icon-box-img\" style=\"width: 60px\">\n\t\t\t\t<div class=\"icon\">\n\t\t\t\t\t<div class=\"icon-inner\" style=\"color:rgb(145, 134, 23);\">\n\t\t\t\t\t\t\t\t\t\t\t<\/div>\n\t\t\t\t<\/div>\n\t\t\t<\/div>\n\t\t\t\t<div class=\"icon-box-text last-reset\">\n\t\t\t<h5 class=\"uppercase\">Apto para Veganos<\/h5>\t\t\t\t\t\t\n\n\n\t\t<\/div>\n\t<\/div>\n\t\n\t\n\n\t\t<\/div>\n\t\t\t\t\t<\/div>\n\n\t\n\n\t<div id=\"col-1312240976\" class=\"col medium-2 small-12 large-2\"  >\n\t\t\t\t<div class=\"col-inner\"  >\n\t\t\t\n\t\t\t\n\n\n\t\t<div class=\"icon-box featured-box icon-box-center text-center\"  >\n\t\t\t\t\t<div class=\"icon-box-img\" style=\"width: 60px\">\n\t\t\t\t<div class=\"icon\">\n\t\t\t\t\t<div class=\"icon-inner\" style=\"color:rgb(145, 134, 23);\">\n\t\t\t\t\t\t\t\t\t\t\t<\/div>\n\t\t\t\t<\/div>\n\t\t\t<\/div>\n\t\t\t\t<div class=\"icon-box-text last-reset\">\n\t\t\t<h5 class=\"uppercase\">Sin grasas trans<\/h5>\t\t\t\t\t\t\n\n\n\t\t<\/div>\n\t<\/div>\n\t\n\t\n\n\t\t<\/div>\n\t\t\t\t\t<\/div>\n\n\t\n\n\t<div id=\"col-1848855130\" class=\"col medium-2 small-12 large-2\"  >\n\t\t\t\t<div class=\"col-inner\"  >\n\t\t\t\n\t\t\t\n\n\n\t\t<div class=\"icon-box featured-box icon-box-center text-center\"  >\n\t\t\t\t\t<div class=\"icon-box-img\" style=\"width: 60px\">\n\t\t\t\t<div class=\"icon\">\n\t\t\t\t\t<div class=\"icon-inner\" style=\"color:rgb(145, 134, 23);\">\n\t\t\t\t\t\t\t\t\t\t\t<\/div>\n\t\t\t\t<\/div>\n\t\t\t<\/div>\n\t\t\t\t<div class=\"icon-box-text last-reset\">\n\t\t\t<h5 class=\"uppercase\">Sin Gluten<\/h5>\t\t\t\t\t\t\n\n\n\t\t<\/div>\n\t<\/div>\n\t\n\t\n\n\t\t<\/div>\n\t\t\t\t\t<\/div>\n\n\t\n\n\t<div id=\"col-1026111633\" class=\"col medium-2 small-12 large-2\"  >\n\t\t\t\t<div class=\"col-inner\"  >\n\t\t\t\n\t\t\t\n\n\n\t\t<div class=\"icon-box featured-box icon-box-center text-center\"  >\n\t\t\t\t\t<div class=\"icon-box-img\" style=\"width: 60px\">\n\t\t\t\t<div class=\"icon\">\n\t\t\t\t\t<div class=\"icon-inner\" style=\"color:rgb(145, 134, 23);\">\n\t\t\t\t\t\t\t\t\t\t\t<\/div>\n\t\t\t\t<\/div>\n\t\t\t<\/div>\n\t\t\t\t<div class=\"icon-box-text last-reset\">\n\t\t\t<h5 class=\"uppercase\">Sin az\u00facar<\/h5>\t\t\t\t\t\t\n\n\n\t\t<\/div>\n\t<\/div>\n\t\n\t\n\n\t\t<\/div>\n\t\t\t\t\t<\/div>\n\n\t\n\n\t<div id=\"col-816074790\" class=\"col medium-2 small-12 large-2\"  >\n\t\t\t\t<div class=\"col-inner\"  >\n\t\t\t\n\t\t\t\n\n\n\t\t<div class=\"icon-box featured-box icon-box-center text-center\"  >\n\t\t\t\t\t<div class=\"icon-box-img\" style=\"width: 60px\">\n\t\t\t\t<div class=\"icon\">\n\t\t\t\t\t<div class=\"icon-inner\" style=\"color:rgb(145, 134, 23);\">\n\t\t\t\t\t\t\t\t\t\t\t<\/div>\n\t\t\t\t<\/div>\n\t\t\t<\/div>\n\t\t\t\t<div class=\"icon-box-text last-reset\">\n\t\t\t<h5 class=\"uppercase\">Ali\u00f1ar en crudo<\/h5>\t\t\t\t\t\t\n\n\n\t\t<\/div>\n\t<\/div>\n\t\n\t\n\n\t\t<\/div>\n\t\t\t\t\t<\/div>\n\n\t\n\n<\/div>\n<div class=\"row\"  id=\"row-819570541\">\n\n\n\t<div id=\"col-264512393\" class=\"col medium-6 small-12 large-6\"  >\n\t\t\t\t<div class=\"col-inner\"  >\n\t\t\t\n\t\t\t\n\n\t<div class=\"box has-hover   has-hover box-text-bottom\" >\n\n\t\t<div class=\"box-image\" >\n\t\t\t<a href=\"https:\/\/www.hsph.harvard.edu\/nutritionsource\/healthy-eating-plate\/translations\/spanish_spain\/\" target=\"_blank\" rel=\"noopener nofollow\">\t\t\t<div class=\"\" >\n\t\t\t\t<img loading=\"lazy\" decoding=\"async\" width=\"1854\" height=\"1450\" src=\"https:\/\/reinosdetaifas.com\/wp-content\/uploads\/2018\/01\/Spanish_Spain_HEP_May2015.jpg\" class=\"attachment- size-\" alt=\"Healthy eating plate\" srcset=\"https:\/\/reinosdetaifas.com\/wp-content\/uploads\/2018\/01\/Spanish_Spain_HEP_May2015.jpg 1854w, https:\/\/reinosdetaifas.com\/wp-content\/uploads\/2018\/01\/Spanish_Spain_HEP_May2015-510x399.jpg 510w\" sizes=\"auto, (max-width: 1854px) 100vw, 1854px\" title=\"\">\t\t\t\t\t\t\t\t\t\t\t<\/div>\n\t\t\t<\/a>\t\t<\/div>\n\n\t\t<div class=\"box-text text-center\" >\n\t\t\t<div class=\"box-text-inner\">\n\t\t\t\t\n\n<h4 style=\"text-align: justify;\">El&nbsp;<a href=\"https:\/\/www.hsph.harvard.edu\/nutritionsource\/healthy-eating-plate\/translations\/spanish_spain\/\" rel=\"nofollow noopener\" target=\"_blank\">Plato de la alimentaci\u00f3n saludable<\/a>&nbsp;nos muestra cu\u00e1ntas raciones de cada grupo de alimentos debemos consumir en una dieta equilibrada.<\/h4>\n\n\t\t\t<\/div>\n\t\t<\/div>\n\t<\/div>\n\t\n\n\t\t<\/div>\n\t\t\t\t\t<\/div>\n\n\t\n\n\t<div id=\"col-434182730\" class=\"col medium-6 small-12 large-6\"  >\n\t\t\t\t<div class=\"col-inner\"  >\n\t\t\t\n\t\t\t\n\n\t<div class=\"box has-hover   has-hover box-text-bottom\" >\n\n\t\t<div class=\"box-image\" >\n\t\t\t<a href=\"https:\/\/www.hsph.harvard.edu\/nutritionsource\/healthy-eating-plate\/translations\/spanish_spain\/\" target=\"_blank\" rel=\"noopener nofollow\">\t\t\t<div class=\"\" >\n\t\t\t\t\t\t\t\t\t\t\t\t\t\t\t<\/div>\n\t\t\t<\/a>\t\t<\/div>\n\n\t\t<div class=\"box-text text-center\" >\n\t\t\t<div class=\"box-text-inner\">\n\t\t\t\t\n\n\n\t\t\t<\/div>\n\t\t<\/div>\n\t<\/div>\n\t\n\n\t\t<\/div>\n\t\t\t\t\t<\/div>\n\n\t\n\n<\/div>\n\n\t<section class=\"section\" id=\"section_1103493353\">\n\t\t<div class=\"section-bg fill\" >\n\t\t\t\t\t\t\t\t\t<div class=\"section-bg-overlay absolute fill\"><\/div>\n\t\t\t\n\n\t\t<\/div>\n\n\t\t\n\n\t\t<div class=\"section-content relative\">\n\t\t\t\n\n<div class=\"row row-large align-center\"  id=\"row-371189944\">\n\n\n\t<div id=\"col-413865004\" class=\"col medium-4 small-12 large-4\"  >\n\t\t\t\t<div class=\"col-inner text-right\"  >\n\t\t\t\n\t\t\t\n\n\t<div class=\"img has-hover x md-x lg-x y md-y lg-y\" id=\"image_1088106422\">\n\t\t<a class=\"\" href=\"http:\/\/www.who.int\/es\/news-room\/fact-sheets\/detail\/healthy-diet\" target=\"_blank\" rel=\"noopener nofollow\">\t\t\t\t\t\t<div class=\"img-inner dark\" >\n\t\t\t\t\t\t\t\t\t\n\t\t\t\t\t<\/div>\n\t\t\t\t\t\t<\/a>\t\t\n<style>\n#image_1088106422 {\n  width: 100%;\n}\n<\/style>\n\t<\/div>\n\t\n\n<h3 style=\"text-align: justify;\">Organizaci\u00f3n Mundial de la Salud<\/h3>\n<p style=\"text-align: justify;\">La Organizaci\u00f3n Mundial de la Salud ha publicado numerosos art\u00edculos que pueden ayudarte a seguir una <a href=\"http:\/\/who.int\/topics\/diet\/es\/\" rel=\"nofollow noopener\" target=\"_blank\">dieta equilibrada<\/a>.<\/p>\n\n\t\t<\/div>\n\t\t\t\t\t<\/div>\n\n\t\n\n\t<div id=\"col-1193100894\" class=\"col medium-4 small-12 large-4\"  >\n\t\t\t\t<div class=\"col-inner\"  >\n\t\t\t\n\t\t\t\n\n\t<div class=\"img has-hover x md-x lg-x y md-y lg-y\" id=\"image_1579695329\">\n\t\t<a class=\"\" href=\"https:\/\/medlineplus.gov\/spanish\/druginfo\/natural\/233.html\" target=\"_blank\" rel=\"noopener nofollow\">\t\t\t\t\t\t<div class=\"img-inner dark\" >\n\t\t\t\t\t\t\t\t\t\n\t\t\t\t\t<\/div>\n\t\t\t\t\t\t<\/a>\t\t\n<style>\n#image_1579695329 {\n  width: 70%;\n}\n<\/style>\n\t<\/div>\n\t\n\n<h3>MedlinePlus<\/h3>\n<p style=\"text-align: justify;\">MedlinePlus en espa\u00f1ol es el sitio web de los Institutos Nacionales de la Salud para pacientes, familiares y amigos. Producida por la Biblioteca Nacional de Medicina de los Estados Unidos, la biblioteca m\u00e9dica m<span class=\"addthisnoscript\">\u00e1<\/span>s grande del mundo, MedlinePlus le brinda informaci\u00f3n sobre enfermedades, afecciones y bienestar en un lenguaje f\u00e1cil de leer. MedlinePlus le ofrece informaci\u00f3n confiable y actualizada en todo momento, en cualquier lugar y de forma gratuita.<\/p>\n\n\t\t<\/div>\n\t\t\t\t\t<\/div>\n\n\t\n\n\t<div id=\"col-1702469072\" class=\"col medium-4 small-12 large-4\"  >\n\t\t\t\t<div class=\"col-inner text-left\"  >\n\t\t\t\n\t\t\t\n\n\t<div class=\"img has-hover x md-x lg-x y md-y lg-y\" id=\"image_1224755229\">\n\t\t<a class=\"\" href=\"http:\/\/www.diabetes.org\/es\/alimentos-y-actividad-fisica\/alimentos\/que-voy-a-comer\/la-eleccion-de-alimentos-saludables\/grasas.html\" target=\"_blank\" rel=\"noopener nofollow\">\t\t\t\t\t\t<div class=\"img-inner dark\" >\n\t\t\t\t\t\t\t\t\t\n\t\t\t\t\t<\/div>\n\t\t\t\t\t\t<\/a>\t\t\n<style>\n#image_1224755229 {\n  width: 70%;\n}\n<\/style>\n\t<\/div>\n\t\n\n<h3>American Diabetes Association<\/h3>\n<p style=\"text-align: justify;\">La fuerza que&nbsp;mueve&nbsp;la asociaci\u00f3n es una red de m\u00e1s de un mill\u00f3n de voluntarios, m\u00e1s de 500,000 miembros con diabetes, sus familias y cuidadores, una comunidad de alrededor de 14,000&nbsp;profesionales sanitarios y m\u00e1s de 800 empleados.<\/p>\n\n\t\t<\/div>\n\t\t\t\t\t<\/div>\n\n\t\n\n<\/div>\n\n\t\t<\/div>\n\n\t\t\n<style>\n#section_1103493353 {\n  padding-top: 30px;\n  padding-bottom: 30px;\n  background-color: rgb(255,255,255);\n}\n#section_1103493353 .section-bg-overlay {\n  background-color: rgba(255, 255, 255, 0.85);\n}\n<\/style>\n\t<\/section>\n\t\n<div class=\"row\"  id=\"row-1180579120\">\n\n\n\t<div id=\"col-1325145523\" class=\"col small-12 large-12\"  >\n\t\t\t\t<div class=\"col-inner\"  >\n\t\t\t\n\t\t\t\n\n<p>Puedes leer y descargar aqu\u00ed el libro&nbsp;de la SEDCA <a href=\"http:\/\/www.nutricion.org\/publicaciones\/pdf\/aceite_de_oliva.pdf\" rel=\"nofollow noopener\" target=\"_blank\">\u00abEl aceite de oliva y la dieta mediterr\u00e1nea\u00bb<\/a><\/p>\n\n\t\t<\/div>\n\t\t\t\t\t<\/div>\n\n\t\n\n\t<div id=\"col-747298232\" class=\"col small-12 large-12\"  >\n\t\t\t\t<div class=\"col-inner\"  >\n\t\t\t\n\t\t\t\n\n<h3>Art\u00edculos relacionados<\/h3>\n<p><a href=\"https:\/\/elpais.com\/elpais\/2018\/01\/25\/ciencia\/1516893384_073064.html\" rel=\"nofollow noopener\" target=\"_blank\">El h\u00edgado soporta mejor el aceite de oliva<\/a><\/p>\n<p><a href=\"http:\/\/www.agenciasinc.es\/Noticias\/Los-beneficios-de-freir-con-aceite-de-oliva-virgen-extra\" rel=\"nofollow noopener\" target=\"_blank\">Beneficios de fre\u00edr con aceite de oliva virgen extra<\/a><\/p>\n<p>&nbsp;<\/p>\n<p>&nbsp;<\/p>\n<p>&nbsp;<\/p>\n\n\t\t<\/div>\n\t\t\t\t\t<\/div>\n\n\t\n\n<\/div>\n","protected":false},"excerpt":{"rendered":"","protected":false},"author":14,"featured_media":0,"parent":0,"menu_order":0,"comment_status":"closed","ping_status":"closed","template":"page-transparent-header-light.php","meta":{"footnotes":""},"class_list":["post-7197","page","type-page","status-publish","hentry"],"_links":{"self":[{"href":"https:\/\/reinosdetaifas.com\/es\/wp-json\/wp\/v2\/pages\/7197","targetHints":{"allow":["GET"]}}],"collection":[{"href":"https:\/\/reinosdetaifas.com\/es\/wp-json\/wp\/v2\/pages"}],"about":[{"href":"https:\/\/reinosdetaifas.com\/es\/wp-json\/wp\/v2\/types\/page"}],"author":[{"embeddable":true,"href":"https:\/\/reinosdetaifas.com\/es\/wp-json\/wp\/v2\/users\/14"}],"replies":[{"embeddable":true,"href":"https:\/\/reinosdetaifas.com\/es\/wp-json\/wp\/v2\/comments?post=7197"}],"version-history":[{"count":6,"href":"https:\/\/reinosdetaifas.com\/es\/wp-json\/wp\/v2\/pages\/7197\/revisions"}],"predecessor-version":[{"id":11999,"href":"https:\/\/reinosdetaifas.com\/es\/wp-json\/wp\/v2\/pages\/7197\/revisions\/11999"}],"wp:attachment":[{"href":"https:\/\/reinosdetaifas.com\/es\/wp-json\/wp\/v2\/media?parent=7197"}],"curies":[{"name":"wp","href":"https:\/\/api.w.org\/{rel}","templated":true}]}}