{"id":684,"date":"2016-10-08T12:50:07","date_gmt":"2016-10-08T12:50:07","guid":{"rendered":"http:\/\/wp.reinosdetaifas.com\/es\/green-gold\/"},"modified":"2025-05-12T12:45:14","modified_gmt":"2025-05-12T11:45:14","slug":"cuidado-del-olivo","status":"publish","type":"page","link":"https:\/\/reinosdetaifas.com\/es\/cuidado-del-olivo\/","title":{"rendered":"Cuidado del olivo al aceite de oliva"},"content":{"rendered":"\n\n  <div class=\"banner has-hover hide-for-small\" id=\"banner-794960714\">\n          <div class=\"banner-inner fill\">\n        <div class=\"banner-bg fill\" >\n                                    <div class=\"overlay\"><\/div>            \n                    <\/div>\n\t\t\n        <div class=\"banner-layers container\">\n            <div class=\"fill banner-link\"><\/div>            \n\n   <div id=\"text-box-1599943540\" class=\"text-box banner-layer x0 md-x50 lg-x10 y50 md-y35 lg-y30 res-text\">\n                                <div class=\"text-box-content text \">\n              \n              <div class=\"text-inner text-center\">\n                  \n\n\t<div id=\"text-736240844\" class=\"text\">\n\t\t\n\n<h1 class=\"uppercase\">Del cuidado del olivo al aceite de oliva virgen extra espa\u00f1ol<\/h1>\n\t\t\n<style>\n#text-736240844 {\n  font-size: 0.75rem;\n}\n<\/style>\n\t<\/div>\n\t\n\n              <\/div>\n           <\/div>\n                            \n<style>\n#text-box-1599943540 {\n  margin: 30px 30px 30px 30px;\n  width: 94%;\n}\n#text-box-1599943540 .text-box-content {\n  background-color: rgba(255, 255, 255, 0.8);\n  border-radius: 20px;\n  font-size: 100%;\n}\n@media (min-width:550px) {\n  #text-box-1599943540 {\n    width: 50%;\n  }\n}\n@media (min-width:850px) {\n  #text-box-1599943540 {\n    width: 83%;\n  }\n}\n<\/style>\n    <\/div>\n \n\n        <\/div>\n      <\/div>\n\n            \n<style>\n#banner-794960714 {\n  padding-top: 70%;\n  background-color: rgb(255, 249, 249);\n}\n#banner-794960714 .overlay {\n  background-color: rgba(251, 248, 248, 0);\n}\n@media (min-width:550px) {\n  #banner-794960714 {\n    padding-top: 50%;\n  }\n}\n@media (min-width:850px) {\n  #banner-794960714 {\n    padding-top: 30%;\n  }\n}\n<\/style>\n  <\/div>\n\n\n\n  <div class=\"banner has-hover show-for-small\" id=\"banner-470164867\">\n          <div class=\"banner-inner fill\">\n        <div class=\"banner-bg fill\" >\n            <img loading=\"lazy\" decoding=\"async\" width=\"667\" height=\"445\" src=\"https:\/\/reinosdetaifas.com\/wp-content\/uploads\/2017\/10\/DSC05348paraweb.jpg\" class=\"bg attachment-medium_large size-medium_large\" alt=\"Almazara de Reinos de Taifas molino Castro del Rio\" title=\"\">                        <div class=\"overlay\"><\/div>            \n                    <\/div>\n\t\t\n        <div class=\"banner-layers container\">\n            <div class=\"fill banner-link\"><\/div>            \n\n   <div id=\"text-box-949106107\" class=\"text-box banner-layer x50 md-x50 lg-x50 y35 md-y35 lg-y50 res-text\">\n                                <div class=\"text-box-content text dark\">\n              \n              <div class=\"text-inner text-center\">\n                  \n\n<h2 class=\"uppercase\">Oro verde<\/h2>\n\n              <\/div>\n           <\/div>\n                            \n<style>\n#text-box-949106107 {\n  width: 81%;\n}\n#text-box-949106107 .text-box-content {\n  font-size: 100%;\n}\n@media (min-width:550px) {\n  #text-box-949106107 {\n    width: 50%;\n  }\n}\n@media (min-width:850px) {\n  #text-box-949106107 {\n    width: 60%;\n  }\n}\n<\/style>\n    <\/div>\n \n\n        <\/div>\n      <\/div>\n\n            \n<style>\n#banner-470164867 {\n  padding-top: 96%;\n}\n#banner-470164867 .overlay {\n  background-color: rgba(0, 0, 0, 0.13);\n}\n#banner-470164867 .banner-bg img {\n  object-position: 42% 83%;\n}\n@media (min-width:550px) {\n  #banner-470164867 {\n    padding-top: 50%;\n  }\n}\n@media (min-width:850px) {\n  #banner-470164867 {\n    padding-top: 40%;\n  }\n}\n<\/style>\n  <\/div>\n\n\n\n\t<section class=\"section\" id=\"section_1796931250\">\n\t\t<div class=\"section-bg fill\" >\n\t\t\t\t\t\t\t\t\t<div class=\"section-bg-overlay absolute fill\"><\/div>\n\t\t\t\n\n\t\t<\/div>\n\n\t\t\n\n\t\t<div class=\"section-content relative\">\n\t\t\t\n\n<div class=\"row row-large align-middle align-center\"  id=\"row-1185392912\">\n\n\n\t<div id=\"col-2130755145\" class=\"col small-10 large-12\"  >\n\t\t\t\t<div class=\"col-inner text-left\"  >\n\t\t\t\n\t\t\t\n\n<h3>Nuestra Herencia<\/h3>\n<p>Desde el cuidado de los olivos hasta la producci\u00f3n de <a href=\"https:\/\/reinosdetaifas.com\/es\/que-es-aove\/\">aceite de oliva virgen extra<\/a>, Reinos de Taifas es <strong>un productor familiar desde 1700<\/strong>. Durante m\u00e1s de tres generaciones, hemos combinado tradici\u00f3n e innovaci\u00f3n moderna para garantizar que cada botella de nuestro \u00abOro Verde\u00bb l\u00edquido refleje el cuidado y la experiencia invertidos en su creaci\u00f3n. Supervisamos cada paso del proceso, desde la gesti\u00f3n de nuestros olivos hasta el embotellado del aceite, asegur\u00e1ndonos de que el producto llega al cliente en su mejor momento.<\/p>\n<h3>&nbsp;<\/h3>\n<h3>Qu\u00e9 Nos Hace Especiales<\/h3>\n<div style=\"text-align: justify;\">Durante la cosecha, recogemos y molturamos nuestras aceitunas de inmediato. Esto garantiza un aceite de oliva fresco, rico y lleno de nutrientes, lo que con orgullo llamamos \u00abOro Verde\u00bb.<\/div>\n<h3>&nbsp;<\/h3>\n<h3>D\u00f3nde Estamos Ubicados<\/h3>\n<div style=\"text-align: justify;\">Nuestra finca de olivos est\u00e1 ubicada en <strong>Castro del R\u00edo, Andaluc\u00eda, en el sur de Espa\u00f1a<\/strong>. El suelo arcilloso rico en calcio de esta regi\u00f3n es ideal para cultivar aceitunas de alta calidad. El video muestra nuestra almazara en Castro del R\u00edo.<\/div>\n\n\t\t<\/div>\n\t\t\t\t\t<\/div>\n\n\t\n\n<\/div>\n\n\t\t<\/div>\n\n\t\t\n<style>\n#section_1796931250 {\n  padding-top: 30px;\n  padding-bottom: 30px;\n  background-color: rgb(255,255,255);\n}\n#section_1796931250 .section-bg-overlay {\n  background-color: rgba(255, 255, 255, 0.85);\n}\n<\/style>\n\t<\/section>\n\t\n\n\t<section class=\"section\" id=\"section_1581903047\">\n\t\t<div class=\"section-bg fill\" >\n\t\t\t\t\t\t\t\t\t\n\t\t\t\n\n\t\t<\/div>\n\n\t\t\n\n\t\t<div class=\"section-content relative\">\n\t\t\t\n\n<div class=\"row\"  id=\"row-387949668\">\n\n\n\t<div id=\"col-1137920867\" class=\"col small-12 large-12\"  >\n\t\t\t\t<div class=\"col-inner\"  >\n\t\t\t\n\t\t\t\n\n<h2><strong>\u00cdndice de contenidos<\/strong><\/h2>\n<div>&nbsp;<\/div>\n<div><strong>Lo que nos hace \u00fanicos<\/strong><\/div>\n<div>&nbsp;<\/div>\n<div><strong>Tipos de olivos y sus caracter\u00edsticas<\/strong><\/div>\n<div>&nbsp;<\/div>\n<div><strong>El proceso de producci\u00f3n del aceite de oliva<\/strong><\/div>\n<div>&nbsp;<\/div>\n<div><strong>El ciclo del aceite de oliva: Del cuidado del olivo a la mesa familiar<\/strong><\/div>\n<div>&nbsp;<\/div>\n<div><strong>Problemas comunes del olivo y soluciones<\/strong><\/div>\n<div>&nbsp;<\/div>\n<div><strong>Pr\u00e1cticas agr\u00edcolas sostenibles para el cuidado del olivo<\/strong><\/div>\n\n\t\t<\/div>\n\t\t\t\t\t<\/div>\n\n\t\n\n<\/div>\n\n\t\t<\/div>\n\n\t\t\n<style>\n#section_1581903047 {\n  padding-top: 30px;\n  padding-bottom: 30px;\n}\n<\/style>\n\t<\/section>\n\t\n\n  <div class=\"banner has-hover show-for-small\" id=\"banner-1070876209\">\n          <div class=\"banner-inner fill\">\n        <div class=\"banner-bg fill\" >\n                                                \n                    <\/div>\n\t\t\n        <div class=\"banner-layers container\">\n            <div class=\"fill banner-link\"><\/div>            \n\n   <div id=\"text-box-1462354535\" class=\"text-box banner-layer x50 md-x50 lg-x50 y0 md-y0 lg-y0 res-text\">\n                                <div class=\"text-box-content text dark\">\n              \n              <div class=\"text-inner text-center\">\n                  \n\n<p><iframe loading=\"lazy\" width=\"640\" height=\"360\" src=\"https:\/\/www.youtube.com\/embed\/zkJO2Nher_E?rel=0&amp;showinfo=0\" frameborder=\"0\" allowfullscreen=\"\"><\/iframe><\/p>\n\n              <\/div>\n           <\/div>\n                            \n<style>\n#text-box-1462354535 {\n  width: 100%;\n}\n#text-box-1462354535 .text-box-content {\n  font-size: 100%;\n}\n<\/style>\n    <\/div>\n \n\n        <\/div>\n      <\/div>\n\n            \n<style>\n#banner-1070876209 {\n  padding-top: 120%;\n  background-color: rgb(255,255,255);\n}\n@media (min-width:550px) {\n  #banner-1070876209 {\n    padding-top: 100%;\n  }\n}\n@media (min-width:850px) {\n  #banner-1070876209 {\n    padding-top: 101%;\n  }\n}\n<\/style>\n  <\/div>\n\n\n<div class=\"row align-center\"  id=\"row-417628603\">\n\n\n\t<div id=\"col-646172743\" class=\"col medium-6 small-10 large-6\"  >\n\t\t\t\t<div class=\"col-inner\"  >\n\t\t\t\n\t\t\t\n\n<h3>Lo que producimos<\/h3>\n<div>&nbsp;<\/div>\n<div style=\"text-align: justify;\">Nos especializamos en <a href=\"https:\/\/reinosdetaifas.com\/es\/aceite-de-oliva-espanol-monovarietal\/\">aceites de oliva virgen extra monovarietales<\/a>. <strong>Cada botella se elabora con aceitunas 100% del mismo \u00e1rbol.<\/strong><\/div>\n<div>&nbsp;<\/div>\n<div>\u2022 Arbequina<\/div>\n<div>\u2022 Picual<\/div>\n<div>\u2022 Picudo<\/div>\n<div>\u2022 Hojiblanca<\/div>\n<div>\u2022 Koroneiki<\/div>\n<div>&nbsp;<\/div>\n<div style=\"text-align: justify;\">Estas variedades de aceitunas son reconocidas mundialmente por producir aceites de oliva virgen extra excepcionales.<\/div>\n\n\t\t<\/div>\n\t\t\t\t\t<\/div>\n\n\t\n\n\t<div id=\"col-1931869607\" class=\"col medium-6 small-12 large-6\"  >\n\t\t\t\t<div class=\"col-inner text-center\"  >\n\t\t\t\n\t\t\t\n\n\t<div class=\"img has-hover x md-x lg-x y md-y lg-y\" id=\"image_862053573\">\n\t\t\t\t\t\t\t\t<div class=\"img-inner dark\" >\n\t\t\t<img loading=\"lazy\" decoding=\"async\" width=\"400\" height=\"300\" src=\"https:\/\/reinosdetaifas.com\/wp-content\/uploads\/2017\/06\/lorry-unloading.jpg\" class=\"attachment-medium_large size-medium_large\" alt=\"cami\u00f3n descargando aceitunas\" title=\"\">\t\t\t\t\t\t\n\t\t\t\t\t<\/div>\n\t\t\t\t\t\t\t\t\n<style>\n#image_862053573 {\n  width: 80%;\n}\n<\/style>\n\t<\/div>\n\t\n\n\n\t\t<\/div>\n\t\t\t\t\n<style>\n#col-1931869607 > .col-inner {\n  padding: 30px 0px 0px 0px;\n}\n<\/style>\n\t<\/div>\n\n\t\n\n\t<div id=\"col-1366359173\" class=\"col small-10 large-12\"  >\n\t\t\t\t<div class=\"col-inner\"  >\n\t\t\t\n\t\t\t\n\n<h3>Nuestro proceso de producci\u00f3n tradicional y moderno<\/h3>\n<h4>M\u00e9todos hist\u00f3ricos<\/h4>\n<p style=\"text-align: justify;\">\u2022 Antes de 1890: La molienda de aceitunas se hac\u00eda con tracci\u00f3n animal.<br>\u2022 1890: Introdujimos una piedra de molino tradicional operada por una viga y estufa.<br>\u2022 1932: Las prensas hidr\u00e1ulicas reemplazaron los m\u00e9todos manuales. Tambi\u00e9n a\u00f1adimos pozos de decantaci\u00f3n y termo-filtros para separar el aceite del agua de forma natural.<\/p>\n<h4>T\u00e9cnicas modernas<\/h4>\n<p style=\"text-align: justify;\">\u2022 1975: Implementamos sistemas modernos de extracci\u00f3n que seguimos mejorando.<br>\u2022 Hoy en d\u00eda, usamos centrifugaci\u00f3n en fr\u00edo para extraer nuestro oro verde, preservando sus propiedades naturales y aroma. El proceso es completamente libre de qu\u00edmicos, y utilizamos equipos de acero inoxidable para evitar la contaminaci\u00f3n.<\/p>\n\n\t\t<\/div>\n\t\t\t\t\t<\/div>\n\n\t\n\n\t<div id=\"col-1000332566\" class=\"col medium-6 small-10 large-6\"  >\n\t\t\t\t<div class=\"col-inner\"  >\n\t\t\t\n\t\t\t\n\n<h3>Temporada de cosecha<\/h3>\n<div style=\"text-align: justify;\">Nuestra cosecha se realiza de noviembre a febrero. Una vez recogidas las aceitunas, priorizamos la molienda inmediata para evitar la fermentaci\u00f3n y degradaci\u00f3n, manteniendo la calidad \u00f3ptima.<\/div>\n<div>&nbsp;<\/div>\n<h3>Nuestro compromiso con la calidad<\/h3>\n<div style=\"text-align: justify;\">Despu\u00e9s de la extracci\u00f3n, nuestro AOVE se almacena en contenedores de acero inoxidable para protegerlo de la luz, fluctuaciones de temperatura y otros factores externos. Esto asegura que nuestro oro verde conserve su frescura, nutrientes y sabor.<\/div>\n\n\t\t<\/div>\n\t\t\t\t\t<\/div>\n\n\t\n\n\t<div id=\"col-1581346921\" class=\"col medium-6 small-12 large-6\"  >\n\t\t\t\t<div class=\"col-inner text-center\"  >\n\t\t\t\n\t\t\t\n\n\t<div class=\"img has-hover x md-x lg-x y md-y lg-y\" id=\"image_867104279\">\n\t\t\t\t\t\t\t\t<div class=\"img-inner dark\" >\n\t\t\t<img loading=\"lazy\" decoding=\"async\" width=\"410\" height=\"307\" src=\"https:\/\/reinosdetaifas.com\/wp-content\/uploads\/2016\/11\/Olives-going-to-the-blender2.jpg\" class=\"attachment-medium_large size-medium_large\" alt=\"aceitunas-molienda-AOVE-Oro-Verde-fresco-Variedad-Unica-Reinos-de-Taifas\" title=\"\">\t\t\t\t\t\t\n\t\t\t\t\t<\/div>\n\t\t\t\t\t\t\t\t\n<style>\n#image_867104279 {\n  width: 80%;\n}\n<\/style>\n\t<\/div>\n\t\n\n\n\t\t<\/div>\n\t\t\t\t\n<style>\n#col-1581346921 > .col-inner {\n  padding: 30px 0px 0px 0px;\n}\n<\/style>\n\t<\/div>\n\n\t\n\n\t<div id=\"col-166553993\" class=\"col small-10 large-12\"  >\n\t\t\t\t<div class=\"col-inner\"  >\n\t\t\t\n\t\t\t\n\n<h3>\u00bfPor qu\u00e9 lo hacemos?<\/h3>\n<p style=\"text-align: justify;\">Nuestra familia ha estado produciendo aceite de oliva virgen extra durante generaciones, siempre trabajando para mejorar. Nos encanta crear el mejor aceite de oliva y compartirlo con los dem\u00e1s. Mientras mantenemos vivas nuestras antiguas tradiciones, tambi\u00e9n utilizamos t\u00e9cnicas modernas para mejorar nuestros productos. Nuestro objetivo es simple: seguir mejorando y compartiendo el mejor aceite de oliva con nuestra comunidad y el mundo.<\/p>\n\n\t\t<\/div>\n\t\t\t\t\t<\/div>\n\n\t\n\n<\/div>\n\n  <div class=\"banner has-hover show-for-medium hide-for-small\" id=\"banner-13649769\">\n          <div class=\"banner-inner fill\">\n        <div class=\"banner-bg fill\" >\n                                                \n                    <\/div>\n\t\t\n        <div class=\"banner-layers container\">\n            <div class=\"fill banner-link\"><\/div>            \n\n   <div id=\"text-box-596567738\" class=\"text-box banner-layer x50 md-x50 lg-x50 y0 md-y0 lg-y0 res-text\">\n                                <div class=\"text-box-content text dark\">\n              \n              <div class=\"text-inner text-center\">\n                  \n\n<p><iframe loading=\"lazy\" width=\"853\" height=\"480\" src=\"https:\/\/www.youtube.com\/embed\/zkJO2Nher_E?rel=0&amp;showinfo=0\" frameborder=\"0\" allowfullscreen=\"\"><\/iframe><\/p>\n\n              <\/div>\n           <\/div>\n                            \n<style>\n#text-box-596567738 {\n  width: 100%;\n}\n#text-box-596567738 .text-box-content {\n  font-size: 100%;\n}\n<\/style>\n    <\/div>\n \n\n        <\/div>\n      <\/div>\n\n            \n<style>\n#banner-13649769 {\n  padding-top: 120%;\n  background-color: rgb(255,255,255);\n}\n@media (min-width:550px) {\n  #banner-13649769 {\n    padding-top: 100%;\n  }\n}\n@media (min-width:850px) {\n  #banner-13649769 {\n    padding-top: 101%;\n  }\n}\n<\/style>\n  <\/div>\n\n\n","protected":false},"excerpt":{"rendered":"","protected":false},"author":14,"featured_media":35545,"parent":0,"menu_order":0,"comment_status":"closed","ping_status":"closed","template":"page-transparent-header-light.php","meta":{"footnotes":""},"class_list":["post-684","page","type-page","status-publish","has-post-thumbnail","hentry"],"_links":{"self":[{"href":"https:\/\/reinosdetaifas.com\/es\/wp-json\/wp\/v2\/pages\/684","targetHints":{"allow":["GET"]}}],"collection":[{"href":"https:\/\/reinosdetaifas.com\/es\/wp-json\/wp\/v2\/pages"}],"about":[{"href":"https:\/\/reinosdetaifas.com\/es\/wp-json\/wp\/v2\/types\/page"}],"author":[{"embeddable":true,"href":"https:\/\/reinosdetaifas.com\/es\/wp-json\/wp\/v2\/users\/14"}],"replies":[{"embeddable":true,"href":"https:\/\/reinosdetaifas.com\/es\/wp-json\/wp\/v2\/comments?post=684"}],"version-history":[{"count":51,"href":"https:\/\/reinosdetaifas.com\/es\/wp-json\/wp\/v2\/pages\/684\/revisions"}],"predecessor-version":[{"id":38148,"href":"https:\/\/reinosdetaifas.com\/es\/wp-json\/wp\/v2\/pages\/684\/revisions\/38148"}],"wp:featuredmedia":[{"embeddable":true,"href":"https:\/\/reinosdetaifas.com\/es\/wp-json\/wp\/v2\/media\/35545"}],"wp:attachment":[{"href":"https:\/\/reinosdetaifas.com\/es\/wp-json\/wp\/v2\/media?parent=684"}],"curies":[{"name":"wp","href":"https:\/\/api.w.org\/{rel}","templated":true}]}}