{"id":6599,"date":"2018-09-25T20:51:34","date_gmt":"2018-09-25T20:51:34","guid":{"rendered":"https:\/\/reinosdetaifas.com\/?page_id=6599"},"modified":"2025-07-11T23:32:46","modified_gmt":"2025-07-11T22:32:46","slug":"nuestra-historia","status":"publish","type":"page","link":"https:\/\/reinosdetaifas.com\/es\/nuestra-historia\/","title":{"rendered":"Nuestra Historia"},"content":{"rendered":"\n\n  <div class=\"banner has-hover hide-for-small\" id=\"banner-472553989\">\n          <div class=\"banner-inner fill\">\n        <div class=\"banner-bg fill\" >\n                                                \n                    <\/div>\n\t\t\n        <div class=\"banner-layers container\">\n            <div class=\"fill banner-link\"><\/div>            \n\n   <div id=\"text-box-930963692\" class=\"text-box banner-layer x50 md-x50 lg-x50 y90 md-y90 lg-y90 res-text\">\n                                <div class=\"text-box-content text \">\n              \n              <div class=\"text-inner text-center\">\n                  \n\n<h1><b>Nuestra Historia<\/b><\/h1>\n\n              <\/div>\n           <\/div>\n                            \n<style>\n#text-box-930963692 .text-box-content {\n  background-color: rgba(0, 0, 0, 0);\n  border-radius: 20px;\n  font-size: 80%;\n}\n#text-box-930963692 .text-inner {\n  padding: 10px 10px 10px 10px;\n}\n#text-box-930963692 {\n  width: 60%;\n}\n<\/style>\n    <\/div>\n \n\n        <\/div>\n      <\/div>\n\n            \n<style>\n#banner-472553989 {\n  padding-top: 25%;\n  background-color: rgb(255,255,255);\n}\n@media (min-width:850px) {\n  #banner-472553989 {\n    padding-top: 200px;\n  }\n}\n<\/style>\n  <\/div>\n\n\n\n  <div class=\"banner has-hover show-for-small\" id=\"banner-1294965077\">\n          <div class=\"banner-inner fill\">\n        <div class=\"banner-bg fill\" >\n                                                \n\t<div class=\"is-border\"\n\t\tstyle=\"border-width:0px 0px 0px 0px;margin:0px 0px 0px 0px;\">\n\t<\/div>\n                    <\/div>\n\t\t\n        <div class=\"banner-layers container\">\n            <div class=\"fill banner-link\"><\/div>            \n\n   <div id=\"text-box-2097119476\" class=\"text-box banner-layer x50 md-x50 lg-x50 y100 md-y40 lg-y40 res-text\">\n                                <div class=\"text-box-content text \">\n              \n              <div class=\"text-inner text-center\">\n                  \n\n\t<div id=\"text-1269385203\" class=\"text\">\n\t\t\n\n<h2><b>Nuestra Historia<\/b><\/h2>\n\t\t\n<style>\n#text-1269385203 {\n  text-align: center;\n}\n<\/style>\n\t<\/div>\n\t\n\n              <\/div>\n           <\/div>\n                            \n<style>\n#text-box-2097119476 .text-box-content {\n  background-color: rgba(0, 0, 0, 0);\n  font-size: 100%;\n}\n#text-box-2097119476 .text-inner {\n  padding: 10px 10px 10px 10px;\n}\n#text-box-2097119476 {\n  width: 88%;\n}\n@media (min-width:550px) {\n  #text-box-2097119476 {\n    width: 27%;\n  }\n}\n<\/style>\n    <\/div>\n \n\n        <\/div>\n      <\/div>\n\n            \n<style>\n#banner-1294965077 {\n  padding-top: 45%;\n  background-color: rgba(250, 248, 248, 0);\n}\n@media (min-width:550px) {\n  #banner-1294965077 {\n    padding-top: 500px;\n  }\n}\n<\/style>\n  <\/div>\n\n\n<div class=\"container section-title-container\" ><h3 class=\"section-title section-title-center\"><b aria-hidden=\"true\"><\/b><span class=\"section-title-main\" style=\"font-size:120%;color:rgb(145, 134, 23);\"><i class=\"icon-menu\" aria-hidden=\"true\"><\/i>Fundador<\/span><b aria-hidden=\"true\"><\/b><\/h3><\/div>\n\n\n\t<section class=\"section\" id=\"section_257262300\">\n\t\t<div class=\"section-bg fill\" >\n\t\t\t\t\t\t\t\t\t\n\t\t\t\n\n\t\t<\/div>\n\n\t\t\n\n\t\t<div class=\"section-content relative\">\n\t\t\t\n\n<div class=\"row align-center\"  id=\"row-2114509920\">\n\n\n\t<div id=\"col-1108253629\" class=\"col medium-11 small-12 large-11\"  >\n\t\t\t\t<div class=\"col-inner text-center\"  >\n\t\t\t\n\t\t\t\n\n\t<div class=\"img has-hover x md-x lg-x y md-y lg-y\" id=\"image_234860515\">\n\t\t\t\t\t\t\t\t<div class=\"img-inner dark\" >\n\t\t\t<img loading=\"lazy\" decoding=\"async\" width=\"768\" height=\"576\" src=\"https:\/\/reinosdetaifas.com\/wp-content\/uploads\/2025\/03\/IMG_7229-768x576.jpg\" class=\"attachment-medium_large size-medium_large\" alt=\"El fundador de Reinos de Taifas\" srcset=\"https:\/\/reinosdetaifas.com\/wp-content\/uploads\/2025\/03\/IMG_7229-768x576.jpg 768w, https:\/\/reinosdetaifas.com\/wp-content\/uploads\/2025\/03\/IMG_7229-300x225.jpg 300w, https:\/\/reinosdetaifas.com\/wp-content\/uploads\/2025\/03\/IMG_7229-1024x768.jpg 1024w, https:\/\/reinosdetaifas.com\/wp-content\/uploads\/2025\/03\/IMG_7229-1536x1152.jpg 1536w, https:\/\/reinosdetaifas.com\/wp-content\/uploads\/2025\/03\/IMG_7229-2048x1536.jpg 2048w\" sizes=\"auto, (max-width: 768px) 100vw, 768px\" title=\"\">\t\t\t\t\t\t\n\t\t\t\t\t<\/div>\n\t\t\t\t\t\t\t\t\n<style>\n#image_234860515 {\n  width: 100%;\n}\n@media (min-width:550px) {\n  #image_234860515 {\n    width: 70%;\n  }\n}\n<\/style>\n\t<\/div>\n\t\n\n<div class=\"row\"  id=\"row-1647161759\">\n\n\n\t<div id=\"col-345898793\" class=\"col medium-11 small-10 large-11\"  >\n\t\t\t\t<div class=\"col-inner\"  >\n\t\t\t\n\t\t\t\n\n\t<div id=\"gap-1937459168\" class=\"gap-element clearfix\" style=\"display:block; height:auto;\">\n\t\t\n<style>\n#gap-1937459168 {\n  padding-top: 30px;\n}\n<\/style>\n\t<\/div>\n\t\n\n<div style=\"text-align: justify;\">\u00a1Hola! Soy Juan, el fundador de Reinos de Taifas. Nac\u00ed en C\u00f3rdoba, Andaluc\u00eda, en el sur de Espa\u00f1a.<\/div>\n<h4>\u00a0<\/h4>\n<h4 style=\"text-align: justify;\"><strong>C\u00f3mo empez\u00f3 todo<\/strong><\/h4>\n<div style=\"text-align: justify;\">Cuando me mud\u00e9 al Reino Unido, sent\u00ed nostalgia. Echaba de menos Espa\u00f1a, a mi familia, el sol y la comida que nos un\u00eda. Nada sab\u00eda igual, especialmente el aceite de oliva. Era algo m\u00e1s que comida, era un v\u00ednculo con mis ra\u00edces. Me di cuenta de que otros deb\u00edan sentir la misma nostalgia. Fue entonces cuando decid\u00ed compartir el aceite de oliva de mi familia. <strong>Reinos de Taifas empez\u00f3 en una peque\u00f1a habitaci\u00f3n alquilada, nacida del deseo de llevar el sabor de Espa\u00f1a a los que estaban lejos de casa.<\/strong><\/div>\n<div>\u00a0<\/div>\n<h4 style=\"text-align: justify;\"><strong>Tradici\u00f3n andaluza<\/strong><\/h4>\n<div style=\"text-align: justify;\">En Andaluc\u00eda se ve una extensi\u00f3n interminable de olivos. Fui testigo de la tradici\u00f3n y la pasi\u00f3n que se ponen en la producci\u00f3n del aceite de oliva. Nuestro aceite de oliva espa\u00f1ol simboliza el patrimonio y el bienestar. <strong>Cada botella de Reinos de Taifas encierra el aut\u00e9ntico sabor del sur de Espa\u00f1a.<\/strong><\/div>\n<div>\u00a0<\/div>\n<h4 style=\"text-align: justify;\"><strong>Experiencia en la que puede confiar<\/strong><\/h4>\n<div style=\"text-align: justify;\">Como <strong>farmac\u00e9utico y nutricionista<\/strong>, soy consciente de la importancia de comer bien y mantener un estilo de vida saludable. Esta comprensi\u00f3n alimenta mi dedicaci\u00f3n a ofrecerle un aceite de oliva virgen extra genuino y de alta calidad, rico en nutrientes y sabor.<\/div>\n<div>\u00a0<\/div>\n<h4 style=\"text-align: justify;\"><strong>Lo que dicen nuestros clientes<\/strong><\/h4>\n<div style=\"text-align: justify;\">\u00abQuer\u00eda tener un trocito de Espa\u00f1a en Austria, y me dieron todas las respuestas que necesitaba por WhatsApp; me result\u00f3 muy c\u00f3modo. Luego les hice el pedido y no tard\u00f3 demasiado en llegar. Les doy cinco estrellas porque se preocupan de que seamos felices y consigamos lo que buscamos!\u00bb -Lenican<\/div>\n<div>\u00a0<\/div>\n<div style=\"text-align: justify;\">\u00abIncre\u00edble aceite de oliva espa\u00f1ol. El servicio al cliente es incre\u00edble tambi\u00e9n.\u00bb -Cristina<\/div>\n<h4>\u00a0<\/h4>\n<h4 style=\"text-align: justify;\"><strong>\u00danete a nuestra comunidad<\/strong><\/h4>\n<div style=\"text-align: justify;\">En la actualidad, Reinos de Taifas ha conectado con clientes de todo el Reino Unido y la UE, y esperamos ansiosos la oportunidad de seguir compartiendo nuestro aceite de oliva con el mundo. Tanto si a\u00f1ora los sabores de Espa\u00f1a como si desea el mejor aceite de oliva virgen extra para su mesa, <a href=\"https:\/\/reinosdetaifas.com\/es\/aceite-de-oliva-virgen-extra-tienda\/\">le invitamos a conocer Reinos de Taifas.<\/a><\/div>\n\n\t\t<\/div>\n\t\t\t\t\t<\/div>\n\n\t\n\n<\/div>\n\n\t\t<\/div>\n\t\t\t\t\t<\/div>\n\n\t\n\n<\/div>\n\n\t\t<\/div>\n\n\t\t\n<style>\n#section_257262300 {\n  padding-top: 0px;\n  padding-bottom: 0px;\n}\n<\/style>\n\t<\/section>\n\t\n<div class=\"container section-title-container\" style=\"margin-top:30px;\"><h3 class=\"section-title section-title-center\"><b aria-hidden=\"true\"><\/b><span class=\"section-title-main\" style=\"font-size:120%;color:rgb(145, 134, 23);\"><i class=\"icon-menu\" aria-hidden=\"true\"><\/i>Valores Fundamentales<\/span><b aria-hidden=\"true\"><\/b><\/h3><\/div>\n\n\n\t<section class=\"section\" id=\"section_1545012761\">\n\t\t<div class=\"section-bg fill\" >\n\t\t\t\t\t\t\t\t\t\n\t\t\t\n\n\t\t<\/div>\n\n\t\t\n\n\t\t<div class=\"section-content relative\">\n\t\t\t\n\n<div class=\"row align-center\"  id=\"row-29747217\">\n\n\n\t<div id=\"col-1905933602\" class=\"col medium-4 small-10 large-4\"  >\n\t\t\t\t<div class=\"col-inner\"  >\n\t\t\t\n\t\t\t\n\n\n\t\t<div class=\"icon-box featured-box icon-box-top text-left\"  >\n\t\t\t\t<div class=\"icon-box-text last-reset\">\n\t\t\t\t\t\t\t\t\t\n\n<h3 style=\"text-align: left;\">Accesible<\/h3>\n<p style=\"text-align: justify;\">Nuestro aceite de oliva virgen extra debe ser accesible est\u00e9 donde est\u00e9. Es un producto de calidad que merece un lugar en todas las cocinas y mesas.<\/p>\n\n\t\t<\/div>\n\t<\/div>\n\t\n\t\n\n\t\t<\/div>\n\t\t\t\t\n<style>\n#col-1905933602 > .col-inner {\n  padding: 0px 20px 0px 20px;\n}\n<\/style>\n\t<\/div>\n\n\t\n\n\t<div id=\"col-259644028\" class=\"col medium-4 small-10 large-4\"  >\n\t\t\t\t<div class=\"col-inner\"  >\n\t\t\t\n\t\t\t\n\n\n\t\t<div class=\"icon-box featured-box icon-box-top text-left\"  >\n\t\t\t\t<div class=\"icon-box-text last-reset\">\n\t\t\t\t\t\t\t\t\t\n\n<h3>El legado de la familia<\/h3>\n<p style=\"text-align: justify;\">Desde 1700, producimos nuestro \u00aboro verde\u00bb con una mezcla de t\u00e9cnicas tradicionales y modernas, al servicio de nuestra familia y nuestra comunidad durante generaciones.<\/p>\n\n\t\t<\/div>\n\t<\/div>\n\t\n\t\n\n\t\t<\/div>\n\t\t\t\t\n<style>\n#col-259644028 > .col-inner {\n  padding: 0px 20px 0px 20px;\n}\n<\/style>\n\t<\/div>\n\n\t\n\n\t<div id=\"col-1030655233\" class=\"col medium-4 small-10 large-4\"  >\n\t\t\t\t<div class=\"col-inner\"  >\n\t\t\t\n\t\t\t\n\n\n\t\t<div class=\"icon-box featured-box icon-box-top text-left\"  >\n\t\t\t\t<div class=\"icon-box-text last-reset\">\n\t\t\t\t\t\t\t\t\t\n\n<h3>Naturaleza<\/h3>\n<p style=\"text-align: justify;\">Damos prioridad a la naturaleza sobre la producci\u00f3n en masa. Nuestro compromiso con el medio ambiente nos lleva a ofrecer una cantidad limitada de productos.<\/p>\n\n\t\t<\/div>\n\t<\/div>\n\t\n\t\n\n\t\t<\/div>\n\t\t\t\t\n<style>\n#col-1030655233 > .col-inner {\n  padding: 0px 20px 0px 20px;\n}\n<\/style>\n\t<\/div>\n\n\t\n\n<\/div>\n\t<div id=\"gap-1924528266\" class=\"gap-element clearfix\" style=\"display:block; height:auto;\">\n\t\t\n<style>\n#gap-1924528266 {\n  padding-top: 30px;\n}\n<\/style>\n\t<\/div>\n\t\n\n\n\t\t<\/div>\n\n\t\t\n<style>\n#section_1545012761 {\n  padding-top: 0px;\n  padding-bottom: 0px;\n}\n<\/style>\n\t<\/section>\n\t\n<div class=\"container section-title-container\" style=\"margin-top:10px;\"><h3 class=\"section-title section-title-center\"><b aria-hidden=\"true\"><\/b><span class=\"section-title-main\" style=\"font-size:120%;color:rgb(145, 134, 23);\"><i class=\"icon-menu\" aria-hidden=\"true\"><\/i>Historia y Aceite de Oliva<\/span><b aria-hidden=\"true\"><\/b><\/h3><\/div>\n\n<div class=\"row align-center\"  id=\"row-353101891\">\n\n\n\t<div id=\"col-148638845\" class=\"col medium-11 small-10 large-11\"  >\n\t\t\t\t<div class=\"col-inner\"  >\n\t\t\t\n\t\t\t\n\n<p>A Juan siempre le ha apasionado la historia, y una de sus aficiones es leer libros hist\u00f3ricos. Durante la \u00e9poca de los Reinos de Taifas, el aceite de oliva se consideraba muy valioso y a menudo se regalaba. <strong>Esto inspir\u00f3 la creaci\u00f3n de nuestra marca, Reinos de Taifas.<\/strong><\/p>\n<p>Si le interesa la historia tanto como a Juan, en el siguiente enlace encontrar\u00e1 m\u00e1s informaci\u00f3n sobre la \u00e9poca de los Reinos de Taifas.<\/p>\n\n\t\t<\/div>\n\t\t\t\t\t<\/div>\n\n\t\n\n<\/div>\n\n  <div class=\"banner has-hover hide-for-medium has-parallax\" id=\"banner-1867744770\">\n          <div class=\"banner-inner fill\">\n        <div class=\"banner-bg fill\" data-parallax=\"-3\" data-parallax-container=\".banner\" data-parallax-background>\n            <img loading=\"lazy\" decoding=\"async\" width=\"750\" height=\"225\" src=\"https:\/\/reinosdetaifas.com\/wp-content\/uploads\/2018\/09\/Untitled-design-9-min.jpg\" class=\"bg attachment-large size-large\" alt=\"\" title=\"\">                        <div class=\"overlay\"><\/div>            \n\t<div class=\"is-border\"\n\t\tstyle=\"border-color:rgb(255, 253, 253);border-width:0px 50px 0px 50px;\">\n\t<\/div>\n                    <\/div>\n\t\t\n        <div class=\"banner-layers container\">\n            <div class=\"fill banner-link\"><\/div>            \n\n   <div id=\"text-box-357090655\" class=\"text-box banner-layer x5 md-x50 lg-x50 y50 md-y50 lg-y50 res-text\">\n                                <div class=\"text-box-content text box-shadow-3\">\n              \n              <div class=\"text-inner text-center\">\n                  \n\n\t<div id=\"text-4206779162\" class=\"text\">\n\t\t\n\n<h2 style=\"text-align: left;\"><span style=\"font-size: 80%; color: #918617;\">\u00bfQu\u00e9 significa la expresi\u00f3n \u00ab<\/span><span style=\"font-size: 80%; color: #918617;\">Re<\/span><span style=\"font-size: 80%; color: #918617;\">inos de Taifas\u00bb mean?<\/span><\/h2>\n<p style=\"text-align: justify;\">La expresi\u00f3n popular \u201cReinos de Taifas\u201d hace referencia a una estructura excesiva para las necesidades de una organizaci\u00f3n, lo que la convierte en ineficiente o inviable.<\/p>\n\t\t\n<style>\n#text-4206779162 {\n  font-size: 0.85rem;\n  line-height: 1.95;\n}\n<\/style>\n\t<\/div>\n\t\n<a href=\"https:\/\/reinosdetaifas.com\/es\/historia-reinos-de-taifas\/\" class=\"button primary is-outline lowercase\" >\n\t\t<span>M\u00e1s informaci\u00f3n<\/span>\n\t<i class=\"icon-expand\" aria-hidden=\"true\"><\/i><\/a>\n\n\n\n              <\/div>\n           <\/div>\n                            \n<style>\n#text-box-357090655 .text-box-content {\n  background-color: rgba(255, 255, 255, 0.9);\n  font-size: 150%;\n}\n#text-box-357090655 .text-inner {\n  padding: 10px 20px 10px 20px;\n}\n#text-box-357090655 {\n  width: 90%;\n}\n@media (min-width:550px) {\n  #text-box-357090655 {\n    width: 65%;\n  }\n  #text-box-357090655 .text-box-content {\n    font-size: 100%;\n  }\n}\n<\/style>\n    <\/div>\n \n\n        <\/div>\n      <\/div>\n\n            \n<style>\n#banner-1867744770 {\n  padding-top: 400px;\n  background-color: rgb(255,255,255);\n}\n#banner-1867744770 .overlay {\n  background-color: rgba(0,0,0,.5);\n}\n#banner-1867744770 .banner-bg img {\n  object-position: 73% 76%;\n}\n@media (min-width:550px) {\n  #banner-1867744770 {\n    padding-top: 400px;\n  }\n}\n@media (min-width:850px) {\n  #banner-1867744770 {\n    padding-top: 25%;\n  }\n}\n<\/style>\n  <\/div>\n\n\n\t<div id=\"gap-1589311081\" class=\"gap-element clearfix\" style=\"display:block; height:auto;\">\n\t\t\n<style>\n#gap-1589311081 {\n  padding-top: 30px;\n}\n<\/style>\n\t<\/div>\n\t\n\n\n  <div class=\"banner has-hover show-for-medium has-parallax\" id=\"banner-1333269383\">\n          <div class=\"banner-inner fill\">\n        <div class=\"banner-bg fill\" data-parallax=\"-3\" data-parallax-container=\".banner\" data-parallax-background>\n            <img loading=\"lazy\" decoding=\"async\" width=\"750\" height=\"225\" src=\"https:\/\/reinosdetaifas.com\/wp-content\/uploads\/2018\/12\/History-Reinos-de-Taifas.jpg\" class=\"bg attachment-orginal size-orginal\" alt=\"\" title=\"\">                        <div class=\"overlay\"><\/div>            \n                    <\/div>\n\t\t\n        <div class=\"banner-layers container\">\n            <div class=\"fill banner-link\"><\/div>            \n\n   <div id=\"text-box-1430128301\" class=\"text-box banner-layer x5 md-x50 lg-x50 y50 md-y50 lg-y50 res-text\">\n                                <div class=\"text-box-content text box-shadow-3\">\n              \n              <div class=\"text-inner text-center\">\n                  \n\n<h2 style=\"text-align: left;\"><span style=\"font-size: 80%;\"><strong>Historia de Reinos de Taifas<\/strong><\/span><\/h2>\n<p style=\"text-align: justify;\">\u201cLas \u00abTaifas\u00bb o \u00abReinos de Taifas\u00bb fueron las ciudades formadas en la pen\u00ednsula ib\u00e9rica tras la disoluci\u00f3n del califato Omeya en el siglo X.<\/p>\n<a href=\"https:\/\/reinosdetaifas.com\/es\/historia-reinos-de-taifas\/\" class=\"button primary is-outline lowercase\" >\n\t\t<span>M\u00e1s informaci\u00f3n<\/span>\n\t<i class=\"icon-expand\" aria-hidden=\"true\"><\/i><\/a>\n\n\n\n              <\/div>\n           <\/div>\n                            \n<style>\n#text-box-1430128301 .text-box-content {\n  background-color: rgba(255, 255, 255, 0.9);\n  font-size: 120%;\n}\n#text-box-1430128301 .text-inner {\n  padding: 10px 10px 10px 10px;\n}\n#text-box-1430128301 {\n  width: 90%;\n}\n@media (min-width:550px) {\n  #text-box-1430128301 {\n    width: 60%;\n  }\n  #text-box-1430128301 .text-box-content {\n    font-size: 100%;\n  }\n}\n<\/style>\n    <\/div>\n \n\n        <\/div>\n      <\/div>\n\n            \n<style>\n#banner-1333269383 {\n  padding-top: 320px;\n  background-color: rgb(255,255,255);\n}\n#banner-1333269383 .overlay {\n  background-color: rgba(0,0,0,.5);\n}\n#banner-1333269383 .banner-bg img {\n  object-position: 73% 76%;\n}\n@media (min-width:550px) {\n  #banner-1333269383 {\n    padding-top: 400px;\n  }\n}\n@media (min-width:850px) {\n  #banner-1333269383 {\n    padding-top: 300px;\n  }\n}\n<\/style>\n  <\/div>\n\n\n\n","protected":false},"excerpt":{"rendered":"","protected":false},"author":14,"featured_media":0,"parent":0,"menu_order":0,"comment_status":"closed","ping_status":"closed","template":"","meta":{"footnotes":""},"class_list":["post-6599","page","type-page","status-publish","hentry"],"_links":{"self":[{"href":"https:\/\/reinosdetaifas.com\/es\/wp-json\/wp\/v2\/pages\/6599","targetHints":{"allow":["GET"]}}],"collection":[{"href":"https:\/\/reinosdetaifas.com\/es\/wp-json\/wp\/v2\/pages"}],"about":[{"href":"https:\/\/reinosdetaifas.com\/es\/wp-json\/wp\/v2\/types\/page"}],"author":[{"embeddable":true,"href":"https:\/\/reinosdetaifas.com\/es\/wp-json\/wp\/v2\/users\/14"}],"replies":[{"embeddable":true,"href":"https:\/\/reinosdetaifas.com\/es\/wp-json\/wp\/v2\/comments?post=6599"}],"version-history":[{"count":292,"href":"https:\/\/reinosdetaifas.com\/es\/wp-json\/wp\/v2\/pages\/6599\/revisions"}],"predecessor-version":[{"id":38705,"href":"https:\/\/reinosdetaifas.com\/es\/wp-json\/wp\/v2\/pages\/6599\/revisions\/38705"}],"wp:attachment":[{"href":"https:\/\/reinosdetaifas.com\/es\/wp-json\/wp\/v2\/media?parent=6599"}],"curies":[{"name":"wp","href":"https:\/\/api.w.org\/{rel}","templated":true}]}}