{"id":5093,"date":"2018-03-29T16:39:42","date_gmt":"2018-03-29T16:39:42","guid":{"rendered":"https:\/\/reinosdetaifas.com\/?page_id=5093"},"modified":"2025-05-06T09:04:46","modified_gmt":"2025-05-06T08:04:46","slug":"envio-y-devoluciones-faq","status":"publish","type":"page","link":"https:\/\/reinosdetaifas.com\/es\/envio-y-devoluciones-faq\/","title":{"rendered":"Envio y devoluciones"},"content":{"rendered":"\n\n  <div class=\"banner has-hover\" id=\"banner-1389975543\">\n          <div class=\"banner-inner fill\">\n        <div class=\"banner-bg fill\" >\n                                                \n                    <\/div>\n\t\t\n        <div class=\"banner-layers container\">\n            <div class=\"fill banner-link\"><\/div>            \n\n   <div id=\"text-box-831856455\" class=\"text-box banner-layer x50 md-x50 lg-x50 y95 md-y85 lg-y85 res-text\">\n                                <div class=\"text-box-content text dark\">\n              \n              <div class=\"text-inner text-center\">\n                  \n\n\t<div id=\"text-1725455339\" class=\"text\">\n\t\t\n\n<h1><strong>Envio y Devoluciones<\/strong><\/h1>\n\t\t\n<style>\n#text-1725455339 {\n  color: rgb(0,0,0);\n}\n#text-1725455339 > * {\n  color: rgb(0,0,0);\n}\n<\/style>\n\t<\/div>\n\t\n\n              <\/div>\n           <\/div>\n                            \n<style>\n#text-box-831856455 {\n  width: 60%;\n}\n#text-box-831856455 .text-box-content {\n  font-size: 100%;\n}\n<\/style>\n    <\/div>\n \n\n        <\/div>\n      <\/div>\n\n            \n<style>\n#banner-1389975543 {\n  padding-top: 46.41%;\n  background-color: rgb(255,255,255);\n}\n@media (min-width:550px) {\n  #banner-1389975543 {\n    padding-top: 15.98%;\n  }\n}\n<\/style>\n  <\/div>\n\n\n\n\t<section class=\"section\" id=\"section_1490215304\">\n\t\t<div class=\"section-bg fill\" >\n\t\t\t\t\t\t\t\t\t\n\t\t\t\n\n\t\t<\/div>\n\n\t\t\n\n\t\t<div class=\"section-content relative\">\n\t\t\t\n\n<div class=\"row align-center\"  id=\"row-1744423900\">\n\n\n\t<div id=\"col-356301192\" class=\"col medium-11 small-10 large-11\"  >\n\t\t\t\t<div class=\"col-inner\"  >\n\t\t\t\n\t\t\t\n\n<h2><strong>Informaci\u00f3n de env\u00edo (para el Reino Unido y la UE)<\/strong><\/h2>\n<p>\u00a0<\/p>\n<p><strong>\u00bfD\u00f3nde realizamos env\u00edos en la UE?<\/strong><\/p>\n<p>Alemania, Austria, B\u00e9lgica, Croacia, Dinamarca, Eslovaquia, Eslovenia, Espa\u00f1a, Estonia, Finlandia, Francia, Hungr\u00eda, Irlanda, Italia, Letonia, Lituania, Luxemburgo, Holanda, Polonia, Portugal, Chequia y Suecia.<\/p>\n<p>\u00a0<\/p>\n<p><strong>\u00bfCu\u00e1nto debo gastar para el ENV\u00cdO GRATUITO en el Reino Unido y la UE?<\/strong><\/p>\n<table>\n<tbody>\n<tr>\n<td width=\"274\">\n<p><strong>Reino Unido<\/strong><\/p>\n<\/td>\n<td width=\"132\">\n<p>M\u00e1s de <strong>\u00a315<\/strong><\/p>\n<\/td>\n<\/tr>\n<tr>\n<td width=\"274\">\n<p><strong>Austria, B\u00e9lgica, Chequia,<\/strong><\/p>\n<p><strong>Dinamarca, Francia, <\/strong><\/p>\n<p><strong>Alemania, Luxemburgo, <\/strong><\/p>\n<p><strong>Holanda, Portugal, Espa\u00f1a<\/strong><\/p>\n<\/td>\n<td width=\"132\">\n<p>M\u00e1s de\u00a0<strong>30\u20ac<\/strong><\/p>\n<\/td>\n<\/tr>\n<tr>\n<td width=\"274\">\n<p><strong>Croacia, Estonia, <\/strong><\/p>\n<p><strong>Finlandia, Hungr\u00eda, Irlanda, <\/strong><\/p>\n<p><strong>Italia, Letonia, Lituania, <\/strong><\/p>\n<p><strong>Polonia, Eslovaquia, Eslovenia, <\/strong><\/p>\n<p><strong>Suecia<\/strong><\/p>\n<\/td>\n<td width=\"132\">\n<p>M\u00e1s de\u00a0<strong>60\u20ac<\/strong><\/p>\n<\/td>\n<\/tr>\n<\/tbody>\n<\/table>\n<p>\u00a0<\/p>\n<p>\u00a0<\/p>\n<p>\u00a0<\/p>\n<h3><strong>FAQ sobre el env\u00edo:<\/strong><\/h3>\n<div class=\"accordion\">\n\n\t<div id=\"accordion-993465755\" class=\"accordion-item\">\n\t\t<a id=\"accordion-993465755-label\" class=\"accordion-title plain\" href=\"#accordion-item-\u00bfd\u00f3nde-est\u00e1-mi-pedido?\" aria-expanded=\"false\" aria-controls=\"accordion-993465755-content\">\n\t\t\t<button class=\"toggle\" aria-label=\"Toggle\"><i class=\"icon-angle-down\" aria-hidden=\"true\"><\/i><\/button>\n\t\t\t<span>\u00bfD\u00f3nde est\u00e1 mi pedido?<\/span>\n\t\t<\/a>\n\t\t<div id=\"accordion-993465755-content\" class=\"accordion-inner\" aria-labelledby=\"accordion-993465755-label\">\n\t\t\t\n\n<p>Su n\u00famero de pedido aparecer\u00e1 en el correo electr\u00f3nico de env\u00edo, desde el que podr\u00e1 realizar el seguimiento del paquete. Sin embargo, solo puede realizar el seguimiento de un paquete una vez enviado.<\/p>\n\n\t\t<\/div>\n\t<\/div>\n\t\n\t<div id=\"accordion-373856285\" class=\"accordion-item\">\n\t\t<a id=\"accordion-373856285-label\" class=\"accordion-title plain\" href=\"#accordion-item-\u00bfpuedo-modificar-o-anular-mi-pedido?\" aria-expanded=\"false\" aria-controls=\"accordion-373856285-content\">\n\t\t\t<button class=\"toggle\" aria-label=\"Toggle\"><i class=\"icon-angle-down\" aria-hidden=\"true\"><\/i><\/button>\n\t\t\t<span>\u00bfPuedo modificar o anular mi pedido?<\/span>\n\t\t<\/a>\n\t\t<div id=\"accordion-373856285-content\" class=\"accordion-inner\" aria-labelledby=\"accordion-373856285-label\">\n\t\t\t\n\n<p>En cuanto realice su pedido, nos pondremos manos a la obra. Lamentablemente, no podemos hacer ning\u00fan cambio porque ya se est\u00e1 procesando en el almac\u00e9n.<\/p>\n\n\t\t<\/div>\n\t<\/div>\n\t\n\t<div id=\"accordion-1806283671\" class=\"accordion-item\">\n\t\t<a id=\"accordion-1806283671-label\" class=\"accordion-title plain\" href=\"#accordion-item-art\u00edculo-agotado.-\u00bfqu\u00e9-puedo-hacer?\" aria-expanded=\"false\" aria-controls=\"accordion-1806283671-content\">\n\t\t\t<button class=\"toggle\" aria-label=\"Toggle\"><i class=\"icon-angle-down\" aria-hidden=\"true\"><\/i><\/button>\n\t\t\t<span>Art\u00edculo agotado. \u00bfQu\u00e9 puedo hacer?<\/span>\n\t\t<\/a>\n\t\t<div id=\"accordion-1806283671-content\" class=\"accordion-inner\" aria-labelledby=\"accordion-1806283671-label\">\n\t\t\t\n\n<p>Nuestros art\u00edculos vuelven a estar disponibles. Compru\u00e9balo o suscr\u00edbete a nuestra lista de correo electr\u00f3nico.<\/p>\n\n\t\t<\/div>\n\t<\/div>\n\t\n\t<div id=\"accordion-4062470436\" class=\"accordion-item\">\n\t\t<a id=\"accordion-4062470436-label\" class=\"accordion-title plain\" href=\"#accordion-item-he-recibido-un-art\u00edculo-incorrecto.-\u00bfqu\u00e9-debo-hacer?\" aria-expanded=\"false\" aria-controls=\"accordion-4062470436-content\">\n\t\t\t<button class=\"toggle\" aria-label=\"Toggle\"><i class=\"icon-angle-down\" aria-hidden=\"true\"><\/i><\/button>\n\t\t\t<span>He recibido un art\u00edculo incorrecto. \u00bfQu\u00e9 debo hacer?<\/span>\n\t\t<\/a>\n\t\t<div id=\"accordion-4062470436-content\" class=\"accordion-inner\" aria-labelledby=\"accordion-4062470436-label\">\n\t\t\t\n\n<p>Si ha recibido un art\u00edculo incorrecto, p\u00f3ngase en contacto con nosotros lo antes posible a trav\u00e9s de Whatsapp o correo electr\u00f3nico a info@reinosdetaifas.com.<\/p>\n<p>Cuando env\u00ede su mensaje, incluya la siguiente informaci\u00f3n:<\/p>\n<p>Su nombre<\/p>\n<p>N\u00famero de pedido<\/p>\n<p>Nombre del producto solicitado<\/p>\n<p>Nombre del producto recibido<\/p>\n<p>Foto del art\u00edculo incorrecto<\/p>\n\n\t\t<\/div>\n\t<\/div>\n\t\n\t<div id=\"accordion-2553897876\" class=\"accordion-item\">\n\t\t<a id=\"accordion-2553897876-label\" class=\"accordion-title plain\" href=\"#accordion-item-\u00bfpuedo-cambiar-la-direcci\u00f3n-de-entrega-de-mi-pedido?\" aria-expanded=\"false\" aria-controls=\"accordion-2553897876-content\">\n\t\t\t<button class=\"toggle\" aria-label=\"Toggle\"><i class=\"icon-angle-down\" aria-hidden=\"true\"><\/i><\/button>\n\t\t\t<span>\u00bfPuedo cambiar la direcci\u00f3n de entrega de mi pedido?<\/span>\n\t\t<\/a>\n\t\t<div id=\"accordion-2553897876-content\" class=\"accordion-inner\" aria-labelledby=\"accordion-2553897876-label\">\n\t\t\t\n\n<p>Tramitaremos su pedido en cuanto lo recibamos. Lamentablemente, no puede cambiar la direcci\u00f3n de entrega de su pedido.<\/p>\n\n\t\t<\/div>\n\t<\/div>\n\t\n\t<div id=\"accordion-1168072608\" class=\"accordion-item\">\n\t\t<a id=\"accordion-1168072608-label\" class=\"accordion-title plain\" href=\"#accordion-item-mi-seguimiento-indica-que-mi-paquete-ha-sido-devuelto-al-remitente.\" aria-expanded=\"false\" aria-controls=\"accordion-1168072608-content\">\n\t\t\t<button class=\"toggle\" aria-label=\"Toggle\"><i class=\"icon-angle-down\" aria-hidden=\"true\"><\/i><\/button>\n\t\t\t<span>Mi seguimiento indica que mi paquete ha sido devuelto al remitente.<\/span>\n\t\t<\/a>\n\t\t<div id=\"accordion-1168072608-content\" class=\"accordion-inner\" aria-labelledby=\"accordion-1168072608-label\">\n\t\t\t\n\n<p>El transportista no ha podido entregarle el paquete (es posible que usted no haya estado o que no hayan podido acceder a su propiedad). Si el seguimiento indica que nos ha sido devuelto, tiene dos opciones:<\/p>\n<ol>\n<li>Si a\u00fan desea que le entreguemos el producto, p\u00f3ngase en contacto con nosotros a trav\u00e9s de Whatsapp o en <a href=\"mailto:info@reinosdetaifas.com\">info@reinosdetaifas.com<\/a>.<\/li>\n<li>Si prefiere un reembolso, p\u00f3ngase en contacto con nosotros. Tramitaremos el reembolso lo antes posible. Sin embargo, dependiendo de los plazos de tramitaci\u00f3n de los bancos, algunos reembolsos podr\u00edan tardar hasta 14 d\u00edas.<\/li>\n<\/ol>\n\n\t\t<\/div>\n\t<\/div>\n\t\n\n<\/div>\n\n\t\t<\/div>\n\t\t\t\t\t<\/div>\n\n\t\n\n<\/div>\n\n\t\t<\/div>\n\n\t\t\n<style>\n#section_1490215304 {\n  padding-top: 20px;\n  padding-bottom: 20px;\n}\n@media (min-width:550px) {\n  #section_1490215304 {\n    padding-top: 30px;\n    padding-bottom: 30px;\n  }\n}\n<\/style>\n\t<\/section>\n\t\n\n\t<section class=\"section\" id=\"section_955373792\">\n\t\t<div class=\"section-bg fill\" >\n\t\t\t\t\t\t\t\t\t\n\t\t\t\n\n\t\t<\/div>\n\n\t\t\n\n\t\t<div class=\"section-content relative\">\n\t\t\t\n\n<div class=\"row align-center\"  id=\"row-626332021\">\n\n\n\t<div id=\"col-1946077510\" class=\"col medium-11 small-10 large-11\"  >\n\t\t\t\t<div class=\"col-inner\"  >\n\t\t\t\n\t\t\t\n\n\t<div id=\"gap-389281501\" class=\"gap-element clearfix\" style=\"display:block; height:auto;\">\n\t\t\n<style>\n#gap-389281501 {\n  padding-top: 30px;\n}\n<\/style>\n\t<\/div>\n\t\n\n<h2><strong>Devolucion (para el Reino Unido y la UE)<\/strong><\/h2>\n<p>\u00a0<\/p>\n<p>Para poder optar a una devoluci\u00f3n gratuita, el art\u00edculo debe estar sin usar y en las mismas condiciones en las que lo recibi\u00f3. Dispone de 28 d\u00edas desde el pedido del producto para devolv\u00e9rnoslo. Lamentablemente, no podemos aceptar devoluciones despu\u00e9s de este plazo.<\/p>\n<p><strong>Art\u00edculos en oferta<\/strong><\/p>\n<p>S\u00f3lo pueden devolverse los art\u00edculos de precio normal. Los art\u00edculos en oferta no pueden devolverse.<\/p>\n<h4>\u00a0<\/h4>\n<p>\u00a0<\/p>\n<p>\u00a0<\/p>\n<h4><strong>FAQ sobre devoluciones:<\/strong><\/h4>\n<div class=\"accordion\">\n\n\t<div id=\"accordion-3187136300\" class=\"accordion-item\">\n\t\t<a id=\"accordion-3187136300-label\" class=\"accordion-title plain\" href=\"#accordion-item-\u00bfc\u00f3mo-devuelvo-algo-desde-el-reino-unido-o-la-ue?\" aria-expanded=\"false\" aria-controls=\"accordion-3187136300-content\">\n\t\t\t<button class=\"toggle\" aria-label=\"Toggle\"><i class=\"icon-angle-down\" aria-hidden=\"true\"><\/i><\/button>\n\t\t\t<span>\u00bfC\u00f3mo devuelvo algo desde el Reino Unido o la UE?<\/span>\n\t\t<\/a>\n\t\t<div id=\"accordion-3187136300-content\" class=\"accordion-inner\" aria-labelledby=\"accordion-3187136300-label\">\n\t\t\t\n\n<p>Cuando decida devolver el producto, p\u00f3ngase en contacto con nosotros a trav\u00e9s de Whatsapp o info@reinosdetaifas.com, y le enviaremos la etiqueta de devoluci\u00f3n.<\/p>\n\n\t\t<\/div>\n\t<\/div>\n\t\n\t<div id=\"accordion-1218905538\" class=\"accordion-item\">\n\t\t<a id=\"accordion-1218905538-label\" class=\"accordion-title plain\" href=\"#accordion-item-\u00bfc\u00f3mo-recibir\u00e9-el-reembolso?\" aria-expanded=\"false\" aria-controls=\"accordion-1218905538-content\">\n\t\t\t<button class=\"toggle\" aria-label=\"Toggle\"><i class=\"icon-angle-down\" aria-hidden=\"true\"><\/i><\/button>\n\t\t\t<span>\u00bfC\u00f3mo recibir\u00e9 el reembolso?<\/span>\n\t\t<\/a>\n\t\t<div id=\"accordion-1218905538-content\" class=\"accordion-inner\" aria-labelledby=\"accordion-1218905538-label\">\n\t\t\t\n\n<p>El reembolso tardar\u00e1 hasta 14 d\u00edas, dependiendo de los plazos de tramitaci\u00f3n de los bancos.<\/p>\n<p>Una vez que haya organizado la devoluci\u00f3n de los productos, p\u00f3ngase en contacto con nosotros a trav\u00e9s de WhatsApp o info@reinosdetaifas.com con el comprobante de env\u00edo.<\/p>\n\n\t\t<\/div>\n\t<\/div>\n\t\n\n<\/div>\n<div class=\"accordion\">\n\n\t<div id=\"accordion-1779020300\" class=\"accordion-item\">\n\t\t<a id=\"accordion-1779020300-label\" class=\"accordion-title plain\" href=\"#accordion-item-no-puedo-ver-el-reembolso-en-mi-extracto-bancario.\" aria-expanded=\"false\" aria-controls=\"accordion-1779020300-content\">\n\t\t\t<button class=\"toggle\" aria-label=\"Toggle\"><i class=\"icon-angle-down\" aria-hidden=\"true\"><\/i><\/button>\n\t\t\t<span>No puedo ver el reembolso en mi extracto bancario.<\/span>\n\t\t<\/a>\n\t\t<div id=\"accordion-1779020300-content\" class=\"accordion-inner\" aria-labelledby=\"accordion-1779020300-label\">\n\t\t\t\n\n<p>Procesamos las devoluciones lo antes posible, pero algunos reembolsos pueden tardar hasta 14 d\u00edas.<\/p>\n<p>Para algunos bancos y tarjetas de cr\u00e9dito, tu reembolso puede aparecer en la misma fecha que la compra original; a veces, tambi\u00e9n puede aparecer como la misma transacci\u00f3n. Si pag\u00f3 a trav\u00e9s de PayPal, el reembolso puede tardar hasta 48 horas en aparecer en su cuenta desde la recepci\u00f3n del correo electr\u00f3nico de confirmaci\u00f3n del reembolso. Si su cuenta bancaria est\u00e1 vinculada a su cuenta PayPal, el reembolso puede tardar 14 d\u00edas en llegar a su cuenta bancaria debido a los tiempos de procesamiento de PayPal.<\/p>\n<p>Espere 14 d\u00edas antes de ponerse en contacto con nosotros para solicitar el reembolso. Transcurridos 14 d\u00edas, p\u00f3ngase en contacto con nosotros por Whatsapp o correo electr\u00f3nico a info@reinosdetaifas.com indicando su nombre, n\u00famero de pedido, nombre del producto que ha devuelto y una foto del comprobante de env\u00edo.<\/p>\n\n\t\t<\/div>\n\t<\/div>\n\t\n\t<div id=\"accordion-4191912373\" class=\"accordion-item\">\n\t\t<a id=\"accordion-4191912373-label\" class=\"accordion-title plain\" href=\"#accordion-item-\u00bfpuedo-hacer-un-cambio-en-lugar-de-un-reembolso?\" aria-expanded=\"false\" aria-controls=\"accordion-4191912373-content\">\n\t\t\t<button class=\"toggle\" aria-label=\"Toggle\"><i class=\"icon-angle-down\" aria-hidden=\"true\"><\/i><\/button>\n\t\t\t<span>\u00bfPuedo hacer un cambio en lugar de un reembolso?<\/span>\n\t\t<\/a>\n\t\t<div id=\"accordion-4191912373-content\" class=\"accordion-inner\" aria-labelledby=\"accordion-4191912373-label\">\n\t\t\t\n\n<p>Lamentablemente, no ofrecemos la posibilidad de cambio. Devuelva su(s) art\u00edculo(s) y vuelva a pedir uno nuevo. Una vez que recibamos los art\u00edculos no deseados, tramitaremos el reembolso.<\/p>\n\n\t\t<\/div>\n\t<\/div>\n\t\n\t<div id=\"accordion-815986386\" class=\"accordion-item\">\n\t\t<a id=\"accordion-815986386-label\" class=\"accordion-title plain\" href=\"#accordion-item-he-recibido-un-art\u00edculo-defectuoso-o-incorrecto.-\u00bftendr\u00e9-que-pagar-por-devolverlo?\" aria-expanded=\"false\" aria-controls=\"accordion-815986386-content\">\n\t\t\t<button class=\"toggle\" aria-label=\"Toggle\"><i class=\"icon-angle-down\" aria-hidden=\"true\"><\/i><\/button>\n\t\t\t<span>He recibido un art\u00edculo defectuoso o incorrecto. \u00bfTendr\u00e9 que pagar por devolverlo?<\/span>\n\t\t<\/a>\n\t\t<div id=\"accordion-815986386-content\" class=\"accordion-inner\" aria-labelledby=\"accordion-815986386-label\">\n\t\t\t\n\n<p>Si ha recibido un art\u00edculo defectuoso o incorrecto, p\u00f3ngase en contacto con nosotros por Whatsapp o correo electr\u00f3nico en info@reinosdetaifas.com.<\/p>\n\n\t\t<\/div>\n\t<\/div>\n\t\n\n<\/div>\n\n\t\t<\/div>\n\t\t\t\t\t<\/div>\n\n\t\n\n<\/div>\n\t<div id=\"gap-1563977193\" class=\"gap-element clearfix\" style=\"display:block; height:auto;\">\n\t\t\n<style>\n#gap-1563977193 {\n  padding-top: 30px;\n}\n<\/style>\n\t<\/div>\n\t\n\n\n\t\t<\/div>\n\n\t\t\n<style>\n#section_955373792 {\n  padding-top: 30px;\n  padding-bottom: 30px;\n}\n<\/style>\n\t<\/section>\n\t\n\n\t<section class=\"section\" id=\"section_1230415753\">\n\t\t<div class=\"section-bg fill\" >\n\t\t\t\t\t\t\t\t\t\n\t\t\t\n\n\t\t<\/div>\n\n\t\t\n\n\t\t<div class=\"section-content relative\">\n\t\t\t\n\n<div class=\"row align-center\"  id=\"row-260951972\">\n\n\n\t<div id=\"col-493367555\" class=\"col medium-11 small-11 large-11\"  >\n\t\t\t\t<div class=\"col-inner text-center\"  >\n\t\t\t\n\t<div class=\"is-border\"\n\t\tstyle=\"border-width:5px 5px 5px 5px;\">\n\t<\/div>\n\t\t\t\n\n<h5 style=\"text-align: center;\">\u00bfA\u00fan tiene preguntas sobre env\u00edo y devoluciones? No dude en ponerse en contacto con nosotros por WhatsApp.<\/h5>\n<h5 style=\"text-align: center;\">Somos un equipo cordial.<img decoding=\"async\" class=\"alignnone wp-image-35928\" src=\"https:\/\/reinosdetaifas.com\/wp-content\/uploads\/2024\/12\/smiley-smile-2-copia.svg\" alt=\"\" height=\"20\" title=\"\"><\/h5>\n\n\t\t<\/div>\n\t\t\t\t\n<style>\n#col-493367555 > .col-inner {\n  padding: 40px 40px 40px 40px;\n}\n<\/style>\n\t<\/div>\n\n\t\n\n<\/div>\n\n\t\t<\/div>\n\n\t\t\n<style>\n#section_1230415753 {\n  padding-top: 30px;\n  padding-bottom: 30px;\n}\n<\/style>\n\t<\/section>\n\t\n\n","protected":false},"excerpt":{"rendered":"","protected":false},"author":14,"featured_media":0,"parent":0,"menu_order":0,"comment_status":"closed","ping_status":"closed","template":"","meta":{"footnotes":""},"class_list":["post-5093","page","type-page","status-publish","hentry"],"_links":{"self":[{"href":"https:\/\/reinosdetaifas.com\/es\/wp-json\/wp\/v2\/pages\/5093","targetHints":{"allow":["GET"]}}],"collection":[{"href":"https:\/\/reinosdetaifas.com\/es\/wp-json\/wp\/v2\/pages"}],"about":[{"href":"https:\/\/reinosdetaifas.com\/es\/wp-json\/wp\/v2\/types\/page"}],"author":[{"embeddable":true,"href":"https:\/\/reinosdetaifas.com\/es\/wp-json\/wp\/v2\/users\/14"}],"replies":[{"embeddable":true,"href":"https:\/\/reinosdetaifas.com\/es\/wp-json\/wp\/v2\/comments?post=5093"}],"version-history":[{"count":51,"href":"https:\/\/reinosdetaifas.com\/es\/wp-json\/wp\/v2\/pages\/5093\/revisions"}],"predecessor-version":[{"id":38070,"href":"https:\/\/reinosdetaifas.com\/es\/wp-json\/wp\/v2\/pages\/5093\/revisions\/38070"}],"wp:attachment":[{"href":"https:\/\/reinosdetaifas.com\/es\/wp-json\/wp\/v2\/media?parent=5093"}],"curies":[{"name":"wp","href":"https:\/\/api.w.org\/{rel}","templated":true}]}}