{"id":21981,"date":"2022-07-08T19:32:05","date_gmt":"2022-07-08T18:32:05","guid":{"rendered":"https:\/\/reinosdetaifas.com\/?page_id=21981"},"modified":"2026-03-26T17:49:04","modified_gmt":"2026-03-26T17:49:04","slug":"aceite-de-oliva-virgen-extra-tienda","status":"publish","type":"page","link":"https:\/\/reinosdetaifas.com\/es\/aceite-de-oliva-virgen-extra-tienda\/","title":{"rendered":"Tienda online"},"content":{"rendered":"\n\t<div id=\"gap-1466542325\" class=\"gap-element clearfix\" style=\"display:block; height:auto;\">\n\t\t\n<style>\n#gap-1466542325 {\n  padding-top: 150px;\n}\n<\/style>\n\t<\/div>\n\t\n\n\n\t<section class=\"section\" id=\"section_739454900\">\n\t\t<div class=\"section-bg fill\" >\n\t\t\t\t\t\t\t\t\t<div class=\"section-bg-overlay absolute fill\"><\/div>\n\t\t\t\n\n\t\t<\/div>\n\n\t\t\n\n\t\t<div class=\"section-content relative\">\n\t\t\t\n\n<div class=\"row\"  id=\"row-1202931622\">\n\n\n\t<div id=\"col-868409243\" class=\"col small-12 large-12\"  >\n\t\t\t\t<div class=\"col-inner\"  >\n\t\t\t\n\t\t\t\n\n\t<div class=\"img has-hover x md-x lg-x y md-y lg-y\" id=\"image_941680492\">\n\t\t\t\t\t\t\t\t<div class=\"img-inner dark\" >\n\t\t\t<img loading=\"lazy\" decoding=\"async\" width=\"1020\" height=\"204\" src=\"https:\/\/reinosdetaifas.com\/wp-content\/uploads\/2020\/03\/Reinos-de-Taifas-Amazon-store-header-1024x205.png\" class=\"attachment-large size-large\" alt=\"\" srcset=\"https:\/\/reinosdetaifas.com\/wp-content\/uploads\/2020\/03\/Reinos-de-Taifas-Amazon-store-header-1024x205.png 1024w, https:\/\/reinosdetaifas.com\/wp-content\/uploads\/2020\/03\/Reinos-de-Taifas-Amazon-store-header-510x102.png 510w, https:\/\/reinosdetaifas.com\/wp-content\/uploads\/2020\/03\/Reinos-de-Taifas-Amazon-store-header-300x60.png 300w, https:\/\/reinosdetaifas.com\/wp-content\/uploads\/2020\/03\/Reinos-de-Taifas-Amazon-store-header-768x154.png 768w, https:\/\/reinosdetaifas.com\/wp-content\/uploads\/2020\/03\/Reinos-de-Taifas-Amazon-store-header-1536x307.png 1536w, https:\/\/reinosdetaifas.com\/wp-content\/uploads\/2020\/03\/Reinos-de-Taifas-Amazon-store-header-2048x410.png 2048w\" sizes=\"auto, (max-width: 1020px) 100vw, 1020px\" title=\"\">\t\t\t\t\t\t\n\t\t\t\t\t<\/div>\n\t\t\t\t\t\t\t\t\n<style>\n#image_941680492 {\n  width: 100%;\n}\n<\/style>\n\t<\/div>\n\t\n\n\n\t\t<\/div>\n\t\t\t\t\t<\/div>\n\n\t\n\n<\/div>\n<div class=\"row row-large align-middle align-center\"  id=\"row-1497057434\">\n\n\n\t<div id=\"col-405709143\" class=\"col medium-5 small-11 large-7\"  >\n\t\t\t\t<div class=\"col-inner text-left\"  >\n\t\t\t\n\t\t\t\n\n\t<div id=\"text-4222937585\" class=\"text\">\n\t\t\n\n<h1 style=\"text-align: justify;\">Bienvenido a Nuestra Tienda Online de Aceite de Oliva Virgen<\/h1>\n<div style=\"text-align: justify;\">Seleccione su pa\u00eds o regi\u00f3n para explorar nuestra selecci\u00f3n de <strong>aceite de oliva virgen extra monovarietal<\/strong> de primera calidad.<\/div>\n<div style=\"text-align: justify;\">&nbsp;<\/div>\n<div style=\"text-align: justify;\">Nuestro aceite de oliva virgen extra prensado en fr\u00edo se produce exclusivamente a partir de aceitunas cultivadas en nuestra finca y almazara, lo que garantiza la m\u00e1xima calidad, frescura y riqueza de sabores. Tanto si prefiere un aceite robusto para mojar, una variedad delicada para rociar o una opci\u00f3n equilibrada para cocinar, le ofrecemos el mejor aceite de <strong>oliva virgen extra de la granja a la botella<\/strong>, entregado directamente en la puerta de su casa.<\/div>\n\t\t\n<style>\n#text-4222937585 {\n  text-align: left;\n}\n@media (min-width:550px) {\n  #text-4222937585 {\n    text-align: left;\n  }\n}\n<\/style>\n\t<\/div>\n\t\n\n\t\t<\/div>\n\t\t\t\t\t<\/div>\n\n\t\n\n\t<div id=\"col-372991245\" class=\"col medium-5 small-8 large-4\"  >\n\t\t\t\t<div class=\"col-inner text-left\"  >\n\t\t\t\n\t\t\t\n\n<a href=\"https:\/\/reinosdetaifas.com\/uk\/es\/\" class=\"button success is-outline lowercase\" >\n\t<i class=\"icon-map-pin-fill\" aria-hidden=\"true\"><\/i>\t<span>Reino Unido<\/span>\n\t<\/a>\n\n\n<a href=\"https:\/\/reinosdetaifas.com\/eu\/es\/\" class=\"button success is-outline lowercase\" >\n\t<i class=\"icon-map-pin-fill\" aria-hidden=\"true\"><\/i>\t<span>Uni\u00f3n Europea<\/span>\n\t<\/a>\n\n\n\n\t\t<\/div>\n\t\t\t\t\t<\/div>\n\n\t\n\n<\/div>\n\n\t\t<\/div>\n\n\t\t\n<style>\n#section_739454900 {\n  padding-top: 60px;\n  padding-bottom: 60px;\n  background-color: rgb(255,255,255);\n}\n#section_739454900 .section-bg-overlay {\n  background-color: rgba(255, 255, 255, 0.85);\n}\n<\/style>\n\t<\/section>\n\t\n\n","protected":false},"excerpt":{"rendered":"","protected":false},"author":14,"featured_media":0,"parent":0,"menu_order":0,"comment_status":"closed","ping_status":"closed","template":"","meta":{"footnotes":""},"class_list":["post-21981","page","type-page","status-publish","hentry"],"_links":{"self":[{"href":"https:\/\/reinosdetaifas.com\/es\/wp-json\/wp\/v2\/pages\/21981","targetHints":{"allow":["GET"]}}],"collection":[{"href":"https:\/\/reinosdetaifas.com\/es\/wp-json\/wp\/v2\/pages"}],"about":[{"href":"https:\/\/reinosdetaifas.com\/es\/wp-json\/wp\/v2\/types\/page"}],"author":[{"embeddable":true,"href":"https:\/\/reinosdetaifas.com\/es\/wp-json\/wp\/v2\/users\/14"}],"replies":[{"embeddable":true,"href":"https:\/\/reinosdetaifas.com\/es\/wp-json\/wp\/v2\/comments?post=21981"}],"version-history":[{"count":26,"href":"https:\/\/reinosdetaifas.com\/es\/wp-json\/wp\/v2\/pages\/21981\/revisions"}],"predecessor-version":[{"id":39699,"href":"https:\/\/reinosdetaifas.com\/es\/wp-json\/wp\/v2\/pages\/21981\/revisions\/39699"}],"wp:attachment":[{"href":"https:\/\/reinosdetaifas.com\/es\/wp-json\/wp\/v2\/media?parent=21981"}],"curies":[{"name":"wp","href":"https:\/\/api.w.org\/{rel}","templated":true}]}}