{"id":13950,"date":"2020-06-15T15:10:12","date_gmt":"2020-06-15T14:10:12","guid":{"rendered":"https:\/\/reinosdetaifas.com\/?page_id=13950"},"modified":"2026-03-21T09:46:25","modified_gmt":"2026-03-21T09:46:25","slug":"oferta-alfanje-triple-seleccion-pais","status":"publish","type":"page","link":"https:\/\/reinosdetaifas.com\/es\/oferta-alfanje-triple-seleccion-pais\/","title":{"rendered":"Oferta Alfanje triple selecci\u00f3n de pa\u00eds"},"content":{"rendered":"\n\n  <div class=\"banner has-hover\" id=\"banner-1978254317\">\n          <div class=\"banner-inner fill\">\n        <div class=\"banner-bg fill\" >\n                                                \n                    <\/div>\n\t\t\n        <div class=\"banner-layers container\">\n            <div class=\"fill banner-link\"><\/div>            \n\n   <div id=\"text-box-823991282\" class=\"text-box banner-layer x50 md-x50 lg-x50 y95 md-y95 lg-y85 res-text\">\n              <div data-parallax=\"-1\" data-parallax-fade=\"true\">       <div data-animate=\"none\">           <div class=\"text-box-content text \">\n              \n              <div class=\"text-inner text-center\">\n                  \n\n<h1 class=\"alt-font\">Oferta Alfanje triple<\/h1>\n<h2><span style=\"font-size: 75%;\">Disponible en UK y la UE. <\/span><span style=\"font-size: 75%;\">Env\u00edo gratis a domicilio<\/span><\/h2>\n\n              <\/div>\n           <\/div>\n       <\/div>       <\/div>              \n<style>\n#text-box-823991282 {\n  width: 95%;\n}\n#text-box-823991282 .text-box-content {\n  font-size: 100%;\n}\n@media (min-width:550px) {\n  #text-box-823991282 {\n    width: 100%;\n  }\n}\n@media (min-width:850px) {\n  #text-box-823991282 {\n    width: 84%;\n  }\n}\n<\/style>\n    <\/div>\n \n\n        <\/div>\n      <\/div>\n\n            \n<style>\n#banner-1978254317 {\n  padding-top: 70%;\n  background-color: rgb(255,255,255);\n}\n@media (min-width:550px) {\n  #banner-1978254317 {\n    padding-top: 25%;\n  }\n}\n@media (min-width:850px) {\n  #banner-1978254317 {\n    padding-top: 400px;\n  }\n}\n<\/style>\n  <\/div>\n\n\n<div class=\"container section-title-container\" ><h2 class=\"section-title section-title-center\"><b aria-hidden=\"true\"><\/b><span class=\"section-title-main\" style=\"color:rgb(145, 134, 23);\">Elige tu pa\u00eds de env\u00edo<\/span><b aria-hidden=\"true\"><\/b><\/h2><\/div>\n\n\n\t<section class=\"section hide-for-small\" id=\"section_1638773574\">\n\t\t<div class=\"section-bg fill\" >\n\t\t\t\t\t\t\t\t\t\n\t\t\t\n\n\t\t<\/div>\n\n\t\t\n\n\t\t<div class=\"section-content relative\">\n\t\t\t\n\n<div class=\"row align-middle align-center\"  id=\"row-2127462606\">\n\n\n\t<div id=\"col-446401800\" class=\"col small-12 large-12\"  >\n\t\t\t\t<div class=\"col-inner\"  >\n\t\t\t\n\t\t\t\n\n<p style=\"text-align: justify;\">Encuentra la informaci\u00f3n de la oferta alfanje triple seleccionando tu pa\u00eds de env\u00edo. Enviamos a Reino Unido y la Uni\u00f3n Europea.<\/p>\n\n\t\t<\/div>\n\t\t\t\t\t<\/div>\n\n\t\n\n\t<div id=\"col-626929965\" class=\"col medium-2 small-12 large-2\"  >\n\t\t\t\t<div class=\"col-inner\"  >\n\t\t\t\n\t\t\t\n\n<p style=\"text-align: center;\"><a class=\"button white\" href=\"https:\/\/reinosdetaifas.com\/eu\/es\/alfanje-triple-ue\/\">Alemania<\/a><\/p>\n<p style=\"text-align: center;\"><a class=\"button white\" href=\"https:\/\/reinosdetaifas.com\/eu\/es\/alfanje-triple-ue\/\">Austria<\/a><\/p>\n<p style=\"text-align: center;\"><a class=\"button white\" href=\"https:\/\/reinosdetaifas.com\/eu\/es\/alfanje-triple-ue\/\">B\u00e9lgica<\/a><\/p>\n<p style=\"text-align: center;\"><a class=\"button white\" href=\"https:\/\/reinosdetaifas.com\/eu\/es\/alfanje-triple-europa\/\">Croacia<\/a><\/p>\n<p style=\"text-align: center;\"><a class=\"button white\" href=\"https:\/\/reinosdetaifas.com\/eu\/es\/alfanje-triple-ue\/\">Chequia<\/a><\/p>\n<p style=\"text-align: center;\"><a class=\"button white\" href=\"https:\/\/reinosdetaifas.com\/eu\/es\/alfanje-triple-europa\/\">Dinamarca<\/a><\/p>\n<p style=\"text-align: center;\"><a class=\"button white\" href=\"https:\/\/reinosdetaifas.com\/eu\/es\/alfanje-triple-europa\/\">Eslovaquia<\/a><\/p>\n\n\t\t<\/div>\n\t\t\t\t\t<\/div>\n\n\t\n\n\t<div id=\"col-418898476\" class=\"col medium-2 small-12 large-2\"  >\n\t\t\t\t<div class=\"col-inner\"  >\n\t\t\t\n\t\t\t\n\n<p style=\"text-align: center;\"><a class=\"button white\" href=\"https:\/\/reinosdetaifas.com\/eu\/es\/alfanje-triple-europa\/\">Eslovenia<\/a><\/p>\n<p style=\"text-align: center;\"><a class=\"button white\" href=\"https:\/\/reinosdetaifas.com\/eu\/es\/alfanje-triple-espana\/\">Espa\u00f1a<\/a><\/p>\n<p style=\"text-align: center;\"><a class=\"button white\" href=\"https:\/\/reinosdetaifas.com\/eu\/es\/alfanje-triple-europa\/\">Estonia<\/a><\/p>\n<p style=\"text-align: center;\"><a class=\"button white\" href=\"https:\/\/reinosdetaifas.com\/eu\/es\/alfanje-triple-europa\/\">Finlandia<\/a><\/p>\n<p style=\"text-align: center;\"><a class=\"button white\" href=\"https:\/\/reinosdetaifas.com\/eu\/es\/alfanje-triple-ue\/\">Francia<\/a><\/p>\n<p style=\"text-align: center;\"><a class=\"button white\" href=\"https:\/\/reinosdetaifas.com\/eu\/es\/alfanje-triple-europa\/\">Hungr\u00eda<\/a><\/p>\n<p style=\"text-align: center;\"><a class=\"button white\" href=\"https:\/\/reinosdetaifas.com\/eu\/es\/alfanje-triple-ue\/\">Irlanda<\/a><\/p>\n\n\t\t<\/div>\n\t\t\t\t\t<\/div>\n\n\t\n\n\t<div id=\"col-460888043\" class=\"col medium-3 small-12 large-3\"  >\n\t\t\t\t<div class=\"col-inner\"  >\n\t\t\t\n\t\t\t\n\n<p style=\"text-align: center;\"><a class=\"button white\" href=\"https:\/\/reinosdetaifas.com\/eu\/es\/alfanje-triple-europa\/\">Lituania<\/a><\/p>\n<p style=\"text-align: center;\"><a class=\"button white\" href=\"https:\/\/reinosdetaifas.com\/eu\/es\/alfanje-triple-ue\/\">Luxemburgo<\/a><\/p>\n<p style=\"text-align: center;\"><a class=\"button white\" href=\"https:\/\/reinosdetaifas.com\/eu\/es\/alfanje-triple-ue\/\">Pa\u00edses Bajos<\/a><\/p>\n<p style=\"text-align: center;\"><a class=\"button white\" href=\"https:\/\/reinosdetaifas.com\/eu\/es\/alfanje-triple-ue\/\">Polonia<\/a><\/p>\n<p style=\"text-align: center;\"><a class=\"button white\" href=\"https:\/\/reinosdetaifas.com\/eu\/es\/alfanje-triple-espana\/\">Portugal<\/a><\/p>\n<p style=\"text-align: center;\"><a class=\"button white\" href=\"https:\/\/reinosdetaifas.com\/eu\/es\/alfanje-triple-europa\/\">Suecia<\/a><\/p>\n<p style=\"text-align: center;\"><a class=\"button white\" href=\"https:\/\/reinosdetaifas.com\/uk\/es\/oferta-alfanje-triple-reino-unido\/\">Reino Unido<\/a><\/p>\n\n\t\t<\/div>\n\t\t\t\t\t<\/div>\n\n\t\n\n\t<div id=\"col-935555822\" class=\"col medium-5 small-12 large-5\"  >\n\t\t\t\t<div class=\"col-inner\"  >\n\t\t\t\n\t\t\t\n\n\t<div class=\"img has-hover x md-x lg-x y md-y lg-y\" id=\"image_214296262\">\n\t\t\t\t\t\t\t\t<div class=\"img-inner image-cover dark\" style=\"padding-top:100%;\">\n\t\t\t<img loading=\"lazy\" decoding=\"async\" width=\"710\" height=\"710\" src=\"https:\/\/reinosdetaifas.com\/wp-content\/uploads\/2025\/04\/mobileversionoliveoil5l.1200x1200.webp\" class=\"attachment-medium_large size-medium_large\" alt=\"olive oil 5 litres, spanish olive oil, extra virgin olive oil, bulk olive oil\" srcset=\"https:\/\/reinosdetaifas.com\/wp-content\/uploads\/2025\/04\/mobileversionoliveoil5l.1200x1200.webp 710w, https:\/\/reinosdetaifas.com\/wp-content\/uploads\/2025\/04\/mobileversionoliveoil5l.1200x1200-300x300.webp 300w, https:\/\/reinosdetaifas.com\/wp-content\/uploads\/2025\/04\/mobileversionoliveoil5l.1200x1200-150x150.webp 150w\" sizes=\"auto, (max-width: 710px) 100vw, 710px\" title=\"\">\t\t\t\t\t\t\n\t\t\t\t\t<\/div>\n\t\t\t\t\t\t\t\t\n<style>\n#image_214296262 {\n  width: 100%;\n}\n<\/style>\n\t<\/div>\n\t\n\n\n\t\t<\/div>\n\t\t\t\t\t<\/div>\n\n\t\n\n<\/div>\n\n\t\t<\/div>\n\n\t\t\n<style>\n#section_1638773574 {\n  padding-top: 30px;\n  padding-bottom: 30px;\n}\n<\/style>\n\t<\/section>\n\t\n\n\t<section class=\"section show-for-small\" id=\"section_345624879\">\n\t\t<div class=\"section-bg fill\" >\n\t\t\t\t\t\t\t\t\t\n\t\t\t\n\n\t\t<\/div>\n\n\t\t\n\n\t\t<div class=\"section-content relative\">\n\t\t\t\n\n<div class=\"row align-center\"  id=\"row-1999563308\">\n\n\n\t<div id=\"col-1923773982\" class=\"col small-12 large-12\"  >\n\t\t\t\t<div class=\"col-inner\"  >\n\t\t\t\n\t\t\t\n\n<p style=\"text-align: justify;\">Encuentra la informaci\u00f3n de la oferta alfanje triple seleccionando tu pa\u00eds de env\u00edo. Enviamos a Reino Unido y la Uni\u00f3n Europea.<\/p>\n\n\t\t<\/div>\n\t\t\t\t\t<\/div>\n\n\t\n\n\t<div id=\"col-680320279\" class=\"col medium-4 small-11 large-4\"  >\n\t\t\t\t<div class=\"col-inner\"  >\n\t\t\t\n\t\t\t\n\n\t<div class=\"img has-hover x md-x lg-x y md-y lg-y\" id=\"image_683016778\">\n\t\t\t\t\t\t\t\t<div class=\"img-inner image-cover dark\" style=\"padding-top:100%;\">\n\t\t\t<img loading=\"lazy\" decoding=\"async\" width=\"710\" height=\"710\" src=\"https:\/\/reinosdetaifas.com\/wp-content\/uploads\/2025\/04\/mobileversionoliveoil5l.1200x1200.webp\" class=\"attachment-medium_large size-medium_large\" alt=\"olive oil 5 litres, spanish olive oil, extra virgin olive oil, bulk olive oil\" srcset=\"https:\/\/reinosdetaifas.com\/wp-content\/uploads\/2025\/04\/mobileversionoliveoil5l.1200x1200.webp 710w, https:\/\/reinosdetaifas.com\/wp-content\/uploads\/2025\/04\/mobileversionoliveoil5l.1200x1200-300x300.webp 300w, https:\/\/reinosdetaifas.com\/wp-content\/uploads\/2025\/04\/mobileversionoliveoil5l.1200x1200-150x150.webp 150w\" sizes=\"auto, (max-width: 710px) 100vw, 710px\" title=\"\">\t\t\t\t\t\t\n\t\t\t\t\t<\/div>\n\t\t\t\t\t\t\t\t\n<style>\n#image_683016778 {\n  width: 100%;\n}\n<\/style>\n\t<\/div>\n\t\n\n\n\t\t<\/div>\n\t\t\t\t\t<\/div>\n\n\t\n\n\t<div id=\"col-616046239\" class=\"col medium-3 small-6 large-3\"  >\n\t\t\t\t<div class=\"col-inner text-left\"  >\n\t\t\t\n\t\t\t\n\n<p style=\"text-align: center;\"><a class=\"button primary white\" href=\"https:\/\/reinosdetaifas.com\/eu\/es\/alfanje-triple-ue\/\">Alemania<\/a><\/p>\n<p style=\"text-align: center;\"><a class=\"button white\" href=\"https:\/\/reinosdetaifas.com\/eu\/es\/alfanje-triple-ue\/\">Austria<\/a><\/p>\n<p style=\"text-align: center;\"><a class=\"button secondary white\" href=\"https:\/\/reinosdetaifas.com\/eu\/es\/alfanje-triple-ue\/\">B\u00e9lgica<\/a><\/p>\n<p style=\"text-align: center;\"><a class=\"button alert white\" href=\"https:\/\/reinosdetaifas.com\/eu\/es\/alfanje-triple-europa\/\">Croacia<\/a><\/p>\n<p style=\"text-align: center;\"><a class=\"button white\" href=\"https:\/\/reinosdetaifas.com\/eu\/es\/alfanje-triple-ue\/\">Chequia<\/a><\/p>\n<p style=\"text-align: center;\"><a class=\"button white\" href=\"https:\/\/reinosdetaifas.com\/eu\/es\/alfanje-triple-europa\/\">Dinamarca<\/a><\/p>\n<p style=\"text-align: center;\"><a class=\"button white\" href=\"https:\/\/reinosdetaifas.com\/eu\/es\/alfanje-triple-europa\/\">Eslovaquia<\/a><\/p>\n<p style=\"text-align: center;\"><a class=\"button secondary white\" href=\"https:\/\/reinosdetaifas.com\/eu\/es\/alfanje-triple-europa\/\">Eslovenia<\/a><\/p>\n<p style=\"text-align: center;\"><a class=\"button white\" href=\"https:\/\/reinosdetaifas.com\/eu\/es\/alfanje-triple-espana\/\">Espa\u00f1a<\/a><\/p>\n<p style=\"text-align: center;\"><a class=\"button primary white\" href=\"https:\/\/reinosdetaifas.com\/eu\/es\/alfanje-triple-europa\/\">Estonia<\/a><\/p>\n<p style=\"text-align: center;\"><a class=\"button white\" href=\"https:\/\/reinosdetaifas.com\/eu\/es\/alfanje-triple-europa\/\">Finlandia<\/a><\/p>\n\n\t\t<\/div>\n\t\t\t\t\t<\/div>\n\n\t\n\n\t<div id=\"col-1860285787\" class=\"col medium-3 small-6 large-3\"  >\n\t\t\t\t<div class=\"col-inner text-left\"  >\n\t\t\t\n\t\t\t\n\n<p style=\"text-align: center;\"><a class=\"button white\" href=\"https:\/\/reinosdetaifas.com\/eu\/es\/alfanje-triple-ue\/\">Francia<\/a><\/p>\n<p style=\"text-align: center;\"><a class=\"button white\" href=\"https:\/\/reinosdetaifas.com\/eu\/es\/alfanje-triple-europa\/\">Hungr\u00eda<\/a><\/p>\n<p style=\"text-align: center;\"><a class=\"button white\" href=\"https:\/\/reinosdetaifas.com\/eu\/es\/alfanje-triple-ue\/\">Irlanda<\/a><\/p>\n<p style=\"text-align: center;\"><a class=\"button white\" href=\"https:\/\/reinosdetaifas.com\/eu\/es\/alfanje-triple-europa\/\">Lituania<\/a><\/p>\n<p style=\"text-align: center;\"><a class=\"button white\" href=\"https:\/\/reinosdetaifas.com\/eu\/es\/alfanje-triple-ue\/\">Luxemburgo<\/a><\/p>\n<p style=\"text-align: center;\"><a class=\"button white\" href=\"https:\/\/reinosdetaifas.com\/eu\/es\/alfanje-triple-ue\/\">Pa\u00edses Bajos<\/a><\/p>\n<p style=\"text-align: center;\"><a class=\"button white\" href=\"https:\/\/reinosdetaifas.com\/eu\/es\/alfanje-triple-ue\/\">Polonia<\/a><\/p>\n<p style=\"text-align: center;\"><a class=\"button white\" href=\"https:\/\/reinosdetaifas.com\/eu\/es\/alfanje-triple-espana\/\">Portugal<\/a><\/p>\n<p style=\"text-align: center;\"><a class=\"button white\" href=\"https:\/\/reinosdetaifas.com\/eu\/es\/alfanje-triple-europa\/\">Suecia<\/a><\/p>\n<p style=\"text-align: center;\"><a class=\"button white\" href=\"https:\/\/reinosdetaifas.com\/uk\/es\/oferta-alfanje-triple-reino-unido\/\">Reino Unido<\/a><\/p>\n\n\t\t<\/div>\n\t\t\t\t\t<\/div>\n\n\t\n\n<\/div>\n\n\t\t<\/div>\n\n\t\t\n<style>\n#section_345624879 {\n  padding-top: 0px;\n  padding-bottom: 0px;\n}\n@media (min-width:550px) {\n  #section_345624879 {\n    padding-top: 30px;\n    padding-bottom: 30px;\n  }\n}\n<\/style>\n\t<\/section>\n\t\n\n\t<section class=\"section\" id=\"section_263519225\">\n\t\t<div class=\"section-bg fill\" >\n\t\t\t\t\t\t\t\t\t\n\t\t\t\n\n\t\t<\/div>\n\n\t\t\n\n\t\t<div class=\"section-content relative\">\n\t\t\t\n\n<div class=\"row align-center\"  id=\"row-1061661047\">\n\n\n\t<div id=\"col-1198234439\" class=\"col medium-4 small-10 large-4\"  >\n\t\t\t\t<div class=\"col-inner\"  >\n\t\t\t\n\t\t\t\n\n\n\t\t<div class=\"icon-box featured-box icon-box-center text-center\"  style=\"margin:px px px px;\">\n\t\t\t\t\t<div class=\"icon-box-img has-icon-bg\" style=\"width: 60px\">\n\t\t\t\t<div class=\"icon\">\n\t\t\t\t\t<div class=\"icon-inner\" style=\"border-width:1px;\">\n\t\t\t\t\t\t<?xml version=\"1.0\" encoding=\"utf-8\"?>\r\n<!-- Generator: Adobe Illustrator 16.0.0, SVG Export Plug-In . SVG Version: 6.00 Build 0)  -->\r\n<!DOCTYPE svg PUBLIC \"-\/\/W3C\/\/DTD SVG 1.1\/\/EN\" \"http:\/\/www.w3.org\/Graphics\/SVG\/1.1\/DTD\/svg11.dtd\">\r\n<svg version=\"1.1\" xmlns=\"http:\/\/www.w3.org\/2000\/svg\" xmlns:xlink=\"http:\/\/www.w3.org\/1999\/xlink\" x=\"0px\" y=\"0px\" width=\"24px\"\r\n\t height=\"24px\" viewBox=\"0 0 24 24\" enable-background=\"new 0 0 24 24\" xml:space=\"preserve\">\r\n<g id=\"Frames-24px\">\r\n\t<rect fill=\"none\" width=\"24\" height=\"24\"\/>\r\n<\/g>\r\n<g id=\"Outline\">\r\n\t<path fill=\"#757575\" d=\"M20.821,3.18c-0.761-0.76-1.771-1.178-2.847-1.178c-1.074,0-2.086,0.418-2.846,1.179L3.72,14.59\r\n\t\tc-0.128,0.128-0.22,0.289-0.263,0.464l-1.427,5.705c-0.084,0.34,0.016,0.702,0.264,0.948c0.247,0.249,0.608,0.349,0.949,0.264\r\n\t\tl5.705-1.427c0.175-0.043,0.336-0.135,0.464-0.263L20.82,8.872c0.76-0.76,1.178-1.772,1.179-2.846c0-1.076-0.418-2.087-1.179-2.847\r\n\t\tL20.821,3.18z M9.077,16.338l7.471-7.471l0.727,0.725l-7.955,7.955L9.077,16.338z M7.663,14.923l-1.209-0.241l7.956-7.955\r\n\t\tl0.725,0.726L7.663,14.923z M5.166,16.464l1.976,0.395l0.396,1.977l-3.163,0.791L5.166,16.464z M15.823,5.313l0.72-0.718\r\n\t\tc0.766-0.764,2.1-0.764,2.864,0l-0.002-0.001c0.765,0.765,0.765,2.099,0,2.864l-0.718,0.72L15.823,5.313z\"\/>\r\n<\/g>\r\n<\/svg>\r\n\t\t\t\t\t<\/div>\n\t\t\t\t<\/div>\n\t\t\t<\/div>\n\t\t\t\t<div class=\"icon-box-text last-reset\">\n\t\t\t<h5 class=\"uppercase\">Lista prioritaria<\/h5>\t\t\t\t\t\t\n\n<p>Accede primero a nuestra mejor oferta. Ent\u00e9rate antes y ahorra.<\/p>\n\n\t\t<\/div>\n\t<\/div>\n\t\n\t\n\n\t\t<\/div>\n\t\t\t\t\t<\/div>\n\n\t\n\n\t<div id=\"col-1999036936\" class=\"col medium-4 small-10 large-4\"  >\n\t\t\t\t<div class=\"col-inner\"  >\n\t\t\t\n\t\t\t\n\n\n\t\t<div class=\"icon-box featured-box icon-box-center text-center\"  style=\"margin:px px px px;\">\n\t\t\t\t\t<div class=\"icon-box-img has-icon-bg\" style=\"width: 60px\">\n\t\t\t\t<div class=\"icon\">\n\t\t\t\t\t<div class=\"icon-inner\" style=\"border-width:1px;\">\n\t\t\t\t\t\t<?xml version=\"1.0\" encoding=\"utf-8\"?>\r\n<!-- Generator: Adobe Illustrator 16.0.0, SVG Export Plug-In . SVG Version: 6.00 Build 0)  -->\r\n<!DOCTYPE svg PUBLIC \"-\/\/W3C\/\/DTD SVG 1.1\/\/EN\" \"http:\/\/www.w3.org\/Graphics\/SVG\/1.1\/DTD\/svg11.dtd\">\r\n<svg version=\"1.1\" xmlns=\"http:\/\/www.w3.org\/2000\/svg\" xmlns:xlink=\"http:\/\/www.w3.org\/1999\/xlink\" x=\"0px\" y=\"0px\" width=\"24px\"\r\n\t height=\"24px\" viewBox=\"0 0 24 24\" enable-background=\"new 0 0 24 24\" xml:space=\"preserve\">\r\n<g id=\"Frames-24px\">\r\n\t<rect fill=\"none\" width=\"24\" height=\"24\"\/>\r\n<\/g>\r\n<g id=\"Outline\">\r\n\t<g>\r\n\t\t<path fill=\"#757575\" d=\"M20,11H4c-1.103,0-2,0.898-2,2v9c0,1.103,0.897,2,2,2h16c1.103,0,2-0.897,2-2v-9\r\n\t\t\tC22,11.898,21.103,11,20,11z M18.113,13L12,16.821L5.887,13H18.113z M4,22v-7.821l7.47,4.669C11.632,18.949,11.816,19,12,19\r\n\t\t\ts0.368-0.051,0.53-0.152L20,14.179L20.001,22H4z\"\/>\r\n\t\t<polygon fill=\"#757575\" points=\"16.707,4.707 15.293,3.293 13,5.586 13,1 11,1 11,5.586 8.707,3.293 7.293,4.707 12,9.415 \t\t\"\/>\r\n\t<\/g>\r\n<\/g>\r\n<\/svg>\r\n\t\t\t\t\t<\/div>\n\t\t\t\t<\/div>\n\t\t\t<\/div>\n\t\t\t\t<div class=\"icon-box-text last-reset\">\n\t\t\t<h5 class=\"uppercase\">Te avisamos<\/h5>\t\t\t\t\t\t\n\n<p>Rel\u00e1jate y descansa. Recibe un email cuando la oferta est\u00e1 disponible.<\/p>\n\n\t\t<\/div>\n\t<\/div>\n\t\n\t\n\n\t\t<\/div>\n\t\t\t\t\t<\/div>\n\n\t\n\n\t<div id=\"col-1340030596\" class=\"col medium-4 small-10 large-4\"  >\n\t\t\t\t<div class=\"col-inner\"  >\n\t\t\t\n\t\t\t\n\n\n\t\t<div class=\"icon-box featured-box icon-box-center text-center\"  style=\"margin:px px px px;\">\n\t\t\t\t\t<div class=\"icon-box-img has-icon-bg\" style=\"width: 60px\">\n\t\t\t\t<div class=\"icon\">\n\t\t\t\t\t<div class=\"icon-inner\" style=\"border-width:1px;\">\n\t\t\t\t\t\t<?xml version=\"1.0\" encoding=\"utf-8\"?>\r\n<!-- Generator: Adobe Illustrator 16.0.0, SVG Export Plug-In . SVG Version: 6.00 Build 0)  -->\r\n<!DOCTYPE svg PUBLIC \"-\/\/W3C\/\/DTD SVG 1.1\/\/EN\" \"http:\/\/www.w3.org\/Graphics\/SVG\/1.1\/DTD\/svg11.dtd\">\r\n<svg version=\"1.1\" xmlns=\"http:\/\/www.w3.org\/2000\/svg\" xmlns:xlink=\"http:\/\/www.w3.org\/1999\/xlink\" x=\"0px\" y=\"0px\" width=\"24px\"\r\n\t height=\"24px\" viewBox=\"0 0 24 24\" enable-background=\"new 0 0 24 24\" xml:space=\"preserve\">\r\n<g id=\"Frames-24px\">\r\n\t<rect fill=\"none\" width=\"24\" height=\"24\"\/>\r\n<\/g>\r\n<g id=\"Solid\">\r\n\t<g>\r\n\t\t<path fill=\"#757575\" d=\"M17,13H7c-0.552,0-1,0.448-1,1c0,2.617,2.86,5,6,5s6-2.383,6-5C18,13.448,17.552,13,17,13z M12,17\r\n\t\t\tc-1.636,0-3.094-0.951-3.701-2h7.411C15.119,16.052,13.684,17,12,17z\"\/>\r\n\t\t<path fill=\"#757575\" d=\"M12,2C6.486,2,2,6.486,2,12c0,5.515,4.486,10,10,10s10-4.485,10-10C22,6.486,17.514,2,12,2z M12,20\r\n\t\t\tc-4.411,0-8-3.589-8-8s3.589-8,8-8s8,3.589,8,8S16.411,20,12,20z\"\/>\r\n\t\t<rect x=\"8\" y=\"7\" fill=\"#757575\" width=\"2\" height=\"4\"\/>\r\n\t\t<rect x=\"14\" y=\"7\" fill=\"#757575\" width=\"2\" height=\"4\"\/>\r\n\t<\/g>\r\n<\/g>\r\n<\/svg>\r\n\t\t\t\t\t<\/div>\n\t\t\t\t<\/div>\n\t\t\t<\/div>\n\t\t\t\t<div class=\"icon-box-text last-reset\">\n\t\t\t<h5 class=\"uppercase\">Disfruta la oferta<\/h5>\t\t\t\t\t\t\n\n<p>Usa el cup\u00f3n en nuestra tienda online. Es f\u00e1cil y podemos ayudarte.<\/p>\n\n\t\t<\/div>\n\t<\/div>\n\t\n\t\n\n\t\t<\/div>\n\t\t\t\t\t<\/div>\n\n\t\n\n<\/div>\n\n\t\t<\/div>\n\n\t\t\n<style>\n#section_263519225 {\n  padding-top: 0px;\n  padding-bottom: 0px;\n}\n@media (min-width:550px) {\n  #section_263519225 {\n    padding-top: 30px;\n    padding-bottom: 30px;\n  }\n}\n<\/style>\n\t<\/section>\n\t\n\n","protected":false},"excerpt":{"rendered":"","protected":false},"author":14,"featured_media":12727,"parent":0,"menu_order":0,"comment_status":"closed","ping_status":"closed","template":"","meta":{"footnotes":""},"class_list":["post-13950","page","type-page","status-publish","has-post-thumbnail","hentry"],"_links":{"self":[{"href":"https:\/\/reinosdetaifas.com\/es\/wp-json\/wp\/v2\/pages\/13950","targetHints":{"allow":["GET"]}}],"collection":[{"href":"https:\/\/reinosdetaifas.com\/es\/wp-json\/wp\/v2\/pages"}],"about":[{"href":"https:\/\/reinosdetaifas.com\/es\/wp-json\/wp\/v2\/types\/page"}],"author":[{"embeddable":true,"href":"https:\/\/reinosdetaifas.com\/es\/wp-json\/wp\/v2\/users\/14"}],"replies":[{"embeddable":true,"href":"https:\/\/reinosdetaifas.com\/es\/wp-json\/wp\/v2\/comments?post=13950"}],"version-history":[{"count":180,"href":"https:\/\/reinosdetaifas.com\/es\/wp-json\/wp\/v2\/pages\/13950\/revisions"}],"predecessor-version":[{"id":39534,"href":"https:\/\/reinosdetaifas.com\/es\/wp-json\/wp\/v2\/pages\/13950\/revisions\/39534"}],"wp:featuredmedia":[{"embeddable":true,"href":"https:\/\/reinosdetaifas.com\/es\/wp-json\/wp\/v2\/media\/12727"}],"wp:attachment":[{"href":"https:\/\/reinosdetaifas.com\/es\/wp-json\/wp\/v2\/media?parent=13950"}],"curies":[{"name":"wp","href":"https:\/\/api.w.org\/{rel}","templated":true}]}}