{"id":1112,"date":"2016-11-15T17:52:29","date_gmt":"2016-11-15T17:52:29","guid":{"rendered":"http:\/\/wp.reinosdetaifas.com\/es\/?page_id=1112"},"modified":"2025-05-21T16:31:54","modified_gmt":"2025-05-21T15:31:54","slug":"terminos-y-condiciones","status":"publish","type":"page","link":"https:\/\/reinosdetaifas.com\/es\/terminos-y-condiciones\/","title":{"rendered":"T\u00e9rminos y Condiciones Reinos de Taifas"},"content":{"rendered":"\n\n  <div class=\"banner has-hover\" id=\"banner-368037713\">\n          <div class=\"banner-inner fill\">\n        <div class=\"banner-bg fill\" >\n                                                \n                    <\/div>\n\t\t\n        <div class=\"banner-layers container\">\n            <div class=\"fill banner-link\"><\/div>            \n\n   <div id=\"text-box-396456150\" class=\"text-box banner-layer x50 md-x50 lg-x50 y95 md-y85 lg-y85 res-text\">\n                                <div class=\"text-box-content text \">\n              \n              <div class=\"text-inner text-center\">\n                  \n\n<div>\n<h1 style=\"text-align: center;\">T\u00e9rminos y Condiciones<\/h1>\n<\/div>\n\n              <\/div>\n           <\/div>\n                            \n<style>\n#text-box-396456150 {\n  width: 90%;\n}\n#text-box-396456150 .text-box-content {\n  font-size: 100%;\n}\n<\/style>\n    <\/div>\n \n\n        <\/div>\n      <\/div>\n\n            \n<style>\n#banner-368037713 {\n  padding-top: 177px;\n  background-color: rgb(255,255,255);\n}\n@media (min-width:550px) {\n  #banner-368037713 {\n    padding-top: 178px;\n  }\n}\n<\/style>\n  <\/div>\n\n\n\n\t<section class=\"section\" id=\"section_583410738\">\n\t\t<div class=\"section-bg fill\" >\n\t\t\t\t\t\t\t\t\t\n\t\t\t\n\n\t\t<\/div>\n\n\t\t\n\n\t\t<div class=\"section-content relative\">\n\t\t\t\n\n<div class=\"row align-center\"  id=\"row-1680084411\">\n\n\n\t<div id=\"col-1255176785\" class=\"col medium-11 small-10 large-11\"  >\n\t\t\t\t<div class=\"col-inner\"  >\n\t\t\t\n\t\t\t\n\n<h2 class=\"\" style=\"text-align: justify;\" data-start=\"3003\" data-end=\"3058\"><strong data-start=\"3011\" data-end=\"3056\">T\u00e9rminos y Condiciones (Reino Unido y UE)<\/strong><\/h2>\n<p class=\"\" style=\"text-align: justify;\" data-start=\"3059\" data-end=\"3106\"><strong>Fecha de entrada en vigor: [30\/03\/2015]<\/strong><\/p>\n<p class=\"\" style=\"text-align: justify;\" data-start=\"3108\" data-end=\"3466\">Bienvenido a <strong data-start=\"3121\" data-end=\"3141\">Reinos de Taifas<\/strong>. Estos T\u00e9rminos y Condiciones regulan el uso de nuestro sitio web y se aplican a todos los pedidos realizados a trav\u00e9s de nuestra tienda online en <a class=\"\" href=\"http:\/\/www.reinosdetaifas.com\/\" target=\"_new\" rel=\"noopener\" data-start=\"3289\" data-end=\"3344\">www.reinosdetaifas.com<\/a>, con env\u00edos al <strong data-start=\"3360\" data-end=\"3394\">Reino Unido y la Uni\u00f3n Europea<\/strong>.<br data-start=\"3395\" data-end=\"3398\" \/>Al utilizar nuestro sitio o hacer un pedido, aceptas estos t\u00e9rminos.<\/p>\n<h3 style=\"text-align: justify;\" data-start=\"3473\" data-end=\"3505\">\u00a0<\/h3>\n<h3 class=\"\" style=\"text-align: justify;\" data-start=\"3473\" data-end=\"3505\">1. Informaci\u00f3n de la Empresa<\/h3>\n<p class=\"\" style=\"text-align: justify;\" data-start=\"3507\" data-end=\"3641\"><strong data-start=\"3507\" data-end=\"3527\">Reinos de Taifas<\/strong><br data-start=\"3527\" data-end=\"3530\" \/>\ud83d\udce7 Correo: <a class=\"cursor-pointer\" rel=\"noopener\" data-start=\"3541\" data-end=\"3564\">info@reinosdetaifas.com<\/a><\/p>\n<h3 class=\"\" style=\"text-align: justify;\" data-start=\"3648\" data-end=\"3670\">2. Pedidos y Pagos<\/h3>\n<ul style=\"text-align: justify;\" data-start=\"3672\" data-end=\"3902\">\n<li class=\"\" data-start=\"3672\" data-end=\"3789\">\n<p class=\"\" data-start=\"3674\" data-end=\"3789\">Los precios est\u00e1n en libras esterlinas (GBP). Los clientes de la UE pueden ver precios con o sin IVA seg\u00fan su pa\u00eds.<\/p>\n<\/li>\n<li class=\"\" data-start=\"3790\" data-end=\"3833\">\n<p class=\"\" data-start=\"3792\" data-end=\"3833\">El pago debe completarse antes del env\u00edo.<\/p>\n<\/li>\n<li class=\"\" data-start=\"3834\" data-end=\"3902\">\n<p class=\"\" data-start=\"3836\" data-end=\"3902\">Nos reservamos el derecho de cancelar o rechazar cualquier pedido.<\/p>\n<\/li>\n<\/ul>\n<h3 style=\"text-align: left;\" data-start=\"3909\" data-end=\"3941\">\u00a0<\/h3>\n<h3 class=\"\" style=\"text-align: justify;\" data-start=\"3909\" data-end=\"3941\">3. Env\u00edos (Reino Unido y UE)<\/h3>\n<ul style=\"text-align: justify;\" data-start=\"3943\" data-end=\"4133\">\n<li class=\"\" data-start=\"3943\" data-end=\"4049\">\n<div><strong>REINO UNIDO<\/strong>: Env\u00edo gratuito para pedidos superiores a un determinado importe.<\/div>\n<div>\u00a0<\/div>\n<\/li>\n<li class=\"\" data-start=\"3943\" data-end=\"4049\">\n<div><strong>UE<\/strong>: Env\u00edo gratuito para pedidos superiores a un importe determinado.<\/div>\n<\/li>\n<\/ul>\n<div style=\"text-align: justify;\"><strong>Aduanas y aranceles (UE):<\/strong><\/div>\n<div style=\"text-align: justify;\">\u00a0<\/div>\n<ul style=\"text-align: justify;\">\n<li>Es posible que se aplique el IVA de importaci\u00f3n o tasas aduaneras. Estos gastos corren a cargo del comprador, a menos que se indique lo contrario.<\/li>\n<\/ul>\n<div style=\"text-align: justify;\">\u00a0<\/div>\n<div style=\"text-align: justify;\">Si no se encuentra en casa cuando el servicio de mensajer\u00eda intente realizar la entrega, le dar\u00e1n instrucciones sobre c\u00f3mo proceder. No nos hacemos responsables de los gastos adicionales en los que pueda incurrir si no est\u00e1 en casa el d\u00eda de la entrega (por ejemplo, gastos de transporte hasta el almac\u00e9n del mensajero para recoger el paquete).<\/div>\n<div style=\"text-align: justify;\">\u00a0<\/div>\n<div style=\"text-align: justify;\">Los precios de los servicios de mensajer\u00eda no incluyen las Highlands\/Islas Brit\u00e1nicas ni los recargos por combustible.<\/div>\n<h3 style=\"text-align: justify;\" data-start=\"4284\" data-end=\"4316\">\u00a0<\/h3>\n<h3 class=\"\" style=\"text-align: justify;\" data-start=\"4284\" data-end=\"4316\">4. Devoluciones y Reembolsos<\/h3>\n<p class=\"\" style=\"text-align: justify;\" data-start=\"4318\" data-end=\"4473\"><strong data-start=\"4318\" data-end=\"4342\">Plazo de devoluci\u00f3n:<\/strong> 28 d\u00edas desde la entrega.<br data-start=\"4368\" data-end=\"4371\" \/><strong data-start=\"4371\" data-end=\"4387\">Condiciones:<\/strong> El producto debe estar sin usar, en su embalaje original y con comprobante de compra.<\/p>\n<p class=\"\" style=\"text-align: justify;\" data-start=\"4475\" data-end=\"4689\"><strong data-start=\"4475\" data-end=\"4509\">Derecho de desistimiento (UE):<\/strong><br data-start=\"4509\" data-end=\"4512\" \/>Clientes de la UE tienen 14 d\u00edas para cancelar sin necesidad de justificar. Notif\u00edcalo por email y devuelve el producto en un plazo de 14 d\u00edas (los gastos corren por tu cuenta).<\/p>\n<p class=\"\" style=\"text-align: justify;\" data-start=\"4691\" data-end=\"4781\"><strong data-start=\"4691\" data-end=\"4706\">Reembolsos:<\/strong> Se procesan en el m\u00e9todo de pago original tras la inspecci\u00f3n del producto.<\/p>\n<h3 style=\"text-align: justify;\" data-start=\"4788\" data-end=\"4802\">\u00a0<\/h3>\n<h3 class=\"\" style=\"text-align: justify;\" data-start=\"4788\" data-end=\"4802\">5. Cambios<\/h3>\n<p class=\"\" style=\"text-align: justify;\" data-start=\"4804\" data-end=\"4902\">Solo aceptamos cambios por productos defectuosos o da\u00f1ados. Escr\u00edbenos por email para gestionarlo.<\/p>\n<h3 style=\"text-align: justify;\" data-start=\"4909\" data-end=\"4923\">\u00a0<\/h3>\n<h3 class=\"\" style=\"text-align: justify;\" data-start=\"4909\" data-end=\"4923\">6. Regalos<\/h3>\n<p class=\"\" style=\"text-align: justify;\" data-start=\"4925\" data-end=\"5061\">Si el pedido fue marcado como regalo, el reembolso se podr\u00e1 emitir como cr\u00e9dito. Si no, el reembolso se realizar\u00e1 al comprador original.<\/p>\n<h3 style=\"text-align: justify;\" data-start=\"5068\" data-end=\"5096\">\u00a0<\/h3>\n<h3 class=\"\" style=\"text-align: justify;\" data-start=\"5068\" data-end=\"5096\">7. Env\u00edo de Devoluciones<\/h3>\n<p class=\"\" style=\"text-align: justify;\" data-start=\"5100\" data-end=\"5162\">Env\u00edenos un correo electr\u00f3nico para recibir la etiqueta de devoluci\u00f3n.<\/p>\n<h3 style=\"text-align: justify;\" data-start=\"5287\" data-end=\"5307\">\u00a0<\/h3>\n<h3 class=\"\" style=\"text-align: justify;\" data-start=\"5287\" data-end=\"5307\">8. Cancelaciones<\/h3>\n<p class=\"\" style=\"text-align: justify;\" data-start=\"5309\" data-end=\"5411\">Los pedidos se pueden cancelar antes del env\u00edo. Escr\u00edbenos lo antes posible a <a class=\"cursor-pointer\" rel=\"noopener\" data-start=\"5387\" data-end=\"5410\">info@reinosdetaifas.com<\/a>.<\/p>\n<h3 style=\"text-align: justify;\" data-start=\"5418\" data-end=\"5446\">\u00a0<\/h3>\n<h3 class=\"\" style=\"text-align: justify;\" data-start=\"5418\" data-end=\"5446\">9. Propiedad Intelectual<\/h3>\n<p class=\"\" style=\"text-align: justify;\" data-start=\"5448\" data-end=\"5554\">Todo el contenido del sitio es propiedad de Reinos de Taifas. No est\u00e1 permitido copiarlo sin autorizaci\u00f3n.<\/p>\n<h3 style=\"text-align: justify;\" data-start=\"5561\" data-end=\"5584\">\u00a0<\/h3>\n<h3 class=\"\" style=\"text-align: justify;\" data-start=\"5561\" data-end=\"5584\">10. Responsabilidad<\/h3>\n<p class=\"\" style=\"text-align: justify;\" data-start=\"5586\" data-end=\"5681\">No somos responsables por da\u00f1os indirectos derivados del uso del sitio o de nuestros productos.<\/p>\n<h3 style=\"text-align: justify;\" data-start=\"5688\" data-end=\"5714\">\u00a0<\/h3>\n<h3 class=\"\" style=\"text-align: justify;\" data-start=\"5688\" data-end=\"5714\">11. Privacidad y Datos<\/h3>\n<p class=\"\" style=\"text-align: justify;\" data-start=\"5716\" data-end=\"5869\">Cumplimos con las leyes de protecci\u00f3n de datos del Reino Unido y la UE (UK GDPR y GDPR UE). Consulta nuestra Pol\u00edtica de Privacidad para m\u00e1s informaci\u00f3n.<\/p>\n<h3 style=\"text-align: justify;\" data-start=\"5876\" data-end=\"5905\">\u00a0<\/h3>\n<h3 class=\"\" style=\"text-align: justify;\" data-start=\"5876\" data-end=\"5905\">12. Legislaci\u00f3n Aplicable<\/h3>\n<ul style=\"text-align: justify;\" data-start=\"5907\" data-end=\"6132\">\n<li class=\"\" data-start=\"5907\" data-end=\"5982\">\n<p class=\"\" data-start=\"5909\" data-end=\"5982\">Clientes del Reino Unido: Se aplica la legislaci\u00f3n de Inglaterra y Gales.<\/p>\n<\/li>\n<li class=\"\" data-start=\"5983\" data-end=\"6132\">\n<p class=\"\" data-start=\"5985\" data-end=\"6132\">Clientes de la UE: Se aplican tambi\u00e9n las leyes locales. Puedes presentar reclamaciones en la <a class=\"\" href=\"https:\/\/ec.europa.eu\/consumers\/odr\" target=\"_new\" rel=\"noopener nofollow\" data-start=\"6079\" data-end=\"6131\">plataforma ODR<\/a>.<\/p>\n<\/li>\n<\/ul>\n<h3 style=\"text-align: justify;\" data-start=\"6139\" data-end=\"6170\">\u00a0<\/h3>\n<h3 class=\"\" style=\"text-align: justify;\" data-start=\"6139\" data-end=\"6170\">13. Cambios en los T\u00e9rminos<\/h3>\n<p class=\"\" style=\"text-align: justify;\" data-start=\"6172\" data-end=\"6278\">Podemos actualizar estos t\u00e9rminos en cualquier momento. El uso continuo implica aceptaci\u00f3n de los cambios.<\/p>\n\n\n\t\t<\/div>\n\t\t\t\t\t<\/div>\n\n\t\n\n<\/div>\n\n\t\t<\/div>\n\n\t\t\n<style>\n#section_583410738 {\n  padding-top: 30px;\n  padding-bottom: 30px;\n}\n<\/style>\n\t<\/section>\n\t\n\n","protected":false},"excerpt":{"rendered":"","protected":false},"author":14,"featured_media":0,"parent":0,"menu_order":0,"comment_status":"closed","ping_status":"closed","template":"","meta":{"footnotes":""},"class_list":["post-1112","page","type-page","status-publish","hentry"],"_links":{"self":[{"href":"https:\/\/reinosdetaifas.com\/es\/wp-json\/wp\/v2\/pages\/1112","targetHints":{"allow":["GET"]}}],"collection":[{"href":"https:\/\/reinosdetaifas.com\/es\/wp-json\/wp\/v2\/pages"}],"about":[{"href":"https:\/\/reinosdetaifas.com\/es\/wp-json\/wp\/v2\/types\/page"}],"author":[{"embeddable":true,"href":"https:\/\/reinosdetaifas.com\/es\/wp-json\/wp\/v2\/users\/14"}],"replies":[{"embeddable":true,"href":"https:\/\/reinosdetaifas.com\/es\/wp-json\/wp\/v2\/comments?post=1112"}],"version-history":[{"count":9,"href":"https:\/\/reinosdetaifas.com\/es\/wp-json\/wp\/v2\/pages\/1112\/revisions"}],"predecessor-version":[{"id":38279,"href":"https:\/\/reinosdetaifas.com\/es\/wp-json\/wp\/v2\/pages\/1112\/revisions\/38279"}],"wp:attachment":[{"href":"https:\/\/reinosdetaifas.com\/es\/wp-json\/wp\/v2\/media?parent=1112"}],"curies":[{"name":"wp","href":"https:\/\/api.w.org\/{rel}","templated":true}]}}